{"id":91,"date":"2021-02-10T17:49:18","date_gmt":"2021-02-10T17:49:18","guid":{"rendered":"https:\/\/www.lgmd-info.org\/?page_id=91"},"modified":"2025-12-11T17:53:44","modified_gmt":"2025-12-11T17:53:44","slug":"about-lgmd-awareness-day","status":"publish","type":"page","link":"https:\/\/www.lgmd-info.org\/es\/awareness-day\/about-lgmd-awareness-day\/","title":{"rendered":"Acerca del D\u00eda de sensibilizaci\u00f3n sobre la LGMD"},"content":{"rendered":"<p><div class=\"fusion-fullwidth fullwidth-box fusion-builder-row-1 fusion-flex-container nonhundred-percent-fullwidth non-hundred-percent-height-scrolling\" style=\"--awb-border-radius-top-left:0px;--awb-border-radius-top-right:0px;--awb-border-radius-bottom-right:0px;--awb-border-radius-bottom-left:0px;--awb-flex-wrap:wrap;\" ><div class=\"fusion-builder-row fusion-row fusion-flex-align-items-flex-start fusion-flex-content-wrap\" style=\"max-width:1456px;margin-left: calc(-4% \/ 2 );margin-right: calc(-4% \/ 2 );\"><div class=\"fusion-layout-column fusion_builder_column fusion-builder-column-0 fusion_builder_column_1_4 1_4 fusion-flex-column\" style=\"--awb-bg-size:cover;--awb-width-large:25%;--awb-margin-top-large:0px;--awb-spacing-right-large:7.68%;--awb-margin-bottom-large:20px;--awb-spacing-left-large:7.68%;--awb-width-medium:100%;--awb-order-medium:0;--awb-spacing-right-medium:1.92%;--awb-spacing-left-medium:1.92%;--awb-width-small:100%;--awb-order-small:0;--awb-spacing-right-small:1.92%;--awb-spacing-left-small:1.92%;\"><div class=\"fusion-column-wrapper fusion-column-has-shadow fusion-flex-justify-content-center fusion-content-layout-row\"><div class=\"fusion-image-element\" style=\"--awb-max-width:250px;--awb-caption-title-font-family:var(--h2_typography-font-family);--awb-caption-title-font-weight:var(--h2_typography-font-weight);--awb-caption-title-font-style:var(--h2_typography-font-style);--awb-caption-title-size:var(--h2_typography-font-size);--awb-caption-title-transform:var(--h2_typography-text-transform);--awb-caption-title-line-height:var(--h2_typography-line-height);--awb-caption-title-letter-spacing:var(--h2_typography-letter-spacing);\"><span class=\"fusion-imageframe imageframe-none imageframe-1 hover-type-none\"><img decoding=\"async\" alt=\"Lgmd Logo 1 Color Update 2\" title=\"Lgmd Logo 1 Color Update 2\" src=\"data:image\/gif;base64,R0lGODlhAQABAAAAACH5BAEKAAEALAAAAAABAAEAAAICTAEAOw==\" data-orig-src=\"https:\/\/www.lgmd-info.org\/wp-content\/uploads\/2023\/10\/LGMD_logo-1-Color-Update-2.jpg\" class=\"lazyload img-responsive wp-image-7616\"\/><\/span><\/div><\/div><\/div><div class=\"fusion-layout-column fusion_builder_column fusion-builder-column-1 fusion_builder_column_3_4 3_4 fusion-flex-column fusion-flex-align-self-stretch\" style=\"--awb-bg-size:cover;--awb-width-large:75%;--awb-margin-top-large:0px;--awb-spacing-right-large:2.56%;--awb-margin-bottom-large:20px;--awb-spacing-left-large:2.56%;--awb-width-medium:100%;--awb-order-medium:2;--awb-spacing-right-medium:1.92%;--awb-margin-bottom-medium:0px;--awb-spacing-left-medium:1.92%;--awb-width-small:100%;--awb-order-small:1;--awb-spacing-right-small:1.92%;--awb-margin-bottom-small:0px;--awb-spacing-left-small:1.92%;\"><div class=\"fusion-column-wrapper fusion-column-has-shadow fusion-flex-justify-content-center fusion-content-layout-column\"><div class=\"fusion-text fusion-text-1\"><p>Limb-Girdle Muscular Dystrophy Awareness Day is an annual collaborative effort to globally raise awareness of individuals living with limb-girdle muscular dystrophy (LGMD). The 12th annual Global \u201cLGMD Awareness Day\u201d will be held on September 30, 2026.<\/p>\n<p>Durante demasiado tiempo, la distrofia muscular de cinturas ha sido una enfermedad rara hu\u00e9rfana que no ha recibido la atenci\u00f3n que merece por parte de los investigadores, los profesionales sanitarios y el p\u00fablico en general. Incluso muchos pacientes que viven con esta enfermedad tienen un conocimiento limitado de su diagn\u00f3stico y del proceso progresivo de la enfermedad.<\/p>\n<p>Nuestro objetivo es llamar la atenci\u00f3n mundial sobre este grupo de enfermedades neuromusculares raras, que pueden afectar a la vida de muchas personas desde la infancia hasta la edad adulta, ya que la LGMD se da en todas las partes del mundo y entre todos los grupos \u00e9tnicos.<\/p>\n<\/div><\/div><\/div><div class=\"fusion-layout-column fusion_builder_column fusion-builder-column-2 fusion_builder_column_1_1 1_1 fusion-flex-column\" style=\"--awb-bg-size:cover;--awb-width-large:100%;--awb-margin-top-large:0px;--awb-spacing-right-large:1.92%;--awb-margin-bottom-large:20px;--awb-spacing-left-large:1.92%;--awb-width-medium:100%;--awb-order-medium:2;--awb-spacing-right-medium:1.92%;--awb-spacing-left-medium:1.92%;--awb-width-small:100%;--awb-order-small:1;--awb-spacing-right-small:1.92%;--awb-spacing-left-small:1.92%;\"><div class=\"fusion-column-wrapper fusion-column-has-shadow fusion-flex-justify-content-flex-start fusion-content-layout-column\"><div class=\"fusion-text fusion-text-2\"><p>Hay una gran fuerza en la concienciaci\u00f3n, la comprensi\u00f3n y la unidad. La comunidad de la LGMD demuestra su conectividad global cada a\u00f1o cuando hacemos campa\u00f1a juntos y conseguimos el reconocimiento de la distrofia muscular de cinturas (LGMD). Con m\u00e1s de 30 tipos gen\u00e9ticos diferentes de LGMD, el acto de colaborar globalmente nos hace m\u00e1s fuertes de lo que jam\u00e1s podr\u00edamos ser solos.<\/p>\n<p>Invitamos a todas las personas con LGMD, familiares, organizaciones, profesionales sanitarios, investigadores, desarrolladores de f\u00e1rmacos, organizaciones de salud p\u00fablica y cualquier asociaci\u00f3n con inter\u00e9s en la LGMD a unirse y ayudarnos a aumentar la concienciaci\u00f3n sobre estas enfermedades neuromusculares raras y progresivas.<\/p>\n<p>Tanto si eres miembro de la comunidad desde hace mucho tiempo como si eres nuevo en ella, tu participaci\u00f3n en nuestras actividades del D\u00eda de Concienciaci\u00f3n sobre la LGMD es importante. La concienciaci\u00f3n puede extenderse mucho m\u00e1s r\u00e1pido si m\u00e1s personas, de todas las partes del mundo, comparten su esp\u00edritu a distancia a trav\u00e9s de reposts, shout outs y snaps de la pegatina de concienciaci\u00f3n LGMD en sus plataformas favoritas. El poder est\u00e1 en la acci\u00f3n.<\/p>\n<p>Creemos que a trav\u00e9s de los medios sociales, la participaci\u00f3n y la concienciaci\u00f3n tendr\u00e1n un mayor alcance e impacto. Para mantenerse al d\u00eda de nuestras iniciativas globales y de los componentes educativos del D\u00eda de la Concienciaci\u00f3n sobre la LGMD, \u00fanase a nosotros en Facebook. Publicaremos posts educativos sobre la LGMD, \"Entrevistas destacadas\" sobre la LGMD e informaci\u00f3n pertinente para toda la comunidad. Juntos podemos marcar la diferencia para quienes padecen distrofia muscular de cinturas.<\/p>\n<\/div><\/div><\/div><\/div><\/div><div class=\"fusion-fullwidth fullwidth-box fusion-builder-row-2 fusion-flex-container has-pattern-background has-mask-background nonhundred-percent-fullwidth non-hundred-percent-height-scrolling\" style=\"--awb-border-radius-top-left:0px;--awb-border-radius-top-right:0px;--awb-border-radius-bottom-right:0px;--awb-border-radius-bottom-left:0px;--awb-flex-wrap:wrap;\" ><div class=\"fusion-builder-row fusion-row fusion-flex-align-items-flex-start fusion-flex-content-wrap\" style=\"max-width:1456px;margin-left: calc(-4% \/ 2 );margin-right: calc(-4% \/ 2 );\"><div class=\"fusion-layout-column fusion_builder_column fusion-builder-column-3 fusion_builder_column_1_1 1_1 fusion-flex-column\" style=\"--awb-overflow:hidden;--awb-bg-color:var(--awb-color4);--awb-bg-color-hover:var(--awb-color4);--awb-bg-size:cover;--awb-box-shadow:0px 0px 4px 0px var(--awb-color2);;--awb-border-radius:5px 5px 5px 5px;--awb-width-large:100%;--awb-margin-top-large:20px;--awb-spacing-right-large:1.92%;--awb-margin-bottom-large:20px;--awb-spacing-left-large:1.92%;--awb-width-medium:100%;--awb-order-medium:0;--awb-spacing-right-medium:1.92%;--awb-spacing-left-medium:1.92%;--awb-width-small:100%;--awb-order-small:0;--awb-spacing-right-small:1.92%;--awb-spacing-left-small:1.92%;\"><div class=\"fusion-column-wrapper fusion-column-has-shadow fusion-flex-justify-content-flex-start fusion-content-layout-column\"><div class=\"fusion-title title fusion-title-1 fusion-sep-none fusion-title-text fusion-title-size-three\" style=\"--awb-text-color:var(--awb-color1);--awb-margin-right:10px;--awb-margin-bottom:10px;--awb-margin-left:15px;--awb-font-size:var(--awb-custom_typography_3-font-size);\"><h3 class=\"fusion-title-heading title-heading-left fusion-responsive-typography-calculated\" style=\"font-family:var(--awb-custom_typography_3-font-family);font-weight:var(--awb-custom_typography_3-font-weight);font-style:var(--awb-custom_typography_3-font-style);margin:0;font-size:1em;letter-spacing:var(--awb-custom_typography_3-letter-spacing);text-transform:var(--awb-custom_typography_3-text-transform);--fontSize:26;--minFontSize:26;line-height:var(--awb-custom_typography_3-line-height);\">\u00a1TODOS INVITADOS A APOYAR EL D\u00cdA DE CONCIENCIACI\u00d3N SOBRE LA DGML!<\/h3><\/div><div class=\"fusion-separator fusion-full-width-sep\" style=\"align-self: center;margin-left: auto;margin-right: auto;width:100%;\"><div class=\"fusion-separator-border sep-shadow\" style=\"--awb-height:20px;--awb-amount:20px;--awb-sep-color:var(--awb-color1);background:radial-gradient(ellipse at 50% -50% , var(--awb-color1) 0px, rgba(255, 255, 255, 0) 80%) repeat scroll 0 0 rgba(0, 0, 0, 0);background:-webkit-radial-gradient(ellipse at 50% -50% , var(--awb-color1) 0px, rgba(255, 255, 255, 0) 80%) repeat scroll 0 0 rgba(0, 0, 0, 0);background:-moz-radial-gradient(ellipse at 50% -50% , var(--awb-color1) 0px, rgba(255, 255, 255, 0) 80%) repeat scroll 0 0 rgba(0, 0, 0, 0);background:-o-radial-gradient(ellipse at 50% -50% , var(--awb-color1) 0px, rgba(255, 255, 255, 0) 80%) repeat scroll 0 0 rgba(0, 0, 0, 0);\"><\/div><\/div><div class=\"fusion-builder-row fusion-builder-row-inner fusion-row fusion-flex-align-items-flex-start fusion-flex-content-wrap\" style=\"width:104% !important;max-width:104% !important;margin-left: calc(-4% \/ 2 );margin-right: calc(-4% \/ 2 );\"><div class=\"fusion-layout-column fusion_builder_column_inner fusion-builder-nested-column-0 fusion_builder_column_inner_1_1 1_1 fusion-flex-column\" style=\"--awb-padding-top:15px;--awb-padding-right:15px;--awb-padding-bottom:15px;--awb-padding-left:15px;--awb-bg-color:#f2f2f2;--awb-bg-color-hover:#f2f2f2;--awb-bg-size:cover;--awb-width-large:100%;--awb-margin-top-large:0px;--awb-spacing-right-large:1.92%;--awb-margin-bottom-large:0px;--awb-spacing-left-large:1.92%;--awb-width-medium:100%;--awb-order-medium:0;--awb-spacing-right-medium:1.92%;--awb-spacing-left-medium:1.92%;--awb-width-small:100%;--awb-order-small:0;--awb-spacing-right-small:1.92%;--awb-spacing-left-small:1.92%;\"><div class=\"fusion-column-wrapper fusion-column-has-shadow fusion-flex-justify-content-flex-start fusion-content-layout-column\"><div class=\"fusion-title title fusion-title-2 fusion-sep-none fusion-title-text fusion-title-size-paragraph\" style=\"--awb-font-size:var(--awb-custom_typography_6-font-size);\"><p class=\"fusion-title-heading title-heading-left title-heading-tag fusion-responsive-typography-calculated\" style=\"font-family:var(--awb-custom_typography_6-font-family);font-weight:var(--awb-custom_typography_6-font-weight);font-style:var(--awb-custom_typography_6-font-style);margin:0;font-size:1em;letter-spacing:var(--awb-custom_typography_6-letter-spacing);text-transform:var(--awb-custom_typography_6-text-transform);--fontSize:16;--minFontSize:16;line-height:var(--awb-custom_typography_6-line-height);\"><p>Animamos a participar a particulares, pacientes, familiares, organizaciones de pacientes, profesionales sanitarios, investigadores, fabricantes de medicamentos, organizaciones de salud p\u00fablica y p\u00fablico en general. Cuanta m\u00e1s gente participe, \u00a1mejor! Las personas con distrofia muscular de cinturas vivimos en zonas geogr\u00e1ficas diferentes, hablamos idiomas diferentes y tenemos costumbres diferentes.<\/p>\n<p>Habr\u00e1 varias formas de participar a medida que se acerque el 30 de septiembre. A nivel mundial, podemos trabajar juntos para aumentar la concienciaci\u00f3n sobre la LGMD compartiendo experiencias personales, materiales educativos y redes sociales. Le animamos a que sea creativo y busque formas de celebrar este acontecimiento mundial en su regi\u00f3n.<\/p><\/p><\/div><ul style=\"--awb-margin-top:10px;--awb-margin-bottom:10px;--awb-iconcolor:var(--awb-color4);--awb-line-height:27.2px;--awb-icon-width:27.2px;--awb-icon-height:27.2px;--awb-icon-margin:11.2px;--awb-content-margin:38.4px;--awb-circlecolor:rgba(255,255,255,0);--awb-circle-yes-font-size:14.08px;\" class=\"fusion-checklist fusion-checklist-1 fusion-checklist-default type-icons\"><li class=\"fusion-li-item\" style=\"\"><span class=\"icon-wrapper circle-yes\"><i class=\"fusion-li-icon fa-check fas\" aria-hidden=\"true\"><\/i><\/span><div class=\"fusion-li-item-content\">\n<p>Visite nuestro \"<a href=\"https:\/\/www.lgmd-info.org\/es\/awareness-day\/Initiatives\/\">Iniciativas del D\u00eda de Sensibilizaci\u00f3n<\/a>\"para m\u00e1s detalles sobre c\u00f3mo promover la concienciaci\u00f3n local en su comunidad.<\/p>\n<\/div><\/li><li class=\"fusion-li-item\" style=\"\"><span class=\"icon-wrapper circle-yes\"><i class=\"fusion-li-icon fa-check fas\" aria-hidden=\"true\"><\/i><\/span><div class=\"fusion-li-item-content\">\n<p>Visite nuestro \"<a href=\"https:\/\/www.lgmd-info.org\/es\/awareness-day\/resources\/\">Recursos del D\u00eda de Concienciaci\u00f3n<\/a>\" para descargar herramientas de promoci\u00f3n que le ayudar\u00e1n a concienciar sobre la LGMD.<\/p>\n<\/div><\/li><li class=\"fusion-li-item\" style=\"\"><span class=\"icon-wrapper circle-yes\"><i class=\"fusion-li-icon fa-check fas\" aria-hidden=\"true\"><\/i><\/span><div class=\"fusion-li-item-content\">\n<p>Ofr\u00e9zcase voluntario para aparecer en un pr\u00f3ximo \"<a href=\"https:\/\/www.lgmd-info.org\/es\/spotlights\/\">LGMD Spotlight Entrevista<\/a>\"<\/p>\n<\/div><\/li><\/ul><div class=\"fusion-title title fusion-title-3 fusion-sep-none fusion-title-text fusion-title-size-paragraph\" style=\"--awb-font-size:var(--awb-custom_typography_6-font-size);\"><p class=\"fusion-title-heading title-heading-left title-heading-tag fusion-responsive-typography-calculated\" style=\"font-family:var(--awb-custom_typography_6-font-family);font-weight:var(--awb-custom_typography_6-font-weight);font-style:var(--awb-custom_typography_6-font-style);margin:0;font-size:1em;letter-spacing:var(--awb-custom_typography_6-letter-spacing);text-transform:var(--awb-custom_typography_6-text-transform);--fontSize:16;--minFontSize:16;line-height:var(--awb-custom_typography_6-line-height);\">Recuerde, al contar su historia y compartir sus experiencias, ayuda a los dem\u00e1s a comprender lo que es vivir con LGMD. Usted desempe\u00f1a un papel importante en esta campa\u00f1a mundial de sensibilizaci\u00f3n. P\u00f3ngase en contacto con los reporteros de los medios de comunicaci\u00f3n locales, como televisi\u00f3n, radio, peri\u00f3dicos, reporteros en l\u00ednea y blogueros, y facil\u00edteles informaci\u00f3n sobre el D\u00eda de Concienciaci\u00f3n sobre la LGMD y su historia particular.<\/p><\/div><\/div><\/div><\/div><\/div><\/div><\/div><\/div><\/p>","protected":false},"excerpt":{"rendered":"","protected":false},"author":1,"featured_media":5432,"parent":40,"menu_order":0,"comment_status":"closed","ping_status":"closed","template":"","meta":{"_acf_changed":false,"footnotes":""},"class_list":["post-91","page","type-page","status-publish","has-post-thumbnail","hentry"],"acf":[],"yoast_head":"<!-- This site is optimized with the Yoast SEO plugin v23.9 - https:\/\/yoast.com\/wordpress\/plugins\/seo\/ -->\n<title>About LGMD Awareness Day - LGMD Awareness Foundation<\/title>\n<meta name=\"robots\" content=\"index, follow, max-snippet:-1, max-image-preview:large, max-video-preview:-1\" \/>\n<link rel=\"canonical\" href=\"https:\/\/www.lgmd-info.org\/es\/awareness-day\/about-lgmd-awareness-day\/\" \/>\n<meta property=\"og:locale\" content=\"es_MX\" \/>\n<meta property=\"og:type\" content=\"article\" \/>\n<meta property=\"og:title\" content=\"About LGMD Awareness Day - LGMD Awareness Foundation\" \/>\n<meta property=\"og:url\" content=\"https:\/\/www.lgmd-info.org\/es\/awareness-day\/about-lgmd-awareness-day\/\" \/>\n<meta property=\"og:site_name\" content=\"LGMD Awareness Foundation\" \/>\n<meta property=\"article:publisher\" content=\"https:\/\/www.facebook.com\/LGMDawareness\/\" \/>\n<meta property=\"article:modified_time\" content=\"2025-12-11T17:53:44+00:00\" \/>\n<meta property=\"og:image\" content=\"https:\/\/www.lgmd-info.org\/wp-content\/uploads\/2021\/08\/Girdie-transparent-background.png\" \/>\n\t<meta property=\"og:image:width\" content=\"401\" \/>\n\t<meta property=\"og:image:height\" content=\"393\" \/>\n\t<meta property=\"og:image:type\" content=\"image\/png\" \/>\n<meta name=\"twitter:card\" content=\"summary_large_image\" \/>\n<meta name=\"twitter:site\" content=\"@LgmdAwareness\" \/>\n<meta name=\"twitter:label1\" content=\"Est. reading time\" \/>\n\t<meta name=\"twitter:data1\" content=\"5 minutes\" \/>\n<script type=\"application\/ld+json\" class=\"yoast-schema-graph\">{\"@context\":\"https:\/\/schema.org\",\"@graph\":[{\"@type\":\"WebPage\",\"@id\":\"https:\/\/www.lgmd-info.org\/ja\/awareness-day\/about-lgmd-awareness-day\/\",\"url\":\"https:\/\/www.lgmd-info.org\/ja\/awareness-day\/about-lgmd-awareness-day\/\",\"name\":\"About LGMD Awareness Day - LGMD Awareness Foundation\",\"isPartOf\":{\"@id\":\"https:\/\/www.lgmd-info.org\/de\/#website\"},\"primaryImageOfPage\":{\"@id\":\"https:\/\/www.lgmd-info.org\/ja\/awareness-day\/about-lgmd-awareness-day\/#primaryimage\"},\"image\":{\"@id\":\"https:\/\/www.lgmd-info.org\/ja\/awareness-day\/about-lgmd-awareness-day\/#primaryimage\"},\"thumbnailUrl\":\"https:\/\/www.lgmd-info.org\/wp-content\/uploads\/2021\/08\/Girdie-transparent-background.png\",\"datePublished\":\"2021-02-10T17:49:18+00:00\",\"dateModified\":\"2025-12-11T17:53:44+00:00\",\"breadcrumb\":{\"@id\":\"https:\/\/www.lgmd-info.org\/ja\/awareness-day\/about-lgmd-awareness-day\/#breadcrumb\"},\"inLanguage\":\"es-MX\",\"potentialAction\":[{\"@type\":\"ReadAction\",\"target\":[\"https:\/\/www.lgmd-info.org\/ja\/awareness-day\/about-lgmd-awareness-day\/\"]}]},{\"@type\":\"ImageObject\",\"inLanguage\":\"es-MX\",\"@id\":\"https:\/\/www.lgmd-info.org\/ja\/awareness-day\/about-lgmd-awareness-day\/#primaryimage\",\"url\":\"https:\/\/www.lgmd-info.org\/wp-content\/uploads\/2021\/08\/Girdie-transparent-background.png\",\"contentUrl\":\"https:\/\/www.lgmd-info.org\/wp-content\/uploads\/2021\/08\/Girdie-transparent-background.png\",\"width\":401,\"height\":393,\"caption\":\"\"},{\"@type\":\"BreadcrumbList\",\"@id\":\"https:\/\/www.lgmd-info.org\/ja\/awareness-day\/about-lgmd-awareness-day\/#breadcrumb\",\"itemListElement\":[{\"@type\":\"ListItem\",\"position\":1,\"name\":\"Home\",\"item\":\"https:\/\/www.lgmd-info.org\/de\/\"},{\"@type\":\"ListItem\",\"position\":2,\"name\":\"Awareness Day\",\"item\":\"https:\/\/www.lgmd-info.org\/ja\/awareness-day\/\"},{\"@type\":\"ListItem\",\"position\":3,\"name\":\"About LGMD Awareness Day\"}]},{\"@type\":\"WebSite\",\"@id\":\"https:\/\/www.lgmd-info.org\/de\/#website\",\"url\":\"https:\/\/www.lgmd-info.org\/de\/\",\"name\":\"LGMD Awareness Foundation\",\"description\":\"Information Hub for the LGMD community\",\"publisher\":{\"@id\":\"https:\/\/www.lgmd-info.org\/de\/#organization\"},\"potentialAction\":[{\"@type\":\"SearchAction\",\"target\":{\"@type\":\"EntryPoint\",\"urlTemplate\":\"https:\/\/www.lgmd-info.org\/de\/?s={search_term_string}\"},\"query-input\":{\"@type\":\"PropertyValueSpecification\",\"valueRequired\":true,\"valueName\":\"search_term_string\"}}],\"inLanguage\":\"es-MX\"},{\"@type\":\"Organization\",\"@id\":\"https:\/\/www.lgmd-info.org\/de\/#organization\",\"name\":\"LGMD Awareness Foundation, Inc.\",\"url\":\"https:\/\/www.lgmd-info.org\/de\/\",\"logo\":{\"@type\":\"ImageObject\",\"inLanguage\":\"es-MX\",\"@id\":\"https:\/\/www.lgmd-info.org\/de\/#\/schema\/logo\/image\/\",\"url\":\"https:\/\/lgmd-info.org\/wp-content\/uploads\/2021\/02\/LGMD_Logo.png\",\"contentUrl\":\"https:\/\/lgmd-info.org\/wp-content\/uploads\/2021\/02\/LGMD_Logo.png\",\"width\":208,\"height\":61,\"caption\":\"LGMD Awareness Foundation, Inc.\"},\"image\":{\"@id\":\"https:\/\/www.lgmd-info.org\/de\/#\/schema\/logo\/image\/\"},\"sameAs\":[\"https:\/\/www.facebook.com\/LGMDawareness\/\",\"https:\/\/x.com\/LgmdAwareness\",\"https:\/\/www.instagram.com\/lgmdawareness\/\"]}]}<\/script>\n<!-- \/ Yoast SEO plugin. -->","yoast_head_json":{"title":"About LGMD Awareness Day - LGMD Awareness Foundation","robots":{"index":"index","follow":"follow","max-snippet":"max-snippet:-1","max-image-preview":"max-image-preview:large","max-video-preview":"max-video-preview:-1"},"canonical":"https:\/\/www.lgmd-info.org\/es\/awareness-day\/about-lgmd-awareness-day\/","og_locale":"es_MX","og_type":"article","og_title":"About LGMD Awareness Day - LGMD Awareness Foundation","og_url":"https:\/\/www.lgmd-info.org\/es\/awareness-day\/about-lgmd-awareness-day\/","og_site_name":"LGMD Awareness Foundation","article_publisher":"https:\/\/www.facebook.com\/LGMDawareness\/","article_modified_time":"2025-12-11T17:53:44+00:00","og_image":[{"width":401,"height":393,"url":"https:\/\/www.lgmd-info.org\/wp-content\/uploads\/2021\/08\/Girdie-transparent-background.png","type":"image\/png"}],"twitter_card":"summary_large_image","twitter_site":"@LgmdAwareness","twitter_misc":{"Est. reading time":"5 minutes"},"schema":{"@context":"https:\/\/schema.org","@graph":[{"@type":"WebPage","@id":"https:\/\/www.lgmd-info.org\/ja\/awareness-day\/about-lgmd-awareness-day\/","url":"https:\/\/www.lgmd-info.org\/ja\/awareness-day\/about-lgmd-awareness-day\/","name":"About LGMD Awareness Day - LGMD Awareness Foundation","isPartOf":{"@id":"https:\/\/www.lgmd-info.org\/de\/#website"},"primaryImageOfPage":{"@id":"https:\/\/www.lgmd-info.org\/ja\/awareness-day\/about-lgmd-awareness-day\/#primaryimage"},"image":{"@id":"https:\/\/www.lgmd-info.org\/ja\/awareness-day\/about-lgmd-awareness-day\/#primaryimage"},"thumbnailUrl":"https:\/\/www.lgmd-info.org\/wp-content\/uploads\/2021\/08\/Girdie-transparent-background.png","datePublished":"2021-02-10T17:49:18+00:00","dateModified":"2025-12-11T17:53:44+00:00","breadcrumb":{"@id":"https:\/\/www.lgmd-info.org\/ja\/awareness-day\/about-lgmd-awareness-day\/#breadcrumb"},"inLanguage":"es-MX","potentialAction":[{"@type":"ReadAction","target":["https:\/\/www.lgmd-info.org\/ja\/awareness-day\/about-lgmd-awareness-day\/"]}]},{"@type":"ImageObject","inLanguage":"es-MX","@id":"https:\/\/www.lgmd-info.org\/ja\/awareness-day\/about-lgmd-awareness-day\/#primaryimage","url":"https:\/\/www.lgmd-info.org\/wp-content\/uploads\/2021\/08\/Girdie-transparent-background.png","contentUrl":"https:\/\/www.lgmd-info.org\/wp-content\/uploads\/2021\/08\/Girdie-transparent-background.png","width":401,"height":393,"caption":""},{"@type":"BreadcrumbList","@id":"https:\/\/www.lgmd-info.org\/ja\/awareness-day\/about-lgmd-awareness-day\/#breadcrumb","itemListElement":[{"@type":"ListItem","position":1,"name":"Home","item":"https:\/\/www.lgmd-info.org\/de\/"},{"@type":"ListItem","position":2,"name":"Awareness Day","item":"https:\/\/www.lgmd-info.org\/ja\/awareness-day\/"},{"@type":"ListItem","position":3,"name":"About LGMD Awareness Day"}]},{"@type":"WebSite","@id":"https:\/\/www.lgmd-info.org\/de\/#website","url":"https:\/\/www.lgmd-info.org\/de\/","name":"LGMD Awareness Foundation","description":"Information Hub for the LGMD community","publisher":{"@id":"https:\/\/www.lgmd-info.org\/de\/#organization"},"potentialAction":[{"@type":"SearchAction","target":{"@type":"EntryPoint","urlTemplate":"https:\/\/www.lgmd-info.org\/de\/?s={search_term_string}"},"query-input":{"@type":"PropertyValueSpecification","valueRequired":true,"valueName":"search_term_string"}}],"inLanguage":"es-MX"},{"@type":"Organization","@id":"https:\/\/www.lgmd-info.org\/de\/#organization","name":"LGMD Awareness Foundation, Inc.","url":"https:\/\/www.lgmd-info.org\/de\/","logo":{"@type":"ImageObject","inLanguage":"es-MX","@id":"https:\/\/www.lgmd-info.org\/de\/#\/schema\/logo\/image\/","url":"https:\/\/lgmd-info.org\/wp-content\/uploads\/2021\/02\/LGMD_Logo.png","contentUrl":"https:\/\/lgmd-info.org\/wp-content\/uploads\/2021\/02\/LGMD_Logo.png","width":208,"height":61,"caption":"LGMD Awareness Foundation, Inc."},"image":{"@id":"https:\/\/www.lgmd-info.org\/de\/#\/schema\/logo\/image\/"},"sameAs":["https:\/\/www.facebook.com\/LGMDawareness\/","https:\/\/x.com\/LgmdAwareness","https:\/\/www.instagram.com\/lgmdawareness\/"]}]}},"_links":{"self":[{"href":"https:\/\/www.lgmd-info.org\/es\/wp-json\/wp\/v2\/pages\/91","targetHints":{"allow":["GET"]}}],"collection":[{"href":"https:\/\/www.lgmd-info.org\/es\/wp-json\/wp\/v2\/pages"}],"about":[{"href":"https:\/\/www.lgmd-info.org\/es\/wp-json\/wp\/v2\/types\/page"}],"author":[{"embeddable":true,"href":"https:\/\/www.lgmd-info.org\/es\/wp-json\/wp\/v2\/users\/1"}],"replies":[{"embeddable":true,"href":"https:\/\/www.lgmd-info.org\/es\/wp-json\/wp\/v2\/comments?post=91"}],"version-history":[{"count":2,"href":"https:\/\/www.lgmd-info.org\/es\/wp-json\/wp\/v2\/pages\/91\/revisions"}],"predecessor-version":[{"id":9332,"href":"https:\/\/www.lgmd-info.org\/es\/wp-json\/wp\/v2\/pages\/91\/revisions\/9332"}],"up":[{"embeddable":true,"href":"https:\/\/www.lgmd-info.org\/es\/wp-json\/wp\/v2\/pages\/40"}],"wp:featuredmedia":[{"embeddable":true,"href":"https:\/\/www.lgmd-info.org\/es\/wp-json\/wp\/v2\/media\/5432"}],"wp:attachment":[{"href":"https:\/\/www.lgmd-info.org\/es\/wp-json\/wp\/v2\/media?parent=91"}],"curies":[{"name":"wp","href":"https:\/\/api.w.org\/{rel}","templated":true}]}}