{"id":4709,"date":"2021-03-11T16:01:14","date_gmt":"2021-03-11T16:01:14","guid":{"rendered":"https:\/\/www.lgmd-info.org\/?page_id=4709"},"modified":"2026-03-29T19:44:58","modified_gmt":"2026-03-29T19:44:58","slug":"lgmd-specialists","status":"publish","type":"page","link":"https:\/\/www.lgmd-info.org\/fr\/knowledge-base\/community-network\/lgmd-specialists\/","title":{"rendered":"Sp\u00e9cialistes du LGMD"},"content":{"rendered":"<p><div class=\"fusion-fullwidth fullwidth-box fusion-builder-row-1 fusion-flex-container nonhundred-percent-fullwidth non-hundred-percent-height-scrolling\" style=\"--awb-border-radius-top-left:0px;--awb-border-radius-top-right:0px;--awb-border-radius-bottom-right:0px;--awb-border-radius-bottom-left:0px;--awb-flex-wrap:wrap;\" ><div class=\"fusion-builder-row fusion-row fusion-flex-align-items-flex-start fusion-flex-content-wrap\" style=\"max-width:1456px;margin-left: calc(-4% \/ 2 );margin-right: calc(-4% \/ 2 );\"><div class=\"fusion-layout-column fusion_builder_column fusion-builder-column-0 fusion_builder_column_1_1 1_1 fusion-flex-column\" style=\"--awb-bg-size:cover;--awb-width-large:100%;--awb-margin-top-large:0px;--awb-spacing-right-large:1.92%;--awb-margin-bottom-large:20px;--awb-spacing-left-large:1.92%;--awb-width-medium:100%;--awb-order-medium:0;--awb-spacing-right-medium:1.92%;--awb-spacing-left-medium:1.92%;--awb-width-small:100%;--awb-order-small:0;--awb-spacing-right-small:1.92%;--awb-spacing-left-small:1.92%;\"><div class=\"fusion-column-wrapper fusion-column-has-shadow fusion-flex-justify-content-flex-start fusion-content-layout-column\"><div class=\"fusion-text fusion-text-1\"><p style=\"color: #000000;\">L'un des d\u00e9fis de la vie avec une maladie rare comme la dystrophie musculaire des ceintures (DMG) est de trouver des m\u00e9decins et d'autres sp\u00e9cialistes de la sant\u00e9 qui ont une bonne compr\u00e9hension du processus de la maladie.<\/p>\n<\/div><\/div><\/div><\/div><\/div><div class=\"fusion-fullwidth fullwidth-box fusion-builder-row-2 fusion-flex-container has-pattern-background has-mask-background nonhundred-percent-fullwidth non-hundred-percent-height-scrolling\" style=\"--awb-border-radius-top-left:0px;--awb-border-radius-top-right:0px;--awb-border-radius-bottom-right:0px;--awb-border-radius-bottom-left:0px;--awb-flex-wrap:wrap;\" ><div class=\"fusion-builder-row fusion-row fusion-flex-align-items-flex-start fusion-flex-content-wrap\" style=\"max-width:1456px;margin-left: calc(-4% \/ 2 );margin-right: calc(-4% \/ 2 );\"><div class=\"fusion-layout-column fusion_builder_column fusion-builder-column-1 fusion_builder_column_1_1 1_1 fusion-flex-column\" style=\"--awb-overflow:hidden;--awb-bg-color:var(--awb-color4);--awb-bg-color-hover:var(--awb-color4);--awb-bg-size:cover;--awb-box-shadow:0px 0px 4px 0px var(--awb-color2);;--awb-border-radius:5px 5px 5px 5px;--awb-width-large:100%;--awb-margin-top-large:20px;--awb-spacing-right-large:1.92%;--awb-margin-bottom-large:20px;--awb-spacing-left-large:1.92%;--awb-width-medium:100%;--awb-order-medium:0;--awb-spacing-right-medium:1.92%;--awb-spacing-left-medium:1.92%;--awb-width-small:100%;--awb-order-small:0;--awb-spacing-right-small:1.92%;--awb-spacing-left-small:1.92%;\"><div class=\"fusion-column-wrapper fusion-column-has-shadow fusion-flex-justify-content-flex-start fusion-content-layout-column\"><div class=\"fusion-title title fusion-title-1 fusion-sep-none fusion-title-text fusion-title-size-three\" style=\"--awb-text-color:var(--awb-color1);--awb-margin-right:10px;--awb-margin-bottom:10px;--awb-margin-left:15px;--awb-font-size:var(--awb-custom_typography_3-font-size);\"><h3 class=\"fusion-title-heading title-heading-left fusion-responsive-typography-calculated\" style=\"font-family:var(--awb-custom_typography_3-font-family);font-weight:var(--awb-custom_typography_3-font-weight);font-style:var(--awb-custom_typography_3-font-style);margin:0;font-size:1em;letter-spacing:var(--awb-custom_typography_3-letter-spacing);text-transform:var(--awb-custom_typography_3-text-transform);--fontSize:26;--minFontSize:26;line-height:var(--awb-custom_typography_3-line-height);\">GRASP - Consortium LGMD<\/h3><\/div><div class=\"fusion-separator fusion-full-width-sep\" style=\"align-self: center;margin-left: auto;margin-right: auto;width:100%;\"><div class=\"fusion-separator-border sep-shadow\" style=\"--awb-height:20px;--awb-amount:20px;--awb-sep-color:var(--awb-color1);background:radial-gradient(ellipse at 50% -50% , var(--awb-color1) 0px, rgba(255, 255, 255, 0) 80%) repeat scroll 0 0 rgba(0, 0, 0, 0);background:-webkit-radial-gradient(ellipse at 50% -50% , var(--awb-color1) 0px, rgba(255, 255, 255, 0) 80%) repeat scroll 0 0 rgba(0, 0, 0, 0);background:-moz-radial-gradient(ellipse at 50% -50% , var(--awb-color1) 0px, rgba(255, 255, 255, 0) 80%) repeat scroll 0 0 rgba(0, 0, 0, 0);background:-o-radial-gradient(ellipse at 50% -50% , var(--awb-color1) 0px, rgba(255, 255, 255, 0) 80%) repeat scroll 0 0 rgba(0, 0, 0, 0);\"><\/div><\/div><div class=\"fusion-builder-row fusion-builder-row-inner fusion-row fusion-flex-align-items-flex-start fusion-flex-content-wrap\" style=\"width:104% !important;max-width:104% !important;margin-left: calc(-4% \/ 2 );margin-right: calc(-4% \/ 2 );\"><div class=\"fusion-layout-column fusion_builder_column_inner fusion-builder-nested-column-0 fusion_builder_column_inner_1_1 1_1 fusion-flex-column\" style=\"--awb-padding-top:15px;--awb-padding-right:15px;--awb-padding-bottom:15px;--awb-padding-left:15px;--awb-bg-color:#f2f2f2;--awb-bg-color-hover:#f2f2f2;--awb-bg-size:cover;--awb-width-large:100%;--awb-margin-top-large:0px;--awb-spacing-right-large:1.92%;--awb-margin-bottom-large:0px;--awb-spacing-left-large:1.92%;--awb-width-medium:100%;--awb-order-medium:0;--awb-spacing-right-medium:1.92%;--awb-spacing-left-medium:1.92%;--awb-width-small:100%;--awb-order-small:0;--awb-spacing-right-small:1.92%;--awb-spacing-left-small:1.92%;\"><div class=\"fusion-column-wrapper fusion-column-has-shadow fusion-flex-justify-content-flex-start fusion-content-layout-column\"><div class=\"fusion-title title fusion-title-2 fusion-sep-none fusion-title-text fusion-title-size-paragraph\" style=\"--awb-font-size:var(--awb-custom_typography_6-font-size);\"><p class=\"fusion-title-heading title-heading-left title-heading-tag fusion-responsive-typography-calculated\" style=\"font-family:var(--awb-custom_typography_6-font-family);font-weight:var(--awb-custom_typography_6-font-weight);font-style:var(--awb-custom_typography_6-font-style);margin:0;font-size:1em;letter-spacing:var(--awb-custom_typography_6-letter-spacing);text-transform:var(--awb-custom_typography_6-text-transform);--fontSize:16;--minFontSize:16;line-height:var(--awb-custom_typography_6-line-height);\">Le <strong>G<\/strong>en\u00e9tique <strong>R<\/strong>esolution et <strong>A<\/strong>\u00e9valuations <strong>S<\/strong>olving <strong>P<\/strong>henotypes in LGMD (<strong>GRASP-LGMD<\/strong>) consortium was created in 2018 and includes sites in the United States and abroad. The overarching mission of the GRASP-LGMD consortium is to hasten therapeutic development in the LGMDs. The consortium includes:<\/p><\/div><ul style=\"--awb-margin-top:10px;--awb-margin-bottom:10px;--awb-iconcolor:var(--awb-color4);--awb-line-height:27.2px;--awb-icon-width:27.2px;--awb-icon-height:27.2px;--awb-icon-margin:11.2px;--awb-content-margin:38.4px;--awb-circlecolor:rgba(255,255,255,0);--awb-circle-yes-font-size:14.08px;\" class=\"fusion-checklist fusion-checklist-1 fusion-checklist-default type-icons\"><li class=\"fusion-li-item\" style=\"\"><span class=\"icon-wrapper circle-yes\"><i class=\"fusion-li-icon fa-check fas\" aria-hidden=\"true\"><\/i><\/span><div class=\"fusion-li-item-content\">\n<p><strong>California<\/strong>: University of California in Irvine \u2014 Dr. Tahseen Mozaffar MD<\/p>\n<\/div><\/li><li class=\"fusion-li-item\" style=\"\"><span class=\"icon-wrapper circle-yes\"><i class=\"fusion-li-icon fa-check fas\" aria-hidden=\"true\"><\/i><\/span><div class=\"fusion-li-item-content\">\n<p><strong>Colorado<\/strong>: University of Colorado Health In Aurora &#8211; Dr. Stacy Dixon, MD<\/p>\n<\/div><\/li><li class=\"fusion-li-item\" style=\"\"><span class=\"icon-wrapper circle-yes\"><i class=\"fusion-li-icon fa-check fas\" aria-hidden=\"true\"><\/i><\/span><div class=\"fusion-li-item-content\">\n<p><strong>Florida<\/strong>: University of Florida in Gainesville \u2013 Dr.&nbsp;Sub Subramony, MD<\/p>\n<\/div><\/li><li class=\"fusion-li-item\" style=\"\"><span class=\"icon-wrapper circle-yes\"><i class=\"fusion-li-icon fa-check fas\" aria-hidden=\"true\"><\/i><\/span><div class=\"fusion-li-item-content\">\n<p><strong>Indiana<\/strong>: The Community Health Clinic in Shipshewana &#8211; Dr. Zineb Ammous, MD<\/p>\n<\/div><\/li><li class=\"fusion-li-item\" style=\"\"><span class=\"icon-wrapper circle-yes\"><i class=\"fusion-li-icon fa-check fas\" aria-hidden=\"true\"><\/i><\/span><div class=\"fusion-li-item-content\">\n<p><strong>Iowa<\/strong>: University of Iowa in Iowa City \u2014 Dr. Katherine Mathews, MD<\/p>\n<\/div><\/li><li class=\"fusion-li-item\" style=\"\"><span class=\"icon-wrapper circle-yes\"><i class=\"fusion-li-icon fa-check fas\" aria-hidden=\"true\"><\/i><\/span><div class=\"fusion-li-item-content\">\n<p><strong>Kansas<\/strong>: Kansas University Medical Center in Kansas City \u2014 Dr. Jeffrey Statland, MD<\/p>\n<\/div><\/li><li class=\"fusion-li-item\" style=\"\"><span class=\"icon-wrapper circle-yes\"><i class=\"fusion-li-icon fa-check fas\" aria-hidden=\"true\"><\/i><\/span><div class=\"fusion-li-item-content\">\n<p><strong>Maryland<\/strong>: Kennedy Krieger Institute in Baltimore \u2014 Dr. Doris Leung, MD<\/p>\n<\/div><\/li><li class=\"fusion-li-item\" style=\"\"><span class=\"icon-wrapper circle-yes\"><i class=\"fusion-li-icon fa-check fas\" aria-hidden=\"true\"><\/i><\/span><div class=\"fusion-li-item-content\">\n<p><strong>Minnesota<\/strong>: University of Minnesota in Minneapolis \u2014 Dr. Peter Kang, MD<\/p>\n<\/div><\/li><li class=\"fusion-li-item\" style=\"\"><span class=\"icon-wrapper circle-yes\"><i class=\"fusion-li-icon fa-check fas\" aria-hidden=\"true\"><\/i><\/span><div class=\"fusion-li-item-content\">\n<p><strong>Missouri<\/strong>: Washington University in St. Louis \u2014 Dr. Conrad Weihl, MD, PhD<\/p>\n<\/div><\/li><li class=\"fusion-li-item\" style=\"\"><span class=\"icon-wrapper circle-yes\"><i class=\"fusion-li-icon fa-check fas\" aria-hidden=\"true\"><\/i><\/span><div class=\"fusion-li-item-content\">\n<p><strong>North Carolina<\/strong>: Atrium Health in Charlotte \u2013 Dr. Urvi Desai, MD<\/p>\n<\/div><\/li><li class=\"fusion-li-item\" style=\"\"><span class=\"icon-wrapper circle-yes\"><i class=\"fusion-li-icon fa-check fas\" aria-hidden=\"true\"><\/i><\/span><div class=\"fusion-li-item-content\">\n<p>Ohio: Nationwide Children\u2019s Hospital in Columbus \u2014 Lindsay Alfono, PT, DPT, PCS<\/p>\n<\/div><\/li><li class=\"fusion-li-item\" style=\"\"><span class=\"icon-wrapper circle-yes\"><i class=\"fusion-li-icon fa-check fas\" aria-hidden=\"true\"><\/i><\/span><div class=\"fusion-li-item-content\">\n<p><strong>Virginia<\/strong>: Virginia Commonwealth University in Richmond \u2014 Dr. Nicholas Johnson, MD<\/p>\n<\/div><\/li><\/ul><\/div><\/div><\/div><div class=\"fusion-separator fusion-full-width-sep\" style=\"align-self: center;margin-left: auto;margin-right: auto;width:100%;max-width:100%;\"><div class=\"fusion-separator-border sep-single sep-solid\" style=\"--awb-height:20px;--awb-amount:20px;--awb-sep-color:var(--awb-color5);border-color:var(--awb-color5);border-top-width:2px;\"><\/div><\/div><div class=\"fusion-builder-row fusion-builder-row-inner fusion-row fusion-flex-align-items-flex-start fusion-flex-content-wrap\" style=\"width:104% !important;max-width:104% !important;margin-left: calc(-4% \/ 2 );margin-right: calc(-4% \/ 2 );\"><div class=\"fusion-layout-column fusion_builder_column_inner fusion-builder-nested-column-1 fusion_builder_column_inner_1_1 1_1 fusion-flex-column\" style=\"--awb-padding-top:15px;--awb-padding-right:15px;--awb-padding-bottom:15px;--awb-padding-left:15px;--awb-bg-color:#f2f2f2;--awb-bg-color-hover:#f2f2f2;--awb-bg-size:cover;--awb-width-large:100%;--awb-margin-top-large:0px;--awb-spacing-right-large:1.92%;--awb-margin-bottom-large:0px;--awb-spacing-left-large:1.92%;--awb-width-medium:100%;--awb-order-medium:0;--awb-spacing-right-medium:1.92%;--awb-spacing-left-medium:1.92%;--awb-width-small:100%;--awb-order-small:0;--awb-spacing-right-small:1.92%;--awb-spacing-left-small:1.92%;\"><div class=\"fusion-column-wrapper fusion-column-has-shadow fusion-flex-justify-content-flex-start fusion-content-layout-column\"><div class=\"fusion-title title fusion-title-3 fusion-sep-none fusion-title-text fusion-title-size-four\" style=\"--awb-text-color:var(--awb-color4);--awb-margin-bottom:10px;--awb-font-size:var(--awb-custom_typography_3-font-size);\"><h4 class=\"fusion-title-heading title-heading-left fusion-responsive-typography-calculated\" style=\"font-family:var(--awb-custom_typography_3-font-family);font-weight:var(--awb-custom_typography_3-font-weight);font-style:var(--awb-custom_typography_3-font-style);margin:0;font-size:1em;letter-spacing:var(--awb-custom_typography_3-letter-spacing);text-transform:var(--awb-custom_typography_3-text-transform);--fontSize:26;--minFontSize:26;line-height:var(--awb-custom_typography_3-line-height);\">Membres hors des \u00c9tats-Unis<\/h4><\/div><ul style=\"--awb-margin-top:10px;--awb-margin-bottom:10px;--awb-iconcolor:var(--awb-color4);--awb-line-height:27.2px;--awb-icon-width:27.2px;--awb-icon-height:27.2px;--awb-icon-margin:11.2px;--awb-content-margin:38.4px;--awb-circlecolor:rgba(255,255,255,0);--awb-circle-yes-font-size:14.08px;\" class=\"fusion-checklist fusion-checklist-2 fusion-checklist-default type-icons\"><li class=\"fusion-li-item\" style=\"\"><span class=\"icon-wrapper circle-yes\"><i class=\"fusion-li-icon fa-check fas\" aria-hidden=\"true\"><\/i><\/span><div class=\"fusion-li-item-content\">Danemark : Universit\u00e9 de Copenhague \u00e0 Copenhague - Dr. John Vissing, MD<\/div><\/li><li class=\"fusion-li-item\" style=\"\"><span class=\"icon-wrapper circle-yes\"><i class=\"fusion-li-icon fa-check fas\" aria-hidden=\"true\"><\/i><\/span><div class=\"fusion-li-item-content\">\n<p><strong>Italy<\/strong>: NEuroMuscular Omnicentre (NEMO) in Milano &#8211; Dr. Valeria Sansone, MD<\/p>\n<\/div><\/li><li class=\"fusion-li-item\" style=\"\"><span class=\"icon-wrapper circle-yes\"><i class=\"fusion-li-icon fa-check fas\" aria-hidden=\"true\"><\/i><\/span><div class=\"fusion-li-item-content\">Pays-Bas :  Universit\u00e9 de Leiden \u00e0 Leiden - Dr. Erik Niks, MD<\/div><\/li><li class=\"fusion-li-item\" style=\"\"><span class=\"icon-wrapper circle-yes\"><i class=\"fusion-li-icon fa-check fas\" aria-hidden=\"true\"><\/i><\/span><div class=\"fusion-li-item-content\">\n<p><strong>New Zealand<\/strong>:&nbsp; University of Auckland in Grafton, Auckland &#8211; Dr. Richard Roxburgh<\/p>\n<\/div><\/li><li class=\"fusion-li-item\" style=\"\"><span class=\"icon-wrapper circle-yes\"><i class=\"fusion-li-icon fa-check fas\" aria-hidden=\"true\"><\/i><\/span><div class=\"fusion-li-item-content\">\n<p><strong>United Kingdom<\/strong>: Newcastle University in Newcastle upon Tyne \u2014 Dr. Jordi Diaz-Manera, MD<\/p>\n<\/div><\/li><\/ul><\/div><\/div><\/div><div class=\"fusion-separator fusion-full-width-sep\" style=\"align-self: center;margin-left: auto;margin-right: auto;width:100%;max-width:100%;\"><div class=\"fusion-separator-border sep-single sep-solid\" style=\"--awb-height:20px;--awb-amount:20px;--awb-sep-color:var(--awb-color5);border-color:var(--awb-color5);border-top-width:2px;\"><\/div><\/div><div class=\"fusion-builder-row fusion-builder-row-inner fusion-row fusion-flex-align-items-flex-start fusion-flex-content-wrap\" style=\"width:104% !important;max-width:104% !important;margin-left: calc(-4% \/ 2 );margin-right: calc(-4% \/ 2 );\"><div class=\"fusion-layout-column fusion_builder_column_inner fusion-builder-nested-column-2 fusion_builder_column_inner_1_1 1_1 fusion-flex-column\" style=\"--awb-padding-top:15px;--awb-padding-right:15px;--awb-padding-bottom:15px;--awb-padding-left:15px;--awb-bg-color:#f2f2f2;--awb-bg-color-hover:#f2f2f2;--awb-bg-size:cover;--awb-width-large:100%;--awb-margin-top-large:0px;--awb-spacing-right-large:1.92%;--awb-margin-bottom-large:0px;--awb-spacing-left-large:1.92%;--awb-width-medium:100%;--awb-order-medium:0;--awb-spacing-right-medium:1.92%;--awb-spacing-left-medium:1.92%;--awb-width-small:100%;--awb-order-small:0;--awb-spacing-right-small:1.92%;--awb-spacing-left-small:1.92%;\"><div class=\"fusion-column-wrapper fusion-column-has-shadow fusion-flex-justify-content-flex-start fusion-content-layout-column\"><div class=\"fusion-title title fusion-title-4 fusion-sep-none fusion-title-text fusion-title-size-four\" style=\"--awb-text-color:var(--awb-color4);--awb-margin-bottom:10px;--awb-font-size:var(--awb-custom_typography_3-font-size);\"><h4 class=\"fusion-title-heading title-heading-left fusion-responsive-typography-calculated\" style=\"font-family:var(--awb-custom_typography_3-font-family);font-weight:var(--awb-custom_typography_3-font-weight);font-style:var(--awb-custom_typography_3-font-style);margin:0;font-size:1em;letter-spacing:var(--awb-custom_typography_3-letter-spacing);text-transform:var(--awb-custom_typography_3-text-transform);--fontSize:26;--minFontSize:26;line-height:var(--awb-custom_typography_3-line-height);\"><h3>Pour en savoir plus sur le GRASP et ses \u00e9tudes en cours, visitez le site du MDCRN.\u00a0<a href=\"https:\/\/www.mdcrn.com\/grasp\/network-information\" target=\"_blank\" rel=\"noopener noreferrer\">site web<\/a><\/h3><\/h4><\/div><\/div><\/div><\/div><\/div><\/div><\/div><\/div><\/p>","protected":false},"excerpt":{"rendered":"","protected":false},"author":1,"featured_media":0,"parent":6675,"menu_order":0,"comment_status":"closed","ping_status":"closed","template":"","meta":{"_acf_changed":false,"footnotes":""},"class_list":["post-4709","page","type-page","status-publish","hentry"],"acf":[],"yoast_head":"<!-- This site is optimized with the Yoast SEO plugin v23.9 - https:\/\/yoast.com\/wordpress\/plugins\/seo\/ -->\n<title>LGMD Specialists - LGMD Awareness Foundation<\/title>\n<meta name=\"robots\" content=\"index, follow, max-snippet:-1, max-image-preview:large, max-video-preview:-1\" \/>\n<link rel=\"canonical\" href=\"https:\/\/www.lgmd-info.org\/fr\/knowledge-base\/community-network\/lgmd-specialists\/\" \/>\n<meta property=\"og:locale\" content=\"fr_FR\" \/>\n<meta property=\"og:type\" content=\"article\" \/>\n<meta property=\"og:title\" content=\"LGMD Specialists - LGMD Awareness Foundation\" \/>\n<meta property=\"og:url\" content=\"https:\/\/www.lgmd-info.org\/fr\/knowledge-base\/community-network\/lgmd-specialists\/\" \/>\n<meta property=\"og:site_name\" content=\"LGMD Awareness Foundation\" \/>\n<meta property=\"article:publisher\" content=\"https:\/\/www.facebook.com\/LGMDawareness\/\" \/>\n<meta property=\"article:modified_time\" content=\"2026-03-29T19:44:58+00:00\" \/>\n<meta property=\"og:image\" content=\"https:\/\/www.lgmd-info.org\/wp-content\/uploads\/2021\/06\/LGMD-Logo_1200X630.png\" \/>\n\t<meta property=\"og:image:width\" content=\"1200\" \/>\n\t<meta property=\"og:image:height\" content=\"630\" \/>\n\t<meta property=\"og:image:type\" content=\"image\/png\" \/>\n<meta name=\"twitter:card\" content=\"summary_large_image\" \/>\n<meta name=\"twitter:site\" content=\"@LgmdAwareness\" \/>\n<script type=\"application\/ld+json\" class=\"yoast-schema-graph\">{\"@context\":\"https:\/\/schema.org\",\"@graph\":[{\"@type\":\"WebPage\",\"@id\":\"https:\/\/www.lgmd-info.org\/knowledge-base\/community-network\/lgmd-specialists\/\",\"url\":\"https:\/\/www.lgmd-info.org\/knowledge-base\/community-network\/lgmd-specialists\/\",\"name\":\"LGMD Specialists - LGMD Awareness Foundation\",\"isPartOf\":{\"@id\":\"https:\/\/www.lgmd-info.org\/de\/#website\"},\"datePublished\":\"2021-03-11T16:01:14+00:00\",\"dateModified\":\"2026-03-29T19:44:58+00:00\",\"breadcrumb\":{\"@id\":\"https:\/\/www.lgmd-info.org\/knowledge-base\/community-network\/lgmd-specialists\/#breadcrumb\"},\"inLanguage\":\"fr-FR\",\"potentialAction\":[{\"@type\":\"ReadAction\",\"target\":[\"https:\/\/www.lgmd-info.org\/knowledge-base\/community-network\/lgmd-specialists\/\"]}]},{\"@type\":\"BreadcrumbList\",\"@id\":\"https:\/\/www.lgmd-info.org\/knowledge-base\/community-network\/lgmd-specialists\/#breadcrumb\",\"itemListElement\":[{\"@type\":\"ListItem\",\"position\":1,\"name\":\"Home\",\"item\":\"https:\/\/www.lgmd-info.org\/de\/\"},{\"@type\":\"ListItem\",\"position\":2,\"name\":\"Knowledge Base\",\"item\":\"https:\/\/www.lgmd-info.org\/knowledge-base\/\"},{\"@type\":\"ListItem\",\"position\":3,\"name\":\"Community Network\",\"item\":\"https:\/\/www.lgmd-info.org\/knowledge-base\/community-network\/\"},{\"@type\":\"ListItem\",\"position\":4,\"name\":\"LGMD Specialists\"}]},{\"@type\":\"WebSite\",\"@id\":\"https:\/\/www.lgmd-info.org\/de\/#website\",\"url\":\"https:\/\/www.lgmd-info.org\/de\/\",\"name\":\"LGMD Awareness Foundation\",\"description\":\"Information Hub for the LGMD community\",\"publisher\":{\"@id\":\"https:\/\/www.lgmd-info.org\/de\/#organization\"},\"potentialAction\":[{\"@type\":\"SearchAction\",\"target\":{\"@type\":\"EntryPoint\",\"urlTemplate\":\"https:\/\/www.lgmd-info.org\/de\/?s={search_term_string}\"},\"query-input\":{\"@type\":\"PropertyValueSpecification\",\"valueRequired\":true,\"valueName\":\"search_term_string\"}}],\"inLanguage\":\"fr-FR\"},{\"@type\":\"Organization\",\"@id\":\"https:\/\/www.lgmd-info.org\/de\/#organization\",\"name\":\"LGMD Awareness Foundation, Inc.\",\"url\":\"https:\/\/www.lgmd-info.org\/de\/\",\"logo\":{\"@type\":\"ImageObject\",\"inLanguage\":\"fr-FR\",\"@id\":\"https:\/\/www.lgmd-info.org\/de\/#\/schema\/logo\/image\/\",\"url\":\"https:\/\/lgmd-info.org\/wp-content\/uploads\/2021\/02\/LGMD_Logo.png\",\"contentUrl\":\"https:\/\/lgmd-info.org\/wp-content\/uploads\/2021\/02\/LGMD_Logo.png\",\"width\":208,\"height\":61,\"caption\":\"LGMD Awareness Foundation, Inc.\"},\"image\":{\"@id\":\"https:\/\/www.lgmd-info.org\/de\/#\/schema\/logo\/image\/\"},\"sameAs\":[\"https:\/\/www.facebook.com\/LGMDawareness\/\",\"https:\/\/x.com\/LgmdAwareness\",\"https:\/\/www.instagram.com\/lgmdawareness\/\"]}]}<\/script>\n<!-- \/ Yoast SEO plugin. -->","yoast_head_json":{"title":"LGMD Specialists - LGMD Awareness Foundation","robots":{"index":"index","follow":"follow","max-snippet":"max-snippet:-1","max-image-preview":"max-image-preview:large","max-video-preview":"max-video-preview:-1"},"canonical":"https:\/\/www.lgmd-info.org\/fr\/knowledge-base\/community-network\/lgmd-specialists\/","og_locale":"fr_FR","og_type":"article","og_title":"LGMD Specialists - LGMD Awareness Foundation","og_url":"https:\/\/www.lgmd-info.org\/fr\/knowledge-base\/community-network\/lgmd-specialists\/","og_site_name":"LGMD Awareness Foundation","article_publisher":"https:\/\/www.facebook.com\/LGMDawareness\/","article_modified_time":"2026-03-29T19:44:58+00:00","og_image":[{"width":1200,"height":630,"url":"https:\/\/www.lgmd-info.org\/wp-content\/uploads\/2021\/06\/LGMD-Logo_1200X630.png","type":"image\/png"}],"twitter_card":"summary_large_image","twitter_site":"@LgmdAwareness","schema":{"@context":"https:\/\/schema.org","@graph":[{"@type":"WebPage","@id":"https:\/\/www.lgmd-info.org\/knowledge-base\/community-network\/lgmd-specialists\/","url":"https:\/\/www.lgmd-info.org\/knowledge-base\/community-network\/lgmd-specialists\/","name":"LGMD Specialists - LGMD Awareness Foundation","isPartOf":{"@id":"https:\/\/www.lgmd-info.org\/de\/#website"},"datePublished":"2021-03-11T16:01:14+00:00","dateModified":"2026-03-29T19:44:58+00:00","breadcrumb":{"@id":"https:\/\/www.lgmd-info.org\/knowledge-base\/community-network\/lgmd-specialists\/#breadcrumb"},"inLanguage":"fr-FR","potentialAction":[{"@type":"ReadAction","target":["https:\/\/www.lgmd-info.org\/knowledge-base\/community-network\/lgmd-specialists\/"]}]},{"@type":"BreadcrumbList","@id":"https:\/\/www.lgmd-info.org\/knowledge-base\/community-network\/lgmd-specialists\/#breadcrumb","itemListElement":[{"@type":"ListItem","position":1,"name":"Home","item":"https:\/\/www.lgmd-info.org\/de\/"},{"@type":"ListItem","position":2,"name":"Knowledge Base","item":"https:\/\/www.lgmd-info.org\/knowledge-base\/"},{"@type":"ListItem","position":3,"name":"Community Network","item":"https:\/\/www.lgmd-info.org\/knowledge-base\/community-network\/"},{"@type":"ListItem","position":4,"name":"LGMD Specialists"}]},{"@type":"WebSite","@id":"https:\/\/www.lgmd-info.org\/de\/#website","url":"https:\/\/www.lgmd-info.org\/de\/","name":"LGMD Awareness Foundation","description":"Information Hub for the LGMD community","publisher":{"@id":"https:\/\/www.lgmd-info.org\/de\/#organization"},"potentialAction":[{"@type":"SearchAction","target":{"@type":"EntryPoint","urlTemplate":"https:\/\/www.lgmd-info.org\/de\/?s={search_term_string}"},"query-input":{"@type":"PropertyValueSpecification","valueRequired":true,"valueName":"search_term_string"}}],"inLanguage":"fr-FR"},{"@type":"Organization","@id":"https:\/\/www.lgmd-info.org\/de\/#organization","name":"LGMD Awareness Foundation, Inc.","url":"https:\/\/www.lgmd-info.org\/de\/","logo":{"@type":"ImageObject","inLanguage":"fr-FR","@id":"https:\/\/www.lgmd-info.org\/de\/#\/schema\/logo\/image\/","url":"https:\/\/lgmd-info.org\/wp-content\/uploads\/2021\/02\/LGMD_Logo.png","contentUrl":"https:\/\/lgmd-info.org\/wp-content\/uploads\/2021\/02\/LGMD_Logo.png","width":208,"height":61,"caption":"LGMD Awareness Foundation, Inc."},"image":{"@id":"https:\/\/www.lgmd-info.org\/de\/#\/schema\/logo\/image\/"},"sameAs":["https:\/\/www.facebook.com\/LGMDawareness\/","https:\/\/x.com\/LgmdAwareness","https:\/\/www.instagram.com\/lgmdawareness\/"]}]}},"_links":{"self":[{"href":"https:\/\/www.lgmd-info.org\/fr\/wp-json\/wp\/v2\/pages\/4709","targetHints":{"allow":["GET"]}}],"collection":[{"href":"https:\/\/www.lgmd-info.org\/fr\/wp-json\/wp\/v2\/pages"}],"about":[{"href":"https:\/\/www.lgmd-info.org\/fr\/wp-json\/wp\/v2\/types\/page"}],"author":[{"embeddable":true,"href":"https:\/\/www.lgmd-info.org\/fr\/wp-json\/wp\/v2\/users\/1"}],"replies":[{"embeddable":true,"href":"https:\/\/www.lgmd-info.org\/fr\/wp-json\/wp\/v2\/comments?post=4709"}],"version-history":[{"count":5,"href":"https:\/\/www.lgmd-info.org\/fr\/wp-json\/wp\/v2\/pages\/4709\/revisions"}],"predecessor-version":[{"id":9393,"href":"https:\/\/www.lgmd-info.org\/fr\/wp-json\/wp\/v2\/pages\/4709\/revisions\/9393"}],"up":[{"embeddable":true,"href":"https:\/\/www.lgmd-info.org\/fr\/wp-json\/wp\/v2\/pages\/6675"}],"wp:attachment":[{"href":"https:\/\/www.lgmd-info.org\/fr\/wp-json\/wp\/v2\/media?parent=4709"}],"curies":[{"name":"wp","href":"https:\/\/api.w.org\/{rel}","templated":true}]}}