{"id":91,"date":"2021-02-10T17:49:18","date_gmt":"2021-02-10T17:49:18","guid":{"rendered":"https:\/\/www.lgmd-info.org\/?page_id=91"},"modified":"2025-12-11T17:53:44","modified_gmt":"2025-12-11T17:53:44","slug":"about-lgmd-awareness-day","status":"publish","type":"page","link":"https:\/\/www.lgmd-info.org\/fr\/awareness-day\/about-lgmd-awareness-day\/","title":{"rendered":"\u00c0 propos de la journ\u00e9e de sensibilisation \u00e0 la LGMD"},"content":{"rendered":"<p><div class=\"fusion-fullwidth fullwidth-box fusion-builder-row-1 fusion-flex-container nonhundred-percent-fullwidth non-hundred-percent-height-scrolling\" style=\"--awb-border-radius-top-left:0px;--awb-border-radius-top-right:0px;--awb-border-radius-bottom-right:0px;--awb-border-radius-bottom-left:0px;--awb-flex-wrap:wrap;\" ><div class=\"fusion-builder-row fusion-row fusion-flex-align-items-flex-start fusion-flex-content-wrap\" style=\"max-width:1456px;margin-left: calc(-4% \/ 2 );margin-right: calc(-4% \/ 2 );\"><div class=\"fusion-layout-column fusion_builder_column fusion-builder-column-0 fusion_builder_column_1_4 1_4 fusion-flex-column\" style=\"--awb-bg-size:cover;--awb-width-large:25%;--awb-margin-top-large:0px;--awb-spacing-right-large:7.68%;--awb-margin-bottom-large:20px;--awb-spacing-left-large:7.68%;--awb-width-medium:100%;--awb-order-medium:0;--awb-spacing-right-medium:1.92%;--awb-spacing-left-medium:1.92%;--awb-width-small:100%;--awb-order-small:0;--awb-spacing-right-small:1.92%;--awb-spacing-left-small:1.92%;\"><div class=\"fusion-column-wrapper fusion-column-has-shadow fusion-flex-justify-content-center fusion-content-layout-row\"><div class=\"fusion-image-element\" style=\"--awb-max-width:250px;--awb-caption-title-font-family:var(--h2_typography-font-family);--awb-caption-title-font-weight:var(--h2_typography-font-weight);--awb-caption-title-font-style:var(--h2_typography-font-style);--awb-caption-title-size:var(--h2_typography-font-size);--awb-caption-title-transform:var(--h2_typography-text-transform);--awb-caption-title-line-height:var(--h2_typography-line-height);--awb-caption-title-letter-spacing:var(--h2_typography-letter-spacing);\"><span class=\"fusion-imageframe imageframe-none imageframe-1 hover-type-none\"><img decoding=\"async\" alt=\"Lgmd Logo 1 Color Update 2\" title=\"Lgmd Logo 1 Color Update 2\" src=\"data:image\/gif;base64,R0lGODlhAQABAAAAACH5BAEKAAEALAAAAAABAAEAAAICTAEAOw==\" data-orig-src=\"https:\/\/www.lgmd-info.org\/wp-content\/uploads\/2023\/10\/LGMD_logo-1-Color-Update-2.jpg\" class=\"lazyload img-responsive wp-image-7616\"\/><\/span><\/div><\/div><\/div><div class=\"fusion-layout-column fusion_builder_column fusion-builder-column-1 fusion_builder_column_3_4 3_4 fusion-flex-column fusion-flex-align-self-stretch\" style=\"--awb-bg-size:cover;--awb-width-large:75%;--awb-margin-top-large:0px;--awb-spacing-right-large:2.56%;--awb-margin-bottom-large:20px;--awb-spacing-left-large:2.56%;--awb-width-medium:100%;--awb-order-medium:2;--awb-spacing-right-medium:1.92%;--awb-margin-bottom-medium:0px;--awb-spacing-left-medium:1.92%;--awb-width-small:100%;--awb-order-small:1;--awb-spacing-right-small:1.92%;--awb-margin-bottom-small:0px;--awb-spacing-left-small:1.92%;\"><div class=\"fusion-column-wrapper fusion-column-has-shadow fusion-flex-justify-content-center fusion-content-layout-column\"><div class=\"fusion-text fusion-text-1\"><p>Limb-Girdle Muscular Dystrophy Awareness Day is an annual collaborative effort to globally raise awareness of individuals living with limb-girdle muscular dystrophy (LGMD). The 12th annual Global \u201cLGMD Awareness Day\u201d will be held on September 30, 2026.<\/p>\n<p>Pendant trop longtemps, la dystrophie musculaire des ceintures a \u00e9t\u00e9 une maladie rare orpheline qui n'a pas re\u00e7u l'attention qu'elle m\u00e9ritait de la part des chercheurs, des prestataires de soins de sant\u00e9 ou du grand public. M\u00eame de nombreux patients atteints de la dystrophie musculaire des ceintures n'ont qu'une connaissance limit\u00e9e du diagnostic de la dystrophie musculaire des ceintures et de l'\u00e9volution de la maladie.<\/p>\n<p>Notre objectif est d'attirer l'attention sur ce groupe de maladies neuromusculaires rares, qui peuvent avoir un impact sur la vie de nombreuses personnes, de l'enfance \u00e0 l'\u00e2ge adulte, car la LGMD est pr\u00e9sente dans toutes les r\u00e9gions du monde et dans tous les groupes ethniques.<\/p>\n<\/div><\/div><\/div><div class=\"fusion-layout-column fusion_builder_column fusion-builder-column-2 fusion_builder_column_1_1 1_1 fusion-flex-column\" style=\"--awb-bg-size:cover;--awb-width-large:100%;--awb-margin-top-large:0px;--awb-spacing-right-large:1.92%;--awb-margin-bottom-large:20px;--awb-spacing-left-large:1.92%;--awb-width-medium:100%;--awb-order-medium:2;--awb-spacing-right-medium:1.92%;--awb-spacing-left-medium:1.92%;--awb-width-small:100%;--awb-order-small:1;--awb-spacing-right-small:1.92%;--awb-spacing-left-small:1.92%;\"><div class=\"fusion-column-wrapper fusion-column-has-shadow fusion-flex-justify-content-flex-start fusion-content-layout-column\"><div class=\"fusion-text fusion-text-2\"><p>La prise de conscience, la compr\u00e9hension et l'unit\u00e9 constituent une grande force. Chaque ann\u00e9e, la communaut\u00e9 de la dystrophie musculaire des ceintures fait preuve d'une connectivit\u00e9 mondiale lorsque nous faisons campagne ensemble et obtenons la reconnaissance de la dystrophie musculaire des ceintures (DMG). Avec plus de 30 types g\u00e9n\u00e9tiques diff\u00e9rents de LGMD, le fait de collaborer \u00e0 l'\u00e9chelle mondiale nous rend plus forts que nous ne pourrions jamais l'\u00eatre seuls.<\/p>\n<p>Nous invitons toutes les personnes atteintes de LGMD, les membres de leur famille, les organisations, les professionnels de la sant\u00e9, les chercheurs, les d\u00e9veloppeurs de m\u00e9dicaments, les organisations de sant\u00e9 publique et toute association int\u00e9ress\u00e9e par la LGMD \u00e0 se joindre \u00e0 nous et \u00e0 nous aider \u00e0 mieux faire conna\u00eetre ces maladies neuromusculaires rares et \u00e9volutives.<\/p>\n<p>Que vous soyez un membre de longue date de la communaut\u00e9 ou un nouveau venu, votre participation aux activit\u00e9s de la Journ\u00e9e de sensibilisation \u00e0 la LGMD est importante. La sensibilisation peut se r\u00e9pandre beaucoup plus rapidement si plus d'individus, de toutes les parties du monde, partagent leur esprit \u00e0 distance par le biais de reposts, de shout outs et de snaps de l'autocollant de sensibilisation \u00e0 la LGMD sur vos plateformes pr\u00e9f\u00e9r\u00e9es. Le pouvoir est dans l'action.<\/p>\n<p>Nous pensons que gr\u00e2ce aux m\u00e9dias sociaux, la participation et la sensibilisation auront une plus grande port\u00e9e et un plus grand impact. Pour vous tenir au courant de nos initiatives mondiales et des composantes \u00e9ducatives de la Journ\u00e9e de sensibilisation \u00e0 la LGMD, veuillez vous joindre \u00e0 nous sur Facebook. Nous publions des messages \u00e9ducatifs sur la LGMD, nous pr\u00e9sentons des interviews de LGMD et nous publions des informations pertinentes pour l'ensemble de la communaut\u00e9. Ensemble, nous pouvons faire la diff\u00e9rence pour les personnes atteintes de dystrophie musculaire des ceintures.<\/p>\n<\/div><\/div><\/div><\/div><\/div><div class=\"fusion-fullwidth fullwidth-box fusion-builder-row-2 fusion-flex-container has-pattern-background has-mask-background nonhundred-percent-fullwidth non-hundred-percent-height-scrolling\" style=\"--awb-border-radius-top-left:0px;--awb-border-radius-top-right:0px;--awb-border-radius-bottom-right:0px;--awb-border-radius-bottom-left:0px;--awb-flex-wrap:wrap;\" ><div class=\"fusion-builder-row fusion-row fusion-flex-align-items-flex-start fusion-flex-content-wrap\" style=\"max-width:1456px;margin-left: calc(-4% \/ 2 );margin-right: calc(-4% \/ 2 );\"><div class=\"fusion-layout-column fusion_builder_column fusion-builder-column-3 fusion_builder_column_1_1 1_1 fusion-flex-column\" style=\"--awb-overflow:hidden;--awb-bg-color:var(--awb-color4);--awb-bg-color-hover:var(--awb-color4);--awb-bg-size:cover;--awb-box-shadow:0px 0px 4px 0px var(--awb-color2);;--awb-border-radius:5px 5px 5px 5px;--awb-width-large:100%;--awb-margin-top-large:20px;--awb-spacing-right-large:1.92%;--awb-margin-bottom-large:20px;--awb-spacing-left-large:1.92%;--awb-width-medium:100%;--awb-order-medium:0;--awb-spacing-right-medium:1.92%;--awb-spacing-left-medium:1.92%;--awb-width-small:100%;--awb-order-small:0;--awb-spacing-right-small:1.92%;--awb-spacing-left-small:1.92%;\"><div class=\"fusion-column-wrapper fusion-column-has-shadow fusion-flex-justify-content-flex-start fusion-content-layout-column\"><div class=\"fusion-title title fusion-title-1 fusion-sep-none fusion-title-text fusion-title-size-three\" style=\"--awb-text-color:var(--awb-color1);--awb-margin-right:10px;--awb-margin-bottom:10px;--awb-margin-left:15px;--awb-font-size:var(--awb-custom_typography_3-font-size);\"><h3 class=\"fusion-title-heading title-heading-left fusion-responsive-typography-calculated\" style=\"font-family:var(--awb-custom_typography_3-font-family);font-weight:var(--awb-custom_typography_3-font-weight);font-style:var(--awb-custom_typography_3-font-style);margin:0;font-size:1em;letter-spacing:var(--awb-custom_typography_3-letter-spacing);text-transform:var(--awb-custom_typography_3-text-transform);--fontSize:26;--minFontSize:26;line-height:var(--awb-custom_typography_3-line-height);\">TOUT LE MONDE EST INVIT\u00c9 \u00c0 SOUTENIR LA JOURN\u00c9E DE SENSIBILISATION \u00c0 LA LGMD !<\/h3><\/div><div class=\"fusion-separator fusion-full-width-sep\" style=\"align-self: center;margin-left: auto;margin-right: auto;width:100%;\"><div class=\"fusion-separator-border sep-shadow\" style=\"--awb-height:20px;--awb-amount:20px;--awb-sep-color:var(--awb-color1);background:radial-gradient(ellipse at 50% -50% , var(--awb-color1) 0px, rgba(255, 255, 255, 0) 80%) repeat scroll 0 0 rgba(0, 0, 0, 0);background:-webkit-radial-gradient(ellipse at 50% -50% , var(--awb-color1) 0px, rgba(255, 255, 255, 0) 80%) repeat scroll 0 0 rgba(0, 0, 0, 0);background:-moz-radial-gradient(ellipse at 50% -50% , var(--awb-color1) 0px, rgba(255, 255, 255, 0) 80%) repeat scroll 0 0 rgba(0, 0, 0, 0);background:-o-radial-gradient(ellipse at 50% -50% , var(--awb-color1) 0px, rgba(255, 255, 255, 0) 80%) repeat scroll 0 0 rgba(0, 0, 0, 0);\"><\/div><\/div><div class=\"fusion-builder-row fusion-builder-row-inner fusion-row fusion-flex-align-items-flex-start fusion-flex-content-wrap\" style=\"width:104% !important;max-width:104% !important;margin-left: calc(-4% \/ 2 );margin-right: calc(-4% \/ 2 );\"><div class=\"fusion-layout-column fusion_builder_column_inner fusion-builder-nested-column-0 fusion_builder_column_inner_1_1 1_1 fusion-flex-column\" style=\"--awb-padding-top:15px;--awb-padding-right:15px;--awb-padding-bottom:15px;--awb-padding-left:15px;--awb-bg-color:#f2f2f2;--awb-bg-color-hover:#f2f2f2;--awb-bg-size:cover;--awb-width-large:100%;--awb-margin-top-large:0px;--awb-spacing-right-large:1.92%;--awb-margin-bottom-large:0px;--awb-spacing-left-large:1.92%;--awb-width-medium:100%;--awb-order-medium:0;--awb-spacing-right-medium:1.92%;--awb-spacing-left-medium:1.92%;--awb-width-small:100%;--awb-order-small:0;--awb-spacing-right-small:1.92%;--awb-spacing-left-small:1.92%;\"><div class=\"fusion-column-wrapper fusion-column-has-shadow fusion-flex-justify-content-flex-start fusion-content-layout-column\"><div class=\"fusion-title title fusion-title-2 fusion-sep-none fusion-title-text fusion-title-size-paragraph\" style=\"--awb-font-size:var(--awb-custom_typography_6-font-size);\"><p class=\"fusion-title-heading title-heading-left title-heading-tag fusion-responsive-typography-calculated\" style=\"font-family:var(--awb-custom_typography_6-font-family);font-weight:var(--awb-custom_typography_6-font-weight);font-style:var(--awb-custom_typography_6-font-style);margin:0;font-size:1em;letter-spacing:var(--awb-custom_typography_6-letter-spacing);text-transform:var(--awb-custom_typography_6-text-transform);--fontSize:16;--minFontSize:16;line-height:var(--awb-custom_typography_6-line-height);\"><p>Nous encourageons les particuliers, les patients, les membres de la famille, les associations de patients, les professionnels de la sant\u00e9, les chercheurs, les d\u00e9veloppeurs de m\u00e9dicaments, les organismes de sant\u00e9 publique et le grand public \u00e0 participer. Plus il y aura de participants, mieux ce sera ! En tant que personnes atteintes de dystrophie musculaire des ceintures (DMG), nous vivons dans des zones g\u00e9ographiques diff\u00e9rentes, parlons des langues diff\u00e9rentes et observons des coutumes diff\u00e9rentes.<\/p>\n<p>\u00c0 l'approche du 30 septembre, il y aura plusieurs fa\u00e7ons de participer. Globalement, nous pouvons travailler ensemble pour accro\u00eetre la sensibilisation \u00e0 la LGMD par le partage d'exp\u00e9riences personnelles, de mat\u00e9riel \u00e9ducatif et de r\u00e9seaux sociaux. Nous vous encourageons \u00e0 faire preuve de cr\u00e9ativit\u00e9 pour trouver des moyens de c\u00e9l\u00e9brer cet \u00e9v\u00e9nement mondial dans votre r\u00e9gion.<\/p><\/p><\/div><ul style=\"--awb-margin-top:10px;--awb-margin-bottom:10px;--awb-iconcolor:var(--awb-color4);--awb-line-height:27.2px;--awb-icon-width:27.2px;--awb-icon-height:27.2px;--awb-icon-margin:11.2px;--awb-content-margin:38.4px;--awb-circlecolor:rgba(255,255,255,0);--awb-circle-yes-font-size:14.08px;\" class=\"fusion-checklist fusion-checklist-1 fusion-checklist-default type-icons\"><li class=\"fusion-li-item\" style=\"\"><span class=\"icon-wrapper circle-yes\"><i class=\"fusion-li-icon fa-check fas\" aria-hidden=\"true\"><\/i><\/span><div class=\"fusion-li-item-content\">\n<p>Visitez notre \"<a href=\"https:\/\/www.lgmd-info.org\/fr\/awareness-day\/Initiatives\/\">Initiatives de la journ\u00e9e de sensibilisation<\/a>\"pour plus de d\u00e9tails sur la promotion de la sensibilisation au niveau local dans votre communaut\u00e9.<\/p>\n<\/div><\/li><li class=\"fusion-li-item\" style=\"\"><span class=\"icon-wrapper circle-yes\"><i class=\"fusion-li-icon fa-check fas\" aria-hidden=\"true\"><\/i><\/span><div class=\"fusion-li-item-content\">\n<p>Visitez notre \"<a href=\"https:\/\/www.lgmd-info.org\/fr\/awareness-day\/resources\/\">Ressources pour la journ\u00e9e de sensibilisation<\/a>Pour t\u00e9l\u00e9charger des outils promotionnels qui vous aideront \u00e0 sensibiliser le public \u00e0 la LGMD, rendez-vous sur la page \"LGMD\".<\/p>\n<\/div><\/li><li class=\"fusion-li-item\" style=\"\"><span class=\"icon-wrapper circle-yes\"><i class=\"fusion-li-icon fa-check fas\" aria-hidden=\"true\"><\/i><\/span><div class=\"fusion-li-item-content\">\n<p>Se porter volontaire pour figurer dans un prochain \"<a href=\"https:\/\/www.lgmd-info.org\/fr\/spotlights\/\">LGMD Spotlight Interview<\/a>\"<\/p>\n<\/div><\/li><\/ul><div class=\"fusion-title title fusion-title-3 fusion-sep-none fusion-title-text fusion-title-size-paragraph\" style=\"--awb-font-size:var(--awb-custom_typography_6-font-size);\"><p class=\"fusion-title-heading title-heading-left title-heading-tag fusion-responsive-typography-calculated\" style=\"font-family:var(--awb-custom_typography_6-font-family);font-weight:var(--awb-custom_typography_6-font-weight);font-style:var(--awb-custom_typography_6-font-style);margin:0;font-size:1em;letter-spacing:var(--awb-custom_typography_6-letter-spacing);text-transform:var(--awb-custom_typography_6-text-transform);--fontSize:16;--minFontSize:16;line-height:var(--awb-custom_typography_6-line-height);\">N'oubliez pas qu'en racontant votre histoire et en partageant vos exp\u00e9riences, vous aidez les autres \u00e0 comprendre ce que c'est que de vivre avec le LGMD. Vous jouez un r\u00f4le important dans cette campagne de sensibilisation mondiale. Contactez les journalistes des m\u00e9dias locaux, y compris la t\u00e9l\u00e9vision, la radio, les journaux, les journalistes en ligne et les blogueurs, et donnez-leur des informations sur la Journ\u00e9e de sensibilisation \u00e0 la LGMD et sur votre histoire particuli\u00e8re.<\/p><\/div><\/div><\/div><\/div><\/div><\/div><\/div><\/div><\/p>","protected":false},"excerpt":{"rendered":"","protected":false},"author":1,"featured_media":5432,"parent":40,"menu_order":0,"comment_status":"closed","ping_status":"closed","template":"","meta":{"_acf_changed":false,"footnotes":""},"class_list":["post-91","page","type-page","status-publish","has-post-thumbnail","hentry"],"acf":[],"yoast_head":"<!-- This site is optimized with the Yoast SEO plugin v23.9 - https:\/\/yoast.com\/wordpress\/plugins\/seo\/ -->\n<title>About LGMD Awareness Day - LGMD Awareness Foundation<\/title>\n<meta name=\"robots\" content=\"index, follow, max-snippet:-1, max-image-preview:large, max-video-preview:-1\" \/>\n<link rel=\"canonical\" href=\"https:\/\/www.lgmd-info.org\/fr\/awareness-day\/about-lgmd-awareness-day\/\" \/>\n<meta property=\"og:locale\" content=\"fr_FR\" \/>\n<meta property=\"og:type\" content=\"article\" \/>\n<meta property=\"og:title\" content=\"About LGMD Awareness Day - LGMD Awareness Foundation\" \/>\n<meta property=\"og:url\" content=\"https:\/\/www.lgmd-info.org\/fr\/awareness-day\/about-lgmd-awareness-day\/\" \/>\n<meta property=\"og:site_name\" content=\"LGMD Awareness Foundation\" \/>\n<meta property=\"article:publisher\" content=\"https:\/\/www.facebook.com\/LGMDawareness\/\" \/>\n<meta property=\"article:modified_time\" content=\"2025-12-11T17:53:44+00:00\" \/>\n<meta property=\"og:image\" content=\"https:\/\/www.lgmd-info.org\/wp-content\/uploads\/2021\/08\/Girdie-transparent-background.png\" \/>\n\t<meta property=\"og:image:width\" content=\"401\" \/>\n\t<meta property=\"og:image:height\" content=\"393\" \/>\n\t<meta property=\"og:image:type\" content=\"image\/png\" \/>\n<meta name=\"twitter:card\" content=\"summary_large_image\" \/>\n<meta name=\"twitter:site\" content=\"@LgmdAwareness\" \/>\n<meta name=\"twitter:label1\" content=\"Est. reading time\" \/>\n\t<meta name=\"twitter:data1\" content=\"5 minutes\" \/>\n<script type=\"application\/ld+json\" class=\"yoast-schema-graph\">{\"@context\":\"https:\/\/schema.org\",\"@graph\":[{\"@type\":\"WebPage\",\"@id\":\"https:\/\/www.lgmd-info.org\/ja\/awareness-day\/about-lgmd-awareness-day\/\",\"url\":\"https:\/\/www.lgmd-info.org\/ja\/awareness-day\/about-lgmd-awareness-day\/\",\"name\":\"About LGMD Awareness Day - LGMD Awareness Foundation\",\"isPartOf\":{\"@id\":\"https:\/\/www.lgmd-info.org\/de\/#website\"},\"primaryImageOfPage\":{\"@id\":\"https:\/\/www.lgmd-info.org\/ja\/awareness-day\/about-lgmd-awareness-day\/#primaryimage\"},\"image\":{\"@id\":\"https:\/\/www.lgmd-info.org\/ja\/awareness-day\/about-lgmd-awareness-day\/#primaryimage\"},\"thumbnailUrl\":\"https:\/\/www.lgmd-info.org\/wp-content\/uploads\/2021\/08\/Girdie-transparent-background.png\",\"datePublished\":\"2021-02-10T17:49:18+00:00\",\"dateModified\":\"2025-12-11T17:53:44+00:00\",\"breadcrumb\":{\"@id\":\"https:\/\/www.lgmd-info.org\/ja\/awareness-day\/about-lgmd-awareness-day\/#breadcrumb\"},\"inLanguage\":\"fr-FR\",\"potentialAction\":[{\"@type\":\"ReadAction\",\"target\":[\"https:\/\/www.lgmd-info.org\/ja\/awareness-day\/about-lgmd-awareness-day\/\"]}]},{\"@type\":\"ImageObject\",\"inLanguage\":\"fr-FR\",\"@id\":\"https:\/\/www.lgmd-info.org\/ja\/awareness-day\/about-lgmd-awareness-day\/#primaryimage\",\"url\":\"https:\/\/www.lgmd-info.org\/wp-content\/uploads\/2021\/08\/Girdie-transparent-background.png\",\"contentUrl\":\"https:\/\/www.lgmd-info.org\/wp-content\/uploads\/2021\/08\/Girdie-transparent-background.png\",\"width\":401,\"height\":393,\"caption\":\"\"},{\"@type\":\"BreadcrumbList\",\"@id\":\"https:\/\/www.lgmd-info.org\/ja\/awareness-day\/about-lgmd-awareness-day\/#breadcrumb\",\"itemListElement\":[{\"@type\":\"ListItem\",\"position\":1,\"name\":\"Home\",\"item\":\"https:\/\/www.lgmd-info.org\/de\/\"},{\"@type\":\"ListItem\",\"position\":2,\"name\":\"Awareness Day\",\"item\":\"https:\/\/www.lgmd-info.org\/ja\/awareness-day\/\"},{\"@type\":\"ListItem\",\"position\":3,\"name\":\"About LGMD Awareness Day\"}]},{\"@type\":\"WebSite\",\"@id\":\"https:\/\/www.lgmd-info.org\/de\/#website\",\"url\":\"https:\/\/www.lgmd-info.org\/de\/\",\"name\":\"LGMD Awareness Foundation\",\"description\":\"Information Hub for the LGMD community\",\"publisher\":{\"@id\":\"https:\/\/www.lgmd-info.org\/de\/#organization\"},\"potentialAction\":[{\"@type\":\"SearchAction\",\"target\":{\"@type\":\"EntryPoint\",\"urlTemplate\":\"https:\/\/www.lgmd-info.org\/de\/?s={search_term_string}\"},\"query-input\":{\"@type\":\"PropertyValueSpecification\",\"valueRequired\":true,\"valueName\":\"search_term_string\"}}],\"inLanguage\":\"fr-FR\"},{\"@type\":\"Organization\",\"@id\":\"https:\/\/www.lgmd-info.org\/de\/#organization\",\"name\":\"LGMD Awareness Foundation, Inc.\",\"url\":\"https:\/\/www.lgmd-info.org\/de\/\",\"logo\":{\"@type\":\"ImageObject\",\"inLanguage\":\"fr-FR\",\"@id\":\"https:\/\/www.lgmd-info.org\/de\/#\/schema\/logo\/image\/\",\"url\":\"https:\/\/lgmd-info.org\/wp-content\/uploads\/2021\/02\/LGMD_Logo.png\",\"contentUrl\":\"https:\/\/lgmd-info.org\/wp-content\/uploads\/2021\/02\/LGMD_Logo.png\",\"width\":208,\"height\":61,\"caption\":\"LGMD Awareness Foundation, Inc.\"},\"image\":{\"@id\":\"https:\/\/www.lgmd-info.org\/de\/#\/schema\/logo\/image\/\"},\"sameAs\":[\"https:\/\/www.facebook.com\/LGMDawareness\/\",\"https:\/\/x.com\/LgmdAwareness\",\"https:\/\/www.instagram.com\/lgmdawareness\/\"]}]}<\/script>\n<!-- \/ Yoast SEO plugin. -->","yoast_head_json":{"title":"About LGMD Awareness Day - LGMD Awareness Foundation","robots":{"index":"index","follow":"follow","max-snippet":"max-snippet:-1","max-image-preview":"max-image-preview:large","max-video-preview":"max-video-preview:-1"},"canonical":"https:\/\/www.lgmd-info.org\/fr\/awareness-day\/about-lgmd-awareness-day\/","og_locale":"fr_FR","og_type":"article","og_title":"About LGMD Awareness Day - LGMD Awareness Foundation","og_url":"https:\/\/www.lgmd-info.org\/fr\/awareness-day\/about-lgmd-awareness-day\/","og_site_name":"LGMD Awareness Foundation","article_publisher":"https:\/\/www.facebook.com\/LGMDawareness\/","article_modified_time":"2025-12-11T17:53:44+00:00","og_image":[{"width":401,"height":393,"url":"https:\/\/www.lgmd-info.org\/wp-content\/uploads\/2021\/08\/Girdie-transparent-background.png","type":"image\/png"}],"twitter_card":"summary_large_image","twitter_site":"@LgmdAwareness","twitter_misc":{"Est. reading time":"5 minutes"},"schema":{"@context":"https:\/\/schema.org","@graph":[{"@type":"WebPage","@id":"https:\/\/www.lgmd-info.org\/ja\/awareness-day\/about-lgmd-awareness-day\/","url":"https:\/\/www.lgmd-info.org\/ja\/awareness-day\/about-lgmd-awareness-day\/","name":"About LGMD Awareness Day - LGMD Awareness Foundation","isPartOf":{"@id":"https:\/\/www.lgmd-info.org\/de\/#website"},"primaryImageOfPage":{"@id":"https:\/\/www.lgmd-info.org\/ja\/awareness-day\/about-lgmd-awareness-day\/#primaryimage"},"image":{"@id":"https:\/\/www.lgmd-info.org\/ja\/awareness-day\/about-lgmd-awareness-day\/#primaryimage"},"thumbnailUrl":"https:\/\/www.lgmd-info.org\/wp-content\/uploads\/2021\/08\/Girdie-transparent-background.png","datePublished":"2021-02-10T17:49:18+00:00","dateModified":"2025-12-11T17:53:44+00:00","breadcrumb":{"@id":"https:\/\/www.lgmd-info.org\/ja\/awareness-day\/about-lgmd-awareness-day\/#breadcrumb"},"inLanguage":"fr-FR","potentialAction":[{"@type":"ReadAction","target":["https:\/\/www.lgmd-info.org\/ja\/awareness-day\/about-lgmd-awareness-day\/"]}]},{"@type":"ImageObject","inLanguage":"fr-FR","@id":"https:\/\/www.lgmd-info.org\/ja\/awareness-day\/about-lgmd-awareness-day\/#primaryimage","url":"https:\/\/www.lgmd-info.org\/wp-content\/uploads\/2021\/08\/Girdie-transparent-background.png","contentUrl":"https:\/\/www.lgmd-info.org\/wp-content\/uploads\/2021\/08\/Girdie-transparent-background.png","width":401,"height":393,"caption":""},{"@type":"BreadcrumbList","@id":"https:\/\/www.lgmd-info.org\/ja\/awareness-day\/about-lgmd-awareness-day\/#breadcrumb","itemListElement":[{"@type":"ListItem","position":1,"name":"Home","item":"https:\/\/www.lgmd-info.org\/de\/"},{"@type":"ListItem","position":2,"name":"Awareness Day","item":"https:\/\/www.lgmd-info.org\/ja\/awareness-day\/"},{"@type":"ListItem","position":3,"name":"About LGMD Awareness Day"}]},{"@type":"WebSite","@id":"https:\/\/www.lgmd-info.org\/de\/#website","url":"https:\/\/www.lgmd-info.org\/de\/","name":"LGMD Awareness Foundation","description":"Information Hub for the LGMD community","publisher":{"@id":"https:\/\/www.lgmd-info.org\/de\/#organization"},"potentialAction":[{"@type":"SearchAction","target":{"@type":"EntryPoint","urlTemplate":"https:\/\/www.lgmd-info.org\/de\/?s={search_term_string}"},"query-input":{"@type":"PropertyValueSpecification","valueRequired":true,"valueName":"search_term_string"}}],"inLanguage":"fr-FR"},{"@type":"Organization","@id":"https:\/\/www.lgmd-info.org\/de\/#organization","name":"LGMD Awareness Foundation, Inc.","url":"https:\/\/www.lgmd-info.org\/de\/","logo":{"@type":"ImageObject","inLanguage":"fr-FR","@id":"https:\/\/www.lgmd-info.org\/de\/#\/schema\/logo\/image\/","url":"https:\/\/lgmd-info.org\/wp-content\/uploads\/2021\/02\/LGMD_Logo.png","contentUrl":"https:\/\/lgmd-info.org\/wp-content\/uploads\/2021\/02\/LGMD_Logo.png","width":208,"height":61,"caption":"LGMD Awareness Foundation, Inc."},"image":{"@id":"https:\/\/www.lgmd-info.org\/de\/#\/schema\/logo\/image\/"},"sameAs":["https:\/\/www.facebook.com\/LGMDawareness\/","https:\/\/x.com\/LgmdAwareness","https:\/\/www.instagram.com\/lgmdawareness\/"]}]}},"_links":{"self":[{"href":"https:\/\/www.lgmd-info.org\/fr\/wp-json\/wp\/v2\/pages\/91","targetHints":{"allow":["GET"]}}],"collection":[{"href":"https:\/\/www.lgmd-info.org\/fr\/wp-json\/wp\/v2\/pages"}],"about":[{"href":"https:\/\/www.lgmd-info.org\/fr\/wp-json\/wp\/v2\/types\/page"}],"author":[{"embeddable":true,"href":"https:\/\/www.lgmd-info.org\/fr\/wp-json\/wp\/v2\/users\/1"}],"replies":[{"embeddable":true,"href":"https:\/\/www.lgmd-info.org\/fr\/wp-json\/wp\/v2\/comments?post=91"}],"version-history":[{"count":2,"href":"https:\/\/www.lgmd-info.org\/fr\/wp-json\/wp\/v2\/pages\/91\/revisions"}],"predecessor-version":[{"id":9332,"href":"https:\/\/www.lgmd-info.org\/fr\/wp-json\/wp\/v2\/pages\/91\/revisions\/9332"}],"up":[{"embeddable":true,"href":"https:\/\/www.lgmd-info.org\/fr\/wp-json\/wp\/v2\/pages\/40"}],"wp:featuredmedia":[{"embeddable":true,"href":"https:\/\/www.lgmd-info.org\/fr\/wp-json\/wp\/v2\/media\/5432"}],"wp:attachment":[{"href":"https:\/\/www.lgmd-info.org\/fr\/wp-json\/wp\/v2\/media?parent=91"}],"curies":[{"name":"wp","href":"https:\/\/api.w.org\/{rel}","templated":true}]}}