{"id":91,"date":"2021-02-10T17:49:18","date_gmt":"2021-02-10T17:49:18","guid":{"rendered":"https:\/\/www.lgmd-info.org\/?page_id=91"},"modified":"2025-12-11T17:53:44","modified_gmt":"2025-12-11T17:53:44","slug":"about-lgmd-awareness-day","status":"publish","type":"page","link":"https:\/\/www.lgmd-info.org\/it\/awareness-day\/about-lgmd-awareness-day\/","title":{"rendered":"Informazioni sulla Giornata di sensibilizzazione sulla LGMD"},"content":{"rendered":"<p><div class=\"fusion-fullwidth fullwidth-box fusion-builder-row-1 fusion-flex-container nonhundred-percent-fullwidth non-hundred-percent-height-scrolling\" style=\"--awb-border-radius-top-left:0px;--awb-border-radius-top-right:0px;--awb-border-radius-bottom-right:0px;--awb-border-radius-bottom-left:0px;--awb-flex-wrap:wrap;\" ><div class=\"fusion-builder-row fusion-row fusion-flex-align-items-flex-start fusion-flex-content-wrap\" style=\"max-width:1456px;margin-left: calc(-4% \/ 2 );margin-right: calc(-4% \/ 2 );\"><div class=\"fusion-layout-column fusion_builder_column fusion-builder-column-0 fusion_builder_column_1_4 1_4 fusion-flex-column\" style=\"--awb-bg-size:cover;--awb-width-large:25%;--awb-margin-top-large:0px;--awb-spacing-right-large:7.68%;--awb-margin-bottom-large:20px;--awb-spacing-left-large:7.68%;--awb-width-medium:100%;--awb-order-medium:0;--awb-spacing-right-medium:1.92%;--awb-spacing-left-medium:1.92%;--awb-width-small:100%;--awb-order-small:0;--awb-spacing-right-small:1.92%;--awb-spacing-left-small:1.92%;\"><div class=\"fusion-column-wrapper fusion-column-has-shadow fusion-flex-justify-content-center fusion-content-layout-row\"><div class=\"fusion-image-element\" style=\"--awb-max-width:250px;--awb-caption-title-font-family:var(--h2_typography-font-family);--awb-caption-title-font-weight:var(--h2_typography-font-weight);--awb-caption-title-font-style:var(--h2_typography-font-style);--awb-caption-title-size:var(--h2_typography-font-size);--awb-caption-title-transform:var(--h2_typography-text-transform);--awb-caption-title-line-height:var(--h2_typography-line-height);--awb-caption-title-letter-spacing:var(--h2_typography-letter-spacing);\"><span class=\"fusion-imageframe imageframe-none imageframe-1 hover-type-none\"><img decoding=\"async\" alt=\"Lgmd Logo 1 Color Update 2\" title=\"Logo Lgmd 1 Aggiornamento colore 2\" src=\"data:image\/gif;base64,R0lGODlhAQABAAAAACH5BAEKAAEALAAAAAABAAEAAAICTAEAOw==\" data-orig-src=\"https:\/\/www.lgmd-info.org\/wp-content\/uploads\/2023\/10\/LGMD_logo-1-Color-Update-2.jpg\" class=\"lazyload img-responsive wp-image-7616\"\/><\/span><\/div><\/div><\/div><div class=\"fusion-layout-column fusion_builder_column fusion-builder-column-1 fusion_builder_column_3_4 3_4 fusion-flex-column fusion-flex-align-self-stretch\" style=\"--awb-bg-size:cover;--awb-width-large:75%;--awb-margin-top-large:0px;--awb-spacing-right-large:2.56%;--awb-margin-bottom-large:20px;--awb-spacing-left-large:2.56%;--awb-width-medium:100%;--awb-order-medium:2;--awb-spacing-right-medium:1.92%;--awb-margin-bottom-medium:0px;--awb-spacing-left-medium:1.92%;--awb-width-small:100%;--awb-order-small:1;--awb-spacing-right-small:1.92%;--awb-margin-bottom-small:0px;--awb-spacing-left-small:1.92%;\"><div class=\"fusion-column-wrapper fusion-column-has-shadow fusion-flex-justify-content-center fusion-content-layout-column\"><div class=\"fusion-text fusion-text-1\"><p>Limb-Girdle Muscular Dystrophy Awareness Day is an annual collaborative effort to globally raise awareness of individuals living with limb-girdle muscular dystrophy (LGMD). The 12th annual Global \u201cLGMD Awareness Day\u201d will be held on September 30, 2026.<\/p>\n<p>Per troppo tempo, la distrofia muscolare degli arti \u00e8 stata una malattia rara orfana che non ha ricevuto l'attenzione dei ricercatori, degli operatori sanitari e del pubblico in generale che meritava. Anche molti pazienti che vivono con la LGMD hanno una conoscenza limitata della diagnosi e del processo progressivo della malattia.<\/p>\n<p>Il nostro obiettivo \u00e8 quello di attirare l'attenzione su questo gruppo di malattie neuromuscolari rare, che possono avere un impatto sulla vita di molti dall'infanzia all'et\u00e0 adulta, poich\u00e9 la LGMD \u00e8 presente in tutte le parti del mondo e in tutti i gruppi etnici.<\/p>\n<\/div><\/div><\/div><div class=\"fusion-layout-column fusion_builder_column fusion-builder-column-2 fusion_builder_column_1_1 1_1 fusion-flex-column\" style=\"--awb-bg-size:cover;--awb-width-large:100%;--awb-margin-top-large:0px;--awb-spacing-right-large:1.92%;--awb-margin-bottom-large:20px;--awb-spacing-left-large:1.92%;--awb-width-medium:100%;--awb-order-medium:2;--awb-spacing-right-medium:1.92%;--awb-spacing-left-medium:1.92%;--awb-width-small:100%;--awb-order-small:1;--awb-spacing-right-small:1.92%;--awb-spacing-left-small:1.92%;\"><div class=\"fusion-column-wrapper fusion-column-has-shadow fusion-flex-justify-content-flex-start fusion-content-layout-column\"><div class=\"fusion-text fusion-text-2\"><p>La consapevolezza, la comprensione e l'unione fanno la forza. La comunit\u00e0 della LGMD dimostra ogni anno la propria connettivit\u00e0 a livello globale quando si riunisce per promuovere la distrofia muscolare del tronco degli arti (LGMD) e ottenere il riconoscimento della malattia. Con oltre 30 tipi genetici diversi di LGMD, l'atto di collaborare a livello globale ci rende pi\u00f9 forti di quanto potremmo mai essere da soli.<\/p>\n<p>Invitiamo tutte le persone affette da LGMD, i familiari, le organizzazioni, gli operatori sanitari, i ricercatori, gli sviluppatori di farmaci, le organizzazioni di salute pubblica e qualsiasi associazione interessata alle LGMD a unirsi e ad aiutarci ad aumentare la consapevolezza di queste malattie neuromuscolari rare e progressive.<\/p>\n<p>Che siate membri della comunit\u00e0 da molto tempo o nuovi, la vostra partecipazione alle attivit\u00e0 della Giornata di sensibilizzazione sulla LGMD \u00e8 importante. La consapevolezza pu\u00f2 diffondersi molto pi\u00f9 rapidamente se un maggior numero di individui, da ogni parte del mondo, condivide il proprio spirito a distanza attraverso repost, shout out e scatti dell'adesivo LGMD Awareness sulle vostre piattaforme preferite. L'azione \u00e8 potente.<\/p>\n<p>Crediamo che attraverso i social media la partecipazione e la sensibilizzazione avranno una portata e un impatto pi\u00f9 ampi. Per rimanere aggiornati sulle nostre iniziative globali e sulle componenti educative della Giornata di sensibilizzazione sulla LGMD, unitevi a noi su Facebook. Stiamo fornendo post educativi sulla LGMD, presentando \"Interviste Spotlight\" sulla LGMD e pubblicando informazioni pertinenti per l'intera comunit\u00e0. Insieme, possiamo fare la differenza per chi vive con la distrofia muscolare degli arti.<\/p>\n<\/div><\/div><\/div><\/div><\/div><div class=\"fusion-fullwidth fullwidth-box fusion-builder-row-2 fusion-flex-container has-pattern-background has-mask-background nonhundred-percent-fullwidth non-hundred-percent-height-scrolling\" style=\"--awb-border-radius-top-left:0px;--awb-border-radius-top-right:0px;--awb-border-radius-bottom-right:0px;--awb-border-radius-bottom-left:0px;--awb-flex-wrap:wrap;\" ><div class=\"fusion-builder-row fusion-row fusion-flex-align-items-flex-start fusion-flex-content-wrap\" style=\"max-width:1456px;margin-left: calc(-4% \/ 2 );margin-right: calc(-4% \/ 2 );\"><div class=\"fusion-layout-column fusion_builder_column fusion-builder-column-3 fusion_builder_column_1_1 1_1 fusion-flex-column\" style=\"--awb-overflow:hidden;--awb-bg-color:var(--awb-color4);--awb-bg-color-hover:var(--awb-color4);--awb-bg-size:cover;--awb-box-shadow:0px 0px 4px 0px var(--awb-color2);;--awb-border-radius:5px 5px 5px 5px;--awb-width-large:100%;--awb-margin-top-large:20px;--awb-spacing-right-large:1.92%;--awb-margin-bottom-large:20px;--awb-spacing-left-large:1.92%;--awb-width-medium:100%;--awb-order-medium:0;--awb-spacing-right-medium:1.92%;--awb-spacing-left-medium:1.92%;--awb-width-small:100%;--awb-order-small:0;--awb-spacing-right-small:1.92%;--awb-spacing-left-small:1.92%;\"><div class=\"fusion-column-wrapper fusion-column-has-shadow fusion-flex-justify-content-flex-start fusion-content-layout-column\"><div class=\"fusion-title title fusion-title-1 fusion-sep-none fusion-title-text fusion-title-size-three\" style=\"--awb-text-color:var(--awb-color1);--awb-margin-right:10px;--awb-margin-bottom:10px;--awb-margin-left:15px;--awb-font-size:var(--awb-custom_typography_3-font-size);\"><h3 class=\"fusion-title-heading title-heading-left fusion-responsive-typography-calculated\" style=\"font-family:var(--awb-custom_typography_3-font-family);font-weight:var(--awb-custom_typography_3-font-weight);font-style:var(--awb-custom_typography_3-font-style);margin:0;font-size:1em;letter-spacing:var(--awb-custom_typography_3-letter-spacing);text-transform:var(--awb-custom_typography_3-text-transform);--fontSize:26;--minFontSize:26;line-height:var(--awb-custom_typography_3-line-height);\">TUTTI INVITATI A SOSTENERE LA GIORNATA DI SENSIBILIZZAZIONE SULLA LGMD!<\/h3><\/div><div class=\"fusion-separator fusion-full-width-sep\" style=\"align-self: center;margin-left: auto;margin-right: auto;width:100%;\"><div class=\"fusion-separator-border sep-shadow\" style=\"--awb-height:20px;--awb-amount:20px;--awb-sep-color:var(--awb-color1);background:radial-gradient(ellipse at 50% -50% , var(--awb-color1) 0px, rgba(255, 255, 255, 0) 80%) repeat scroll 0 0 rgba(0, 0, 0, 0);background:-webkit-radial-gradient(ellipse at 50% -50% , var(--awb-color1) 0px, rgba(255, 255, 255, 0) 80%) repeat scroll 0 0 rgba(0, 0, 0, 0);background:-moz-radial-gradient(ellipse at 50% -50% , var(--awb-color1) 0px, rgba(255, 255, 255, 0) 80%) repeat scroll 0 0 rgba(0, 0, 0, 0);background:-o-radial-gradient(ellipse at 50% -50% , var(--awb-color1) 0px, rgba(255, 255, 255, 0) 80%) repeat scroll 0 0 rgba(0, 0, 0, 0);\"><\/div><\/div><div class=\"fusion-builder-row fusion-builder-row-inner fusion-row fusion-flex-align-items-flex-start fusion-flex-content-wrap\" style=\"width:104% !important;max-width:104% !important;margin-left: calc(-4% \/ 2 );margin-right: calc(-4% \/ 2 );\"><div class=\"fusion-layout-column fusion_builder_column_inner fusion-builder-nested-column-0 fusion_builder_column_inner_1_1 1_1 fusion-flex-column\" style=\"--awb-padding-top:15px;--awb-padding-right:15px;--awb-padding-bottom:15px;--awb-padding-left:15px;--awb-bg-color:#f2f2f2;--awb-bg-color-hover:#f2f2f2;--awb-bg-size:cover;--awb-width-large:100%;--awb-margin-top-large:0px;--awb-spacing-right-large:1.92%;--awb-margin-bottom-large:0px;--awb-spacing-left-large:1.92%;--awb-width-medium:100%;--awb-order-medium:0;--awb-spacing-right-medium:1.92%;--awb-spacing-left-medium:1.92%;--awb-width-small:100%;--awb-order-small:0;--awb-spacing-right-small:1.92%;--awb-spacing-left-small:1.92%;\"><div class=\"fusion-column-wrapper fusion-column-has-shadow fusion-flex-justify-content-flex-start fusion-content-layout-column\"><div class=\"fusion-title title fusion-title-2 fusion-sep-none fusion-title-text fusion-title-size-paragraph\" style=\"--awb-font-size:var(--awb-custom_typography_6-font-size);\"><p class=\"fusion-title-heading title-heading-left title-heading-tag fusion-responsive-typography-calculated\" style=\"font-family:var(--awb-custom_typography_6-font-family);font-weight:var(--awb-custom_typography_6-font-weight);font-style:var(--awb-custom_typography_6-font-style);margin:0;font-size:1em;letter-spacing:var(--awb-custom_typography_6-letter-spacing);text-transform:var(--awb-custom_typography_6-text-transform);--fontSize:16;--minFontSize:16;line-height:var(--awb-custom_typography_6-line-height);\"><p>Incoraggiamo i singoli, i pazienti, i familiari, le organizzazioni di pazienti, gli operatori sanitari, i ricercatori, gli sviluppatori di farmaci, le organizzazioni di salute pubblica e il pubblico in generale a partecipare. Pi\u00f9 persone partecipano, meglio \u00e8! Come persone affette da distrofia muscolare degli arti (LGMD), viviamo in aree geografiche diverse, parliamo lingue diverse e osserviamo abitudini diverse.<\/p>\n<p>All'avvicinarsi del 30 settembre ci saranno diversi modi per partecipare. A livello globale possiamo lavorare insieme per aumentare la consapevolezza della LGMD attraverso la condivisione di esperienze personali, materiali educativi e social network. Vi invitiamo ad essere creativi nel trovare modi per celebrare questo evento globale nella vostra regione.<\/p><\/p><\/div><ul style=\"--awb-margin-top:10px;--awb-margin-bottom:10px;--awb-iconcolor:var(--awb-color4);--awb-line-height:27.2px;--awb-icon-width:27.2px;--awb-icon-height:27.2px;--awb-icon-margin:11.2px;--awb-content-margin:38.4px;--awb-circlecolor:rgba(255,255,255,0);--awb-circle-yes-font-size:14.08px;\" class=\"fusion-checklist fusion-checklist-1 fusion-checklist-default type-icons\"><li class=\"fusion-li-item\" style=\"\"><span class=\"icon-wrapper circle-yes\"><i class=\"fusion-li-icon fa-check fas\" aria-hidden=\"true\"><\/i><\/span><div class=\"fusion-li-item-content\">\n<p>Visitate il nostro sito \"<a href=\"https:\/\/www.lgmd-info.org\/it\/awareness-day\/Initiatives\/\">Iniziative per la Giornata di sensibilizzazione<\/a>Per maggiori informazioni su come promuovere la consapevolezza locale nella vostra comunit\u00e0, consultate la pagina \"La nostra comunit\u00e0\".<\/p>\n<\/div><\/li><li class=\"fusion-li-item\" style=\"\"><span class=\"icon-wrapper circle-yes\"><i class=\"fusion-li-icon fa-check fas\" aria-hidden=\"true\"><\/i><\/span><div class=\"fusion-li-item-content\">\n<p>Visitate il nostro sito \"<a href=\"https:\/\/www.lgmd-info.org\/it\/awareness-day\/resources\/\">Risorse per la Giornata di sensibilizzazione<\/a>\"per scaricare gli strumenti promozionali che vi aiuteranno a sensibilizzare l'opinione pubblica sulla LGMD.<\/p>\n<\/div><\/li><li class=\"fusion-li-item\" style=\"\"><span class=\"icon-wrapper circle-yes\"><i class=\"fusion-li-icon fa-check fas\" aria-hidden=\"true\"><\/i><\/span><div class=\"fusion-li-item-content\">\n<p>Volontari per essere presentati in un prossimo \"<a href=\"https:\/\/www.lgmd-info.org\/it\/spotlights\/\">Intervista a LGMD Spotlight<\/a>\"<\/p>\n<\/div><\/li><\/ul><div class=\"fusion-title title fusion-title-3 fusion-sep-none fusion-title-text fusion-title-size-paragraph\" style=\"--awb-font-size:var(--awb-custom_typography_6-font-size);\"><p class=\"fusion-title-heading title-heading-left title-heading-tag fusion-responsive-typography-calculated\" style=\"font-family:var(--awb-custom_typography_6-font-family);font-weight:var(--awb-custom_typography_6-font-weight);font-style:var(--awb-custom_typography_6-font-style);margin:0;font-size:1em;letter-spacing:var(--awb-custom_typography_6-letter-spacing);text-transform:var(--awb-custom_typography_6-text-transform);--fontSize:16;--minFontSize:16;line-height:var(--awb-custom_typography_6-line-height);\">Ricordate che raccontando la vostra storia e condividendo le vostre esperienze, aiutate gli altri a capire cosa significa vivere con la LGMD. Voi svolgete un ruolo importante in questa campagna di sensibilizzazione globale. Contattate i giornalisti dei media locali, tra cui TV, radio, giornali, giornalisti online e blogger, e informateli sulla Giornata di sensibilizzazione sulla LGMD e sulla vostra storia particolare.<\/p><\/div><\/div><\/div><\/div><\/div><\/div><\/div><\/div><\/p>","protected":false},"excerpt":{"rendered":"","protected":false},"author":1,"featured_media":5432,"parent":40,"menu_order":0,"comment_status":"closed","ping_status":"closed","template":"","meta":{"_acf_changed":false,"footnotes":""},"class_list":["post-91","page","type-page","status-publish","has-post-thumbnail","hentry"],"acf":[],"yoast_head":"<!-- This site is optimized with the Yoast SEO plugin v23.9 - https:\/\/yoast.com\/wordpress\/plugins\/seo\/ -->\n<title>About LGMD Awareness Day - LGMD Awareness Foundation<\/title>\n<meta name=\"robots\" content=\"index, follow, max-snippet:-1, max-image-preview:large, max-video-preview:-1\" \/>\n<link rel=\"canonical\" href=\"https:\/\/www.lgmd-info.org\/it\/awareness-day\/about-lgmd-awareness-day\/\" \/>\n<meta property=\"og:locale\" content=\"it_IT\" \/>\n<meta property=\"og:type\" content=\"article\" \/>\n<meta property=\"og:title\" content=\"About LGMD Awareness Day - LGMD Awareness Foundation\" \/>\n<meta property=\"og:url\" content=\"https:\/\/www.lgmd-info.org\/it\/awareness-day\/about-lgmd-awareness-day\/\" \/>\n<meta property=\"og:site_name\" content=\"LGMD Awareness Foundation\" \/>\n<meta property=\"article:publisher\" content=\"https:\/\/www.facebook.com\/LGMDawareness\/\" \/>\n<meta property=\"article:modified_time\" content=\"2025-12-11T17:53:44+00:00\" \/>\n<meta property=\"og:image\" content=\"https:\/\/www.lgmd-info.org\/wp-content\/uploads\/2021\/08\/Girdie-transparent-background.png\" \/>\n\t<meta property=\"og:image:width\" content=\"401\" \/>\n\t<meta property=\"og:image:height\" content=\"393\" \/>\n\t<meta property=\"og:image:type\" content=\"image\/png\" \/>\n<meta name=\"twitter:card\" content=\"summary_large_image\" \/>\n<meta name=\"twitter:site\" content=\"@LgmdAwareness\" \/>\n<meta name=\"twitter:label1\" content=\"Est. reading time\" \/>\n\t<meta name=\"twitter:data1\" content=\"5 minutes\" \/>\n<script type=\"application\/ld+json\" class=\"yoast-schema-graph\">{\"@context\":\"https:\/\/schema.org\",\"@graph\":[{\"@type\":\"WebPage\",\"@id\":\"https:\/\/www.lgmd-info.org\/ja\/awareness-day\/about-lgmd-awareness-day\/\",\"url\":\"https:\/\/www.lgmd-info.org\/ja\/awareness-day\/about-lgmd-awareness-day\/\",\"name\":\"About LGMD Awareness Day - LGMD Awareness Foundation\",\"isPartOf\":{\"@id\":\"https:\/\/www.lgmd-info.org\/de\/#website\"},\"primaryImageOfPage\":{\"@id\":\"https:\/\/www.lgmd-info.org\/ja\/awareness-day\/about-lgmd-awareness-day\/#primaryimage\"},\"image\":{\"@id\":\"https:\/\/www.lgmd-info.org\/ja\/awareness-day\/about-lgmd-awareness-day\/#primaryimage\"},\"thumbnailUrl\":\"https:\/\/www.lgmd-info.org\/wp-content\/uploads\/2021\/08\/Girdie-transparent-background.png\",\"datePublished\":\"2021-02-10T17:49:18+00:00\",\"dateModified\":\"2025-12-11T17:53:44+00:00\",\"breadcrumb\":{\"@id\":\"https:\/\/www.lgmd-info.org\/ja\/awareness-day\/about-lgmd-awareness-day\/#breadcrumb\"},\"inLanguage\":\"it-IT\",\"potentialAction\":[{\"@type\":\"ReadAction\",\"target\":[\"https:\/\/www.lgmd-info.org\/ja\/awareness-day\/about-lgmd-awareness-day\/\"]}]},{\"@type\":\"ImageObject\",\"inLanguage\":\"it-IT\",\"@id\":\"https:\/\/www.lgmd-info.org\/ja\/awareness-day\/about-lgmd-awareness-day\/#primaryimage\",\"url\":\"https:\/\/www.lgmd-info.org\/wp-content\/uploads\/2021\/08\/Girdie-transparent-background.png\",\"contentUrl\":\"https:\/\/www.lgmd-info.org\/wp-content\/uploads\/2021\/08\/Girdie-transparent-background.png\",\"width\":401,\"height\":393,\"caption\":\"\"},{\"@type\":\"BreadcrumbList\",\"@id\":\"https:\/\/www.lgmd-info.org\/ja\/awareness-day\/about-lgmd-awareness-day\/#breadcrumb\",\"itemListElement\":[{\"@type\":\"ListItem\",\"position\":1,\"name\":\"Home\",\"item\":\"https:\/\/www.lgmd-info.org\/de\/\"},{\"@type\":\"ListItem\",\"position\":2,\"name\":\"Awareness Day\",\"item\":\"https:\/\/www.lgmd-info.org\/ja\/awareness-day\/\"},{\"@type\":\"ListItem\",\"position\":3,\"name\":\"About LGMD Awareness Day\"}]},{\"@type\":\"WebSite\",\"@id\":\"https:\/\/www.lgmd-info.org\/de\/#website\",\"url\":\"https:\/\/www.lgmd-info.org\/de\/\",\"name\":\"LGMD Awareness Foundation\",\"description\":\"Information Hub for the LGMD community\",\"publisher\":{\"@id\":\"https:\/\/www.lgmd-info.org\/de\/#organization\"},\"potentialAction\":[{\"@type\":\"SearchAction\",\"target\":{\"@type\":\"EntryPoint\",\"urlTemplate\":\"https:\/\/www.lgmd-info.org\/de\/?s={search_term_string}\"},\"query-input\":{\"@type\":\"PropertyValueSpecification\",\"valueRequired\":true,\"valueName\":\"search_term_string\"}}],\"inLanguage\":\"it-IT\"},{\"@type\":\"Organization\",\"@id\":\"https:\/\/www.lgmd-info.org\/de\/#organization\",\"name\":\"LGMD Awareness Foundation, Inc.\",\"url\":\"https:\/\/www.lgmd-info.org\/de\/\",\"logo\":{\"@type\":\"ImageObject\",\"inLanguage\":\"it-IT\",\"@id\":\"https:\/\/www.lgmd-info.org\/de\/#\/schema\/logo\/image\/\",\"url\":\"https:\/\/lgmd-info.org\/wp-content\/uploads\/2021\/02\/LGMD_Logo.png\",\"contentUrl\":\"https:\/\/lgmd-info.org\/wp-content\/uploads\/2021\/02\/LGMD_Logo.png\",\"width\":208,\"height\":61,\"caption\":\"LGMD Awareness Foundation, Inc.\"},\"image\":{\"@id\":\"https:\/\/www.lgmd-info.org\/de\/#\/schema\/logo\/image\/\"},\"sameAs\":[\"https:\/\/www.facebook.com\/LGMDawareness\/\",\"https:\/\/x.com\/LgmdAwareness\",\"https:\/\/www.instagram.com\/lgmdawareness\/\"]}]}<\/script>\n<!-- \/ Yoast SEO plugin. -->","yoast_head_json":{"title":"About LGMD Awareness Day - LGMD Awareness Foundation","robots":{"index":"index","follow":"follow","max-snippet":"max-snippet:-1","max-image-preview":"max-image-preview:large","max-video-preview":"max-video-preview:-1"},"canonical":"https:\/\/www.lgmd-info.org\/it\/awareness-day\/about-lgmd-awareness-day\/","og_locale":"it_IT","og_type":"article","og_title":"About LGMD Awareness Day - LGMD Awareness Foundation","og_url":"https:\/\/www.lgmd-info.org\/it\/awareness-day\/about-lgmd-awareness-day\/","og_site_name":"LGMD Awareness Foundation","article_publisher":"https:\/\/www.facebook.com\/LGMDawareness\/","article_modified_time":"2025-12-11T17:53:44+00:00","og_image":[{"width":401,"height":393,"url":"https:\/\/www.lgmd-info.org\/wp-content\/uploads\/2021\/08\/Girdie-transparent-background.png","type":"image\/png"}],"twitter_card":"summary_large_image","twitter_site":"@LgmdAwareness","twitter_misc":{"Est. reading time":"5 minutes"},"schema":{"@context":"https:\/\/schema.org","@graph":[{"@type":"WebPage","@id":"https:\/\/www.lgmd-info.org\/ja\/awareness-day\/about-lgmd-awareness-day\/","url":"https:\/\/www.lgmd-info.org\/ja\/awareness-day\/about-lgmd-awareness-day\/","name":"About LGMD Awareness Day - LGMD Awareness Foundation","isPartOf":{"@id":"https:\/\/www.lgmd-info.org\/de\/#website"},"primaryImageOfPage":{"@id":"https:\/\/www.lgmd-info.org\/ja\/awareness-day\/about-lgmd-awareness-day\/#primaryimage"},"image":{"@id":"https:\/\/www.lgmd-info.org\/ja\/awareness-day\/about-lgmd-awareness-day\/#primaryimage"},"thumbnailUrl":"https:\/\/www.lgmd-info.org\/wp-content\/uploads\/2021\/08\/Girdie-transparent-background.png","datePublished":"2021-02-10T17:49:18+00:00","dateModified":"2025-12-11T17:53:44+00:00","breadcrumb":{"@id":"https:\/\/www.lgmd-info.org\/ja\/awareness-day\/about-lgmd-awareness-day\/#breadcrumb"},"inLanguage":"it-IT","potentialAction":[{"@type":"ReadAction","target":["https:\/\/www.lgmd-info.org\/ja\/awareness-day\/about-lgmd-awareness-day\/"]}]},{"@type":"ImageObject","inLanguage":"it-IT","@id":"https:\/\/www.lgmd-info.org\/ja\/awareness-day\/about-lgmd-awareness-day\/#primaryimage","url":"https:\/\/www.lgmd-info.org\/wp-content\/uploads\/2021\/08\/Girdie-transparent-background.png","contentUrl":"https:\/\/www.lgmd-info.org\/wp-content\/uploads\/2021\/08\/Girdie-transparent-background.png","width":401,"height":393,"caption":""},{"@type":"BreadcrumbList","@id":"https:\/\/www.lgmd-info.org\/ja\/awareness-day\/about-lgmd-awareness-day\/#breadcrumb","itemListElement":[{"@type":"ListItem","position":1,"name":"Home","item":"https:\/\/www.lgmd-info.org\/de\/"},{"@type":"ListItem","position":2,"name":"Awareness Day","item":"https:\/\/www.lgmd-info.org\/ja\/awareness-day\/"},{"@type":"ListItem","position":3,"name":"About LGMD Awareness Day"}]},{"@type":"WebSite","@id":"https:\/\/www.lgmd-info.org\/de\/#website","url":"https:\/\/www.lgmd-info.org\/de\/","name":"LGMD Awareness Foundation","description":"Information Hub for the LGMD community","publisher":{"@id":"https:\/\/www.lgmd-info.org\/de\/#organization"},"potentialAction":[{"@type":"SearchAction","target":{"@type":"EntryPoint","urlTemplate":"https:\/\/www.lgmd-info.org\/de\/?s={search_term_string}"},"query-input":{"@type":"PropertyValueSpecification","valueRequired":true,"valueName":"search_term_string"}}],"inLanguage":"it-IT"},{"@type":"Organization","@id":"https:\/\/www.lgmd-info.org\/de\/#organization","name":"LGMD Awareness Foundation, Inc.","url":"https:\/\/www.lgmd-info.org\/de\/","logo":{"@type":"ImageObject","inLanguage":"it-IT","@id":"https:\/\/www.lgmd-info.org\/de\/#\/schema\/logo\/image\/","url":"https:\/\/lgmd-info.org\/wp-content\/uploads\/2021\/02\/LGMD_Logo.png","contentUrl":"https:\/\/lgmd-info.org\/wp-content\/uploads\/2021\/02\/LGMD_Logo.png","width":208,"height":61,"caption":"LGMD Awareness Foundation, Inc."},"image":{"@id":"https:\/\/www.lgmd-info.org\/de\/#\/schema\/logo\/image\/"},"sameAs":["https:\/\/www.facebook.com\/LGMDawareness\/","https:\/\/x.com\/LgmdAwareness","https:\/\/www.instagram.com\/lgmdawareness\/"]}]}},"_links":{"self":[{"href":"https:\/\/www.lgmd-info.org\/it\/wp-json\/wp\/v2\/pages\/91","targetHints":{"allow":["GET"]}}],"collection":[{"href":"https:\/\/www.lgmd-info.org\/it\/wp-json\/wp\/v2\/pages"}],"about":[{"href":"https:\/\/www.lgmd-info.org\/it\/wp-json\/wp\/v2\/types\/page"}],"author":[{"embeddable":true,"href":"https:\/\/www.lgmd-info.org\/it\/wp-json\/wp\/v2\/users\/1"}],"replies":[{"embeddable":true,"href":"https:\/\/www.lgmd-info.org\/it\/wp-json\/wp\/v2\/comments?post=91"}],"version-history":[{"count":2,"href":"https:\/\/www.lgmd-info.org\/it\/wp-json\/wp\/v2\/pages\/91\/revisions"}],"predecessor-version":[{"id":9332,"href":"https:\/\/www.lgmd-info.org\/it\/wp-json\/wp\/v2\/pages\/91\/revisions\/9332"}],"up":[{"embeddable":true,"href":"https:\/\/www.lgmd-info.org\/it\/wp-json\/wp\/v2\/pages\/40"}],"wp:featuredmedia":[{"embeddable":true,"href":"https:\/\/www.lgmd-info.org\/it\/wp-json\/wp\/v2\/media\/5432"}],"wp:attachment":[{"href":"https:\/\/www.lgmd-info.org\/it\/wp-json\/wp\/v2\/media?parent=91"}],"curies":[{"name":"wp","href":"https:\/\/api.w.org\/{rel}","templated":true}]}}