{"id":6498,"date":"2023-04-18T19:15:20","date_gmt":"2023-04-18T19:15:20","guid":{"rendered":"https:\/\/restruct-lgmd-2021.pantheonsite.io\/?page_id=6498"},"modified":"2024-08-09T16:36:09","modified_gmt":"2024-08-09T16:36:09","slug":"all-about-lgmd","status":"publish","type":"page","link":"https:\/\/www.lgmd-info.org\/pl\/knowledge-base\/all-about-lgmd\/","title":{"rendered":"Wszystko o LGMD"},"content":{"rendered":"<div class=\"fusion-fullwidth fullwidth-box fusion-builder-row-1 fusion-flex-container has-pattern-background has-mask-background nonhundred-percent-fullwidth non-hundred-percent-height-scrolling\" style=\"--awb-border-radius-top-left:0px;--awb-border-radius-top-right:0px;--awb-border-radius-bottom-right:0px;--awb-border-radius-bottom-left:0px;--awb-flex-wrap:wrap;\" ><div class=\"fusion-builder-row fusion-row fusion-flex-align-items-flex-start fusion-flex-content-wrap\" style=\"max-width:1456px;margin-left: calc(-4% \/ 2 );margin-right: calc(-4% \/ 2 );\"><div class=\"fusion-layout-column fusion_builder_column fusion-builder-column-0 fusion_builder_column_1_1 1_1 fusion-flex-column\" style=\"--awb-bg-size:cover;--awb-width-large:100%;--awb-margin-top-large:0px;--awb-spacing-right-large:1.92%;--awb-margin-bottom-large:20px;--awb-spacing-left-large:1.92%;--awb-width-medium:100%;--awb-order-medium:0;--awb-spacing-right-medium:1.92%;--awb-spacing-left-medium:1.92%;--awb-width-small:100%;--awb-order-small:0;--awb-spacing-right-small:1.92%;--awb-spacing-left-small:1.92%;\"><div class=\"fusion-column-wrapper fusion-column-has-shadow fusion-flex-justify-content-flex-start fusion-content-layout-column\"><div class=\"fusion-text fusion-text-1\"><p>Wyrusz w podr\u00f3\u017c, aby zrozumie\u0107 dystrofi\u0119 mi\u0119\u015bniow\u0105 ko\u0144czyn dolnych (LGMD) dzi\u0119ki naszym kompleksowym sekcjom \"Przegl\u0105d i fakty dotycz\u0105ce LGMD\" oraz \"S\u0142owniczek termin\u00f3w\". \"Przegl\u0105d i fakty LGMD\" zag\u0142\u0119bia si\u0119 w r\u00f3\u017cne aspekty tej choroby, od jej podstawowych definicji, wp\u0142yw\u00f3w genetycznych i progresji objaw\u00f3w, po jej codzienny wp\u0142yw oraz najnowsze metody leczenia i bada\u0144. Nasz \"S\u0142ownik termin\u00f3w\" s\u0142u\u017cy jako podr\u0119czny przewodnik referencyjny, wyja\u015bniaj\u0105cy z\u0142o\u017cone terminologie i specjalistyczne s\u0142ownictwo u\u017cywane w dyskusji na temat LGMD. Wszystkie te zasoby maj\u0105 na celu poszerzenie wiedzy i lepsze zrozumienie tej z\u0142o\u017conej choroby.<\/p>\n<\/div><\/div><\/div><div class=\"fusion-layout-column fusion_builder_column fusion-builder-column-1 fusion_builder_column_1_3 1_3 fusion-flex-column fusion-column-inner-bg-wrapper fusion-column-liftup-border\" style=\"--awb-padding-top:15px;--awb-padding-right:15px;--awb-padding-bottom:5px;--awb-padding-left:15px;--awb-overflow:hidden;--awb-inner-bg-color:var(--awb-color2);--awb-inner-bg-color-hover:var(--awb-color2);--awb-inner-bg-blend:overlay;--awb-inner-bg-size:cover;--awb-inner-bg-box-shadow:0px 0px 1px 1px ;;--awb-border-radius:5px 5px 5px 5px;--awb-liftup-border-radius:5px 5px 5px 5px;--awb-width-large:33.333333333333%;--awb-margin-top-large:20px;--awb-spacing-right-large:5.76%;--awb-margin-bottom-large:20px;--awb-spacing-left-large:5.76%;--awb-width-medium:33.333333333333%;--awb-order-medium:0;--awb-spacing-right-medium:5.76%;--awb-spacing-left-medium:5.76%;--awb-width-small:100%;--awb-order-small:0;--awb-spacing-right-small:1.92%;--awb-spacing-left-small:1.92%;\"><span class=\"fusion-column-inner-bg hover-type-liftup\"><a class=\"fusion-column-anchor\" href=\"\/pl\/knowledge-base\/all-about-lgmd\/what-is-lgmd\/\"><span class=\"fusion-column-inner-bg-image\"><\/span><\/a><\/span><div class=\"fusion-column-wrapper fusion-flex-justify-content-flex-start fusion-content-layout-column\"><div class=\"fusion-builder-row fusion-builder-row-inner fusion-row fusion-flex-align-items-flex-start fusion-flex-content-wrap\" style=\"width:104% !important;max-width:104% !important;margin-left: calc(-4% \/ 2 );margin-right: calc(-4% \/ 2 );\"><div class=\"fusion-layout-column fusion_builder_column_inner fusion-builder-nested-column-0 fusion_builder_column_inner_3_4 3_4 fusion-flex-column\" style=\"--awb-bg-size:cover;--awb-width-large:75%;--awb-margin-top-large:0px;--awb-spacing-right-large:2.56%;--awb-margin-bottom-large:0px;--awb-spacing-left-large:2.56%;--awb-width-medium:75%;--awb-order-medium:0;--awb-spacing-right-medium:2.56%;--awb-spacing-left-medium:2.56%;--awb-width-small:75%;--awb-order-small:0;--awb-spacing-right-small:2.56%;--awb-spacing-left-small:2.56%;\"><div class=\"fusion-column-wrapper fusion-column-has-shadow fusion-flex-justify-content-flex-start fusion-content-layout-column\"><div class=\"fusion-title title fusion-title-1 fusion-sep-none fusion-title-text fusion-title-size-two\" style=\"--awb-text-color:var(--awb-color5);--awb-margin-bottom:5px;--awb-font-size:var(--awb-custom_typography_1-font-size);\"><h2 class=\"fusion-title-heading title-heading-left fusion-responsive-typography-calculated\" style=\"font-family:var(--awb-custom_typography_1-font-family);font-weight:var(--awb-custom_typography_1-font-weight);font-style:var(--awb-custom_typography_1-font-style);margin:0;font-size:1em;letter-spacing:var(--awb-custom_typography_1-letter-spacing);text-transform:var(--awb-custom_typography_1-text-transform);--fontSize:16;--minFontSize:16;line-height:var(--awb-custom_typography_1-line-height);\">Przegl\u0105d i fakty dotycz\u0105ce LGMD<\/h2><\/div><\/div><\/div><div class=\"fusion-layout-column fusion_builder_column_inner fusion-builder-nested-column-1 fusion_builder_column_inner_1_4 1_4 fusion-flex-column\" style=\"--awb-bg-size:cover;--awb-width-large:25%;--awb-margin-top-large:0px;--awb-spacing-right-large:7.68%;--awb-margin-bottom-large:0px;--awb-spacing-left-large:7.68%;--awb-width-medium:25%;--awb-order-medium:0;--awb-spacing-right-medium:7.68%;--awb-spacing-left-medium:7.68%;--awb-width-small:25%;--awb-order-small:0;--awb-spacing-right-small:7.68%;--awb-spacing-left-small:7.68%;\"><div class=\"fusion-column-wrapper fusion-column-has-shadow fusion-flex-justify-content-flex-start fusion-content-layout-column\"><i class=\"fb-icon-element-1 fb-icon-element fontawesome-icon fa-angle-right fas circle-no\" style=\"--awb-iconcolor:var(--awb-color5);--awb-iconcolor-hover:var(--awb-color4);--awb-font-size:26px;--awb-align-self:flex-end;--awb-margin-top:5px;--awb-margin-right:15px;--awb-margin-bottom:5px;--awb-margin-left:0px;\"><\/i><\/div><\/div><\/div><div class=\"fusion-separator fusion-full-width-sep\" style=\"align-self: center;margin-left: auto;margin-right: auto;margin-top:5px;margin-bottom:5px;width:100%;\"><div class=\"fusion-separator-border sep-single\" style=\"--awb-height:20px;--awb-amount:20px;--awb-sep-color:var(--awb-color1);border-color:var(--awb-color1);border-top-width:1px;\"><\/div><\/div><div class=\"fusion-text fusion-text-2\"><p>Poznaj wszystko, od podstawowych definicji i wp\u0142yw\u00f3w genetycznych, po progresj\u0119 objaw\u00f3w, codzienny wp\u0142yw oraz najnowsze metody leczenia i badania.<\/p>\n<\/div><\/div><\/div><div class=\"fusion-layout-column fusion_builder_column fusion-builder-column-2 fusion_builder_column_1_3 1_3 fusion-flex-column fusion-column-inner-bg-wrapper fusion-column-liftup-border\" style=\"--awb-padding-top:15px;--awb-padding-right:15px;--awb-padding-bottom:5px;--awb-padding-left:15px;--awb-overflow:hidden;--awb-inner-bg-color:var(--awb-color2);--awb-inner-bg-color-hover:var(--awb-color2);--awb-inner-bg-blend:overlay;--awb-inner-bg-size:cover;--awb-inner-bg-box-shadow:0px 0px 1px 1px ;;--awb-border-radius:5px 5px 5px 5px;--awb-liftup-border-radius:5px 5px 5px 5px;--awb-width-large:33.333333333333%;--awb-margin-top-large:20px;--awb-spacing-right-large:5.76%;--awb-margin-bottom-large:20px;--awb-spacing-left-large:5.76%;--awb-width-medium:33.333333333333%;--awb-order-medium:0;--awb-spacing-right-medium:5.76%;--awb-spacing-left-medium:5.76%;--awb-width-small:100%;--awb-order-small:0;--awb-spacing-right-small:1.92%;--awb-spacing-left-small:1.92%;\"><span class=\"fusion-column-inner-bg hover-type-liftup\"><a class=\"fusion-column-anchor\" href=\"\/pl\/knowledge-base\/all-about-lgmd\/glossary\/\"><span class=\"fusion-column-inner-bg-image\"><\/span><\/a><\/span><div class=\"fusion-column-wrapper fusion-flex-justify-content-flex-start fusion-content-layout-column\"><div class=\"fusion-builder-row fusion-builder-row-inner fusion-row fusion-flex-align-items-flex-start fusion-flex-content-wrap\" style=\"width:104% !important;max-width:104% !important;margin-left: calc(-4% \/ 2 );margin-right: calc(-4% \/ 2 );\"><div class=\"fusion-layout-column fusion_builder_column_inner fusion-builder-nested-column-2 fusion_builder_column_inner_3_4 3_4 fusion-flex-column\" style=\"--awb-bg-size:cover;--awb-width-large:75%;--awb-margin-top-large:0px;--awb-spacing-right-large:2.56%;--awb-margin-bottom-large:0px;--awb-spacing-left-large:2.56%;--awb-width-medium:75%;--awb-order-medium:0;--awb-spacing-right-medium:2.56%;--awb-spacing-left-medium:2.56%;--awb-width-small:75%;--awb-order-small:0;--awb-spacing-right-small:2.56%;--awb-spacing-left-small:2.56%;\"><div class=\"fusion-column-wrapper fusion-column-has-shadow fusion-flex-justify-content-flex-start fusion-content-layout-column\"><div class=\"fusion-title title fusion-title-2 fusion-sep-none fusion-title-text fusion-title-size-two\" style=\"--awb-text-color:var(--awb-color5);--awb-margin-bottom:5px;--awb-font-size:var(--awb-custom_typography_1-font-size);\"><h2 class=\"fusion-title-heading title-heading-left fusion-responsive-typography-calculated\" style=\"font-family:var(--awb-custom_typography_1-font-family);font-weight:var(--awb-custom_typography_1-font-weight);font-style:var(--awb-custom_typography_1-font-style);margin:0;font-size:1em;letter-spacing:var(--awb-custom_typography_1-letter-spacing);text-transform:var(--awb-custom_typography_1-text-transform);--fontSize:16;--minFontSize:16;line-height:var(--awb-custom_typography_1-line-height);\">S\u0142owniczek termin\u00f3w<\/h2><\/div><\/div><\/div><div class=\"fusion-layout-column fusion_builder_column_inner fusion-builder-nested-column-3 fusion_builder_column_inner_1_4 1_4 fusion-flex-column\" style=\"--awb-bg-size:cover;--awb-width-large:25%;--awb-margin-top-large:0px;--awb-spacing-right-large:7.68%;--awb-margin-bottom-large:0px;--awb-spacing-left-large:7.68%;--awb-width-medium:25%;--awb-order-medium:0;--awb-spacing-right-medium:7.68%;--awb-spacing-left-medium:7.68%;--awb-width-small:25%;--awb-order-small:0;--awb-spacing-right-small:7.68%;--awb-spacing-left-small:7.68%;\"><div class=\"fusion-column-wrapper fusion-column-has-shadow fusion-flex-justify-content-flex-start fusion-content-layout-column\"><i class=\"fb-icon-element-2 fb-icon-element fontawesome-icon fa-angle-right fas circle-no\" style=\"--awb-iconcolor:var(--awb-color5);--awb-iconcolor-hover:var(--awb-color4);--awb-font-size:26px;--awb-align-self:flex-end;--awb-margin-top:5px;--awb-margin-right:15px;--awb-margin-bottom:5px;--awb-margin-left:0px;\"><\/i><\/div><\/div><\/div><div class=\"fusion-separator fusion-full-width-sep\" style=\"align-self: center;margin-left: auto;margin-right: auto;margin-top:5px;margin-bottom:5px;width:100%;\"><div class=\"fusion-separator-border sep-single\" style=\"--awb-height:20px;--awb-amount:20px;--awb-sep-color:var(--awb-color1);border-color:var(--awb-color1);border-top-width:1px;\"><\/div><\/div><div class=\"fusion-text fusion-text-3\"><p>Zapoznanie si\u0119 ze specjalistycznym s\u0142ownictwem i z\u0142o\u017con\u0105 terminologi\u0105 u\u017cywan\u0105 do zrozumienia i om\u00f3wienia dystrofii mi\u0119\u015bniowej obr\u0119czy ko\u0144czyny dolnej.<\/p>\n<\/div><\/div><\/div><div class=\"fusion-layout-column fusion_builder_column fusion-builder-column-3 fusion_builder_column_1_3 1_3 fusion-flex-column fusion-column-inner-bg-wrapper fusion-column-liftup-border\" style=\"--awb-padding-top:15px;--awb-padding-right:15px;--awb-padding-bottom:5px;--awb-padding-left:15px;--awb-overflow:hidden;--awb-inner-bg-color:var(--awb-color2);--awb-inner-bg-color-hover:var(--awb-color2);--awb-inner-bg-blend:overlay;--awb-inner-bg-size:cover;--awb-inner-bg-box-shadow:0px 0px 1px 1px ;;--awb-border-radius:5px 5px 5px 5px;--awb-liftup-border-radius:5px 5px 5px 5px;--awb-width-large:33.333333333333%;--awb-margin-top-large:20px;--awb-spacing-right-large:5.76%;--awb-margin-bottom-large:20px;--awb-spacing-left-large:5.76%;--awb-width-medium:33.333333333333%;--awb-order-medium:0;--awb-spacing-right-medium:5.76%;--awb-spacing-left-medium:5.76%;--awb-width-small:100%;--awb-order-small:0;--awb-spacing-right-small:1.92%;--awb-spacing-left-small:1.92%;\" data-scroll-devices=\"small-visibility,medium-visibility,large-visibility\"><span class=\"fusion-column-inner-bg hover-type-liftup\"><a class=\"fusion-column-anchor\" href=\"\/pl\/knowledge-base\/lgmd-milestones-a-decade-of-difference\/\"><span class=\"fusion-column-inner-bg-image\"><\/span><\/a><\/span><div class=\"fusion-column-wrapper fusion-flex-justify-content-flex-start fusion-content-layout-column\"><div class=\"fusion-builder-row fusion-builder-row-inner fusion-row fusion-flex-align-items-flex-start fusion-flex-content-wrap\" style=\"width:104% !important;max-width:104% !important;margin-left: calc(-4% \/ 2 );margin-right: calc(-4% \/ 2 );\"><div class=\"fusion-layout-column fusion_builder_column_inner fusion-builder-nested-column-4 fusion_builder_column_inner_3_4 3_4 fusion-flex-column\" style=\"--awb-bg-size:cover;--awb-width-large:75%;--awb-margin-top-large:0px;--awb-spacing-right-large:2.56%;--awb-margin-bottom-large:0px;--awb-spacing-left-large:2.56%;--awb-width-medium:75%;--awb-order-medium:0;--awb-spacing-right-medium:2.56%;--awb-spacing-left-medium:2.56%;--awb-width-small:75%;--awb-order-small:0;--awb-spacing-right-small:2.56%;--awb-spacing-left-small:2.56%;\"><div class=\"fusion-column-wrapper fusion-column-has-shadow fusion-flex-justify-content-flex-start fusion-content-layout-column\"><div class=\"fusion-title title fusion-title-3 fusion-sep-none fusion-title-text fusion-title-size-two\" style=\"--awb-text-color:var(--awb-color5);--awb-margin-bottom:5px;--awb-font-size:var(--awb-custom_typography_1-font-size);\"><h2 class=\"fusion-title-heading title-heading-left fusion-responsive-typography-calculated\" style=\"font-family:var(--awb-custom_typography_1-font-family);font-weight:var(--awb-custom_typography_1-font-weight);font-style:var(--awb-custom_typography_1-font-style);margin:0;font-size:1em;letter-spacing:var(--awb-custom_typography_1-letter-spacing);text-transform:var(--awb-custom_typography_1-text-transform);--fontSize:16;--minFontSize:16;line-height:var(--awb-custom_typography_1-line-height);\">Kamienie milowe LGMD<\/h2><\/div><\/div><\/div><div class=\"fusion-layout-column fusion_builder_column_inner fusion-builder-nested-column-5 fusion_builder_column_inner_1_4 1_4 fusion-flex-column\" style=\"--awb-bg-size:cover;--awb-width-large:25%;--awb-margin-top-large:0px;--awb-spacing-right-large:7.68%;--awb-margin-bottom-large:0px;--awb-spacing-left-large:7.68%;--awb-width-medium:25%;--awb-order-medium:0;--awb-spacing-right-medium:7.68%;--awb-spacing-left-medium:7.68%;--awb-width-small:25%;--awb-order-small:0;--awb-spacing-right-small:7.68%;--awb-spacing-left-small:7.68%;\"><div class=\"fusion-column-wrapper fusion-column-has-shadow fusion-flex-justify-content-flex-start fusion-content-layout-column\"><i class=\"fb-icon-element-3 fb-icon-element fontawesome-icon fa-angle-right fas circle-no\" style=\"--awb-iconcolor:var(--awb-color5);--awb-iconcolor-hover:var(--awb-color4);--awb-font-size:26px;--awb-align-self:flex-end;--awb-margin-top:5px;--awb-margin-right:15px;--awb-margin-bottom:5px;--awb-margin-left:0px;\"><\/i><\/div><\/div><\/div><div class=\"fusion-separator fusion-full-width-sep\" style=\"align-self: center;margin-left: auto;margin-right: auto;margin-top:5px;margin-bottom:5px;width:100%;\"><div class=\"fusion-separator-border sep-single\" style=\"--awb-height:20px;--awb-amount:20px;--awb-sep-color:var(--awb-color1);border-color:var(--awb-color1);border-top-width:1px;\"><\/div><\/div><div class=\"fusion-text fusion-text-4\"><p>Poznaj dekad\u0119 znacz\u0105cych kamieni milowych w walce z dystrofi\u0105 mi\u0119\u015bniow\u0105 ko\u0144czyn dolnych (LGMD).<\/p>\n<\/div><\/div><\/div><\/div><\/div>","protected":false},"excerpt":{"rendered":"","protected":false},"author":1,"featured_media":0,"parent":43,"menu_order":0,"comment_status":"closed","ping_status":"closed","template":"","meta":{"_acf_changed":false,"footnotes":""},"class_list":["post-6498","page","type-page","status-publish","hentry"],"acf":[],"yoast_head":"<!-- This site is optimized with the Yoast SEO plugin v23.9 - https:\/\/yoast.com\/wordpress\/plugins\/seo\/ -->\n<title>All About LGMD - LGMD Awareness Foundation<\/title>\n<meta name=\"robots\" content=\"index, follow, max-snippet:-1, max-image-preview:large, max-video-preview:-1\" \/>\n<link rel=\"canonical\" href=\"https:\/\/www.lgmd-info.org\/pl\/knowledge-base\/all-about-lgmd\/\" \/>\n<meta property=\"og:locale\" content=\"pl_PL\" \/>\n<meta property=\"og:type\" content=\"article\" \/>\n<meta property=\"og:title\" content=\"All About LGMD - LGMD Awareness Foundation\" \/>\n<meta property=\"og:url\" content=\"https:\/\/www.lgmd-info.org\/pl\/knowledge-base\/all-about-lgmd\/\" \/>\n<meta property=\"og:site_name\" content=\"LGMD Awareness Foundation\" \/>\n<meta property=\"article:publisher\" content=\"https:\/\/www.facebook.com\/LGMDawareness\/\" \/>\n<meta property=\"article:modified_time\" content=\"2024-08-09T16:36:09+00:00\" \/>\n<meta property=\"og:image\" content=\"https:\/\/www.lgmd-info.org\/wp-content\/uploads\/2021\/06\/LGMD-Logo_1200X630.png\" \/>\n\t<meta property=\"og:image:width\" content=\"1200\" \/>\n\t<meta property=\"og:image:height\" content=\"630\" \/>\n\t<meta property=\"og:image:type\" content=\"image\/png\" \/>\n<meta name=\"twitter:card\" content=\"summary_large_image\" \/>\n<meta name=\"twitter:site\" content=\"@LgmdAwareness\" \/>\n<meta name=\"twitter:label1\" content=\"Est. reading time\" \/>\n\t<meta name=\"twitter:data1\" content=\"30 minutes\" \/>\n<script type=\"application\/ld+json\" class=\"yoast-schema-graph\">{\"@context\":\"https:\/\/schema.org\",\"@graph\":[{\"@type\":\"WebPage\",\"@id\":\"https:\/\/www.lgmd-info.org\/zh\/knowledge-base\/all-about-lgmd\/\",\"url\":\"https:\/\/www.lgmd-info.org\/zh\/knowledge-base\/all-about-lgmd\/\",\"name\":\"All About LGMD - LGMD Awareness Foundation\",\"isPartOf\":{\"@id\":\"https:\/\/www.lgmd-info.org\/de\/#website\"},\"datePublished\":\"2023-04-18T19:15:20+00:00\",\"dateModified\":\"2024-08-09T16:36:09+00:00\",\"breadcrumb\":{\"@id\":\"https:\/\/www.lgmd-info.org\/zh\/knowledge-base\/all-about-lgmd\/#breadcrumb\"},\"inLanguage\":\"pl-PL\",\"potentialAction\":[{\"@type\":\"ReadAction\",\"target\":[\"https:\/\/www.lgmd-info.org\/zh\/knowledge-base\/all-about-lgmd\/\"]}]},{\"@type\":\"BreadcrumbList\",\"@id\":\"https:\/\/www.lgmd-info.org\/zh\/knowledge-base\/all-about-lgmd\/#breadcrumb\",\"itemListElement\":[{\"@type\":\"ListItem\",\"position\":1,\"name\":\"Home\",\"item\":\"https:\/\/www.lgmd-info.org\/de\/\"},{\"@type\":\"ListItem\",\"position\":2,\"name\":\"Knowledge Base\",\"item\":\"https:\/\/www.lgmd-info.org\/knowledge-base\/\"},{\"@type\":\"ListItem\",\"position\":3,\"name\":\"All About LGMD\"}]},{\"@type\":\"WebSite\",\"@id\":\"https:\/\/www.lgmd-info.org\/de\/#website\",\"url\":\"https:\/\/www.lgmd-info.org\/de\/\",\"name\":\"LGMD Awareness Foundation\",\"description\":\"Information Hub for the LGMD community\",\"publisher\":{\"@id\":\"https:\/\/www.lgmd-info.org\/de\/#organization\"},\"potentialAction\":[{\"@type\":\"SearchAction\",\"target\":{\"@type\":\"EntryPoint\",\"urlTemplate\":\"https:\/\/www.lgmd-info.org\/de\/?s={search_term_string}\"},\"query-input\":{\"@type\":\"PropertyValueSpecification\",\"valueRequired\":true,\"valueName\":\"search_term_string\"}}],\"inLanguage\":\"pl-PL\"},{\"@type\":\"Organization\",\"@id\":\"https:\/\/www.lgmd-info.org\/de\/#organization\",\"name\":\"LGMD Awareness Foundation, Inc.\",\"url\":\"https:\/\/www.lgmd-info.org\/de\/\",\"logo\":{\"@type\":\"ImageObject\",\"inLanguage\":\"pl-PL\",\"@id\":\"https:\/\/www.lgmd-info.org\/de\/#\/schema\/logo\/image\/\",\"url\":\"https:\/\/lgmd-info.org\/wp-content\/uploads\/2021\/02\/LGMD_Logo.png\",\"contentUrl\":\"https:\/\/lgmd-info.org\/wp-content\/uploads\/2021\/02\/LGMD_Logo.png\",\"width\":208,\"height\":61,\"caption\":\"LGMD Awareness Foundation, Inc.\"},\"image\":{\"@id\":\"https:\/\/www.lgmd-info.org\/de\/#\/schema\/logo\/image\/\"},\"sameAs\":[\"https:\/\/www.facebook.com\/LGMDawareness\/\",\"https:\/\/x.com\/LgmdAwareness\",\"https:\/\/www.instagram.com\/lgmdawareness\/\"]}]}<\/script>\n<!-- \/ Yoast SEO plugin. -->","yoast_head_json":{"title":"All About LGMD - LGMD Awareness Foundation","robots":{"index":"index","follow":"follow","max-snippet":"max-snippet:-1","max-image-preview":"max-image-preview:large","max-video-preview":"max-video-preview:-1"},"canonical":"https:\/\/www.lgmd-info.org\/pl\/knowledge-base\/all-about-lgmd\/","og_locale":"pl_PL","og_type":"article","og_title":"All About LGMD - LGMD Awareness Foundation","og_url":"https:\/\/www.lgmd-info.org\/pl\/knowledge-base\/all-about-lgmd\/","og_site_name":"LGMD Awareness Foundation","article_publisher":"https:\/\/www.facebook.com\/LGMDawareness\/","article_modified_time":"2024-08-09T16:36:09+00:00","og_image":[{"width":1200,"height":630,"url":"https:\/\/www.lgmd-info.org\/wp-content\/uploads\/2021\/06\/LGMD-Logo_1200X630.png","type":"image\/png"}],"twitter_card":"summary_large_image","twitter_site":"@LgmdAwareness","twitter_misc":{"Est. reading time":"30 minutes"},"schema":{"@context":"https:\/\/schema.org","@graph":[{"@type":"WebPage","@id":"https:\/\/www.lgmd-info.org\/zh\/knowledge-base\/all-about-lgmd\/","url":"https:\/\/www.lgmd-info.org\/zh\/knowledge-base\/all-about-lgmd\/","name":"All About LGMD - LGMD Awareness Foundation","isPartOf":{"@id":"https:\/\/www.lgmd-info.org\/de\/#website"},"datePublished":"2023-04-18T19:15:20+00:00","dateModified":"2024-08-09T16:36:09+00:00","breadcrumb":{"@id":"https:\/\/www.lgmd-info.org\/zh\/knowledge-base\/all-about-lgmd\/#breadcrumb"},"inLanguage":"pl-PL","potentialAction":[{"@type":"ReadAction","target":["https:\/\/www.lgmd-info.org\/zh\/knowledge-base\/all-about-lgmd\/"]}]},{"@type":"BreadcrumbList","@id":"https:\/\/www.lgmd-info.org\/zh\/knowledge-base\/all-about-lgmd\/#breadcrumb","itemListElement":[{"@type":"ListItem","position":1,"name":"Home","item":"https:\/\/www.lgmd-info.org\/de\/"},{"@type":"ListItem","position":2,"name":"Knowledge Base","item":"https:\/\/www.lgmd-info.org\/knowledge-base\/"},{"@type":"ListItem","position":3,"name":"All About LGMD"}]},{"@type":"WebSite","@id":"https:\/\/www.lgmd-info.org\/de\/#website","url":"https:\/\/www.lgmd-info.org\/de\/","name":"LGMD Awareness Foundation","description":"Information Hub for the LGMD community","publisher":{"@id":"https:\/\/www.lgmd-info.org\/de\/#organization"},"potentialAction":[{"@type":"SearchAction","target":{"@type":"EntryPoint","urlTemplate":"https:\/\/www.lgmd-info.org\/de\/?s={search_term_string}"},"query-input":{"@type":"PropertyValueSpecification","valueRequired":true,"valueName":"search_term_string"}}],"inLanguage":"pl-PL"},{"@type":"Organization","@id":"https:\/\/www.lgmd-info.org\/de\/#organization","name":"LGMD Awareness Foundation, Inc.","url":"https:\/\/www.lgmd-info.org\/de\/","logo":{"@type":"ImageObject","inLanguage":"pl-PL","@id":"https:\/\/www.lgmd-info.org\/de\/#\/schema\/logo\/image\/","url":"https:\/\/lgmd-info.org\/wp-content\/uploads\/2021\/02\/LGMD_Logo.png","contentUrl":"https:\/\/lgmd-info.org\/wp-content\/uploads\/2021\/02\/LGMD_Logo.png","width":208,"height":61,"caption":"LGMD Awareness Foundation, Inc."},"image":{"@id":"https:\/\/www.lgmd-info.org\/de\/#\/schema\/logo\/image\/"},"sameAs":["https:\/\/www.facebook.com\/LGMDawareness\/","https:\/\/x.com\/LgmdAwareness","https:\/\/www.instagram.com\/lgmdawareness\/"]}]}},"_links":{"self":[{"href":"https:\/\/www.lgmd-info.org\/pl\/wp-json\/wp\/v2\/pages\/6498","targetHints":{"allow":["GET"]}}],"collection":[{"href":"https:\/\/www.lgmd-info.org\/pl\/wp-json\/wp\/v2\/pages"}],"about":[{"href":"https:\/\/www.lgmd-info.org\/pl\/wp-json\/wp\/v2\/types\/page"}],"author":[{"embeddable":true,"href":"https:\/\/www.lgmd-info.org\/pl\/wp-json\/wp\/v2\/users\/1"}],"replies":[{"embeddable":true,"href":"https:\/\/www.lgmd-info.org\/pl\/wp-json\/wp\/v2\/comments?post=6498"}],"version-history":[{"count":3,"href":"https:\/\/www.lgmd-info.org\/pl\/wp-json\/wp\/v2\/pages\/6498\/revisions"}],"predecessor-version":[{"id":8546,"href":"https:\/\/www.lgmd-info.org\/pl\/wp-json\/wp\/v2\/pages\/6498\/revisions\/8546"}],"up":[{"embeddable":true,"href":"https:\/\/www.lgmd-info.org\/pl\/wp-json\/wp\/v2\/pages\/43"}],"wp:attachment":[{"href":"https:\/\/www.lgmd-info.org\/pl\/wp-json\/wp\/v2\/media?parent=6498"}],"curies":[{"name":"wp","href":"https:\/\/api.w.org\/{rel}","templated":true}]}}