{"id":91,"date":"2021-02-10T17:49:18","date_gmt":"2021-02-10T17:49:18","guid":{"rendered":"https:\/\/www.lgmd-info.org\/?page_id=91"},"modified":"2025-12-11T17:53:44","modified_gmt":"2025-12-11T17:53:44","slug":"about-lgmd-awareness-day","status":"publish","type":"page","link":"https:\/\/www.lgmd-info.org\/pt\/awareness-day\/about-lgmd-awareness-day\/","title":{"rendered":"Sobre o Dia de Sensibiliza\u00e7\u00e3o para a LGMD"},"content":{"rendered":"<p><div class=\"fusion-fullwidth fullwidth-box fusion-builder-row-1 fusion-flex-container nonhundred-percent-fullwidth non-hundred-percent-height-scrolling\" style=\"--awb-border-radius-top-left:0px;--awb-border-radius-top-right:0px;--awb-border-radius-bottom-right:0px;--awb-border-radius-bottom-left:0px;--awb-flex-wrap:wrap;\" ><div class=\"fusion-builder-row fusion-row fusion-flex-align-items-flex-start fusion-flex-content-wrap\" style=\"max-width:1456px;margin-left: calc(-4% \/ 2 );margin-right: calc(-4% \/ 2 );\"><div class=\"fusion-layout-column fusion_builder_column fusion-builder-column-0 fusion_builder_column_1_4 1_4 fusion-flex-column\" style=\"--awb-bg-size:cover;--awb-width-large:25%;--awb-margin-top-large:0px;--awb-spacing-right-large:7.68%;--awb-margin-bottom-large:20px;--awb-spacing-left-large:7.68%;--awb-width-medium:100%;--awb-order-medium:0;--awb-spacing-right-medium:1.92%;--awb-spacing-left-medium:1.92%;--awb-width-small:100%;--awb-order-small:0;--awb-spacing-right-small:1.92%;--awb-spacing-left-small:1.92%;\"><div class=\"fusion-column-wrapper fusion-column-has-shadow fusion-flex-justify-content-center fusion-content-layout-row\"><div class=\"fusion-image-element\" style=\"--awb-max-width:250px;--awb-caption-title-font-family:var(--h2_typography-font-family);--awb-caption-title-font-weight:var(--h2_typography-font-weight);--awb-caption-title-font-style:var(--h2_typography-font-style);--awb-caption-title-size:var(--h2_typography-font-size);--awb-caption-title-transform:var(--h2_typography-text-transform);--awb-caption-title-line-height:var(--h2_typography-line-height);--awb-caption-title-letter-spacing:var(--h2_typography-letter-spacing);\"><span class=\"fusion-imageframe imageframe-none imageframe-1 hover-type-none\"><img decoding=\"async\" alt=\"Lgmd Logo 1 Color Update 2\" title=\"Atualiza\u00e7\u00e3o de 1 cor do log\u00f3tipo Lgmd 2\" src=\"data:image\/gif;base64,R0lGODlhAQABAAAAACH5BAEKAAEALAAAAAABAAEAAAICTAEAOw==\" data-orig-src=\"https:\/\/www.lgmd-info.org\/wp-content\/uploads\/2023\/10\/LGMD_logo-1-Color-Update-2.jpg\" class=\"lazyload img-responsive wp-image-7616\"\/><\/span><\/div><\/div><\/div><div class=\"fusion-layout-column fusion_builder_column fusion-builder-column-1 fusion_builder_column_3_4 3_4 fusion-flex-column fusion-flex-align-self-stretch\" style=\"--awb-bg-size:cover;--awb-width-large:75%;--awb-margin-top-large:0px;--awb-spacing-right-large:2.56%;--awb-margin-bottom-large:20px;--awb-spacing-left-large:2.56%;--awb-width-medium:100%;--awb-order-medium:2;--awb-spacing-right-medium:1.92%;--awb-margin-bottom-medium:0px;--awb-spacing-left-medium:1.92%;--awb-width-small:100%;--awb-order-small:1;--awb-spacing-right-small:1.92%;--awb-margin-bottom-small:0px;--awb-spacing-left-small:1.92%;\"><div class=\"fusion-column-wrapper fusion-column-has-shadow fusion-flex-justify-content-center fusion-content-layout-column\"><div class=\"fusion-text fusion-text-1\"><p>Limb-Girdle Muscular Dystrophy Awareness Day is an annual collaborative effort to globally raise awareness of individuals living with limb-girdle muscular dystrophy (LGMD). The 12th annual Global \u201cLGMD Awareness Day\u201d will be held on September 30, 2026.<\/p>\n<p>Durante demasiado tempo, a distrofia muscular da cintura escapou \u00e0 aten\u00e7\u00e3o dos investigadores, dos prestadores de cuidados de sa\u00fade e do p\u00fablico em geral. Mesmo muitos doentes que vivem com LGMD t\u00eam um conhecimento limitado do seu diagn\u00f3stico e do processo progressivo da doen\u00e7a.<\/p>\n<p>O nosso objetivo \u00e9 chamar a aten\u00e7\u00e3o a n\u00edvel mundial para este grupo de doen\u00e7as neuromusculares raras, que podem afetar a vida de muitas pessoas desde a inf\u00e2ncia at\u00e9 \u00e0 idade adulta, uma vez que a LGMD ocorre em todas as partes do mundo e em todos os grupos \u00e9tnicos.<\/p>\n<\/div><\/div><\/div><div class=\"fusion-layout-column fusion_builder_column fusion-builder-column-2 fusion_builder_column_1_1 1_1 fusion-flex-column\" style=\"--awb-bg-size:cover;--awb-width-large:100%;--awb-margin-top-large:0px;--awb-spacing-right-large:1.92%;--awb-margin-bottom-large:20px;--awb-spacing-left-large:1.92%;--awb-width-medium:100%;--awb-order-medium:2;--awb-spacing-right-medium:1.92%;--awb-spacing-left-medium:1.92%;--awb-width-small:100%;--awb-order-small:1;--awb-spacing-right-small:1.92%;--awb-spacing-left-small:1.92%;\"><div class=\"fusion-column-wrapper fusion-column-has-shadow fusion-flex-justify-content-flex-start fusion-content-layout-column\"><div class=\"fusion-text fusion-text-2\"><p>H\u00e1 uma grande for\u00e7a na conscientiza\u00e7\u00e3o, compreens\u00e3o e uni\u00e3o. A comunidade LGMD demonstra a conetividade global todos os anos quando fazemos campanhas em conjunto e ganhamos reconhecimento para a distrofia muscular da cintura escapular (LGMD). Com mais de 30 tipos gen\u00e9ticos diferentes de LGMD, o ato de colaborar globalmente torna-nos mais fortes do que alguma vez ser\u00edamos sozinhos.<\/p>\n<p>Convidamos todos os indiv\u00edduos com LGMD, familiares, organiza\u00e7\u00f5es, profissionais de sa\u00fade, investigadores, promotores de medicamentos, organiza\u00e7\u00f5es de sa\u00fade p\u00fablica e qualquer associa\u00e7\u00e3o com interesse em LGMD a juntarem-se e a ajudarem-nos a aumentar a sensibiliza\u00e7\u00e3o para estas doen\u00e7as neuromusculares raras e progressivas.<\/p>\n<p>Quer seja um membro de longa data da comunidade ou um novo membro, a sua participa\u00e7\u00e3o nas nossas actividades do Dia de Sensibiliza\u00e7\u00e3o para a LGMD \u00e9 importante. A consciencializa\u00e7\u00e3o pode espalhar-se muito mais rapidamente se mais indiv\u00edduos, de todas as partes do mundo, partilharem o seu esp\u00edrito remotamente atrav\u00e9s de reposts, shout outs e snaps do autocolante de Sensibiliza\u00e7\u00e3o para a LGMD nas suas plataformas favoritas. H\u00e1 poder na a\u00e7\u00e3o.<\/p>\n<p>Acreditamos que, por meio das m\u00eddias sociais, a participa\u00e7\u00e3o e a conscientiza\u00e7\u00e3o ter\u00e3o um alcance e um impacto mais amplos. Para se manter a par das nossas iniciativas globais e dos componentes educacionais do Dia de Conscientiza\u00e7\u00e3o da LGMD, por favor, junte-se a n\u00f3s no Facebook. Estamos a fornecer publica\u00e7\u00f5es educacionais sobre a LGMD, apresentando \"Entrevistas em Destaque\" sobre a LGMD e publicando informa\u00e7\u00f5es que s\u00e3o pertinentes a toda a comunidade. Juntos, podemos fazer a diferen\u00e7a para aqueles que vivem com a distrofia muscular da cintura escapular.<\/p>\n<\/div><\/div><\/div><\/div><\/div><div class=\"fusion-fullwidth fullwidth-box fusion-builder-row-2 fusion-flex-container has-pattern-background has-mask-background nonhundred-percent-fullwidth non-hundred-percent-height-scrolling\" style=\"--awb-border-radius-top-left:0px;--awb-border-radius-top-right:0px;--awb-border-radius-bottom-right:0px;--awb-border-radius-bottom-left:0px;--awb-flex-wrap:wrap;\" ><div class=\"fusion-builder-row fusion-row fusion-flex-align-items-flex-start fusion-flex-content-wrap\" style=\"max-width:1456px;margin-left: calc(-4% \/ 2 );margin-right: calc(-4% \/ 2 );\"><div class=\"fusion-layout-column fusion_builder_column fusion-builder-column-3 fusion_builder_column_1_1 1_1 fusion-flex-column\" style=\"--awb-overflow:hidden;--awb-bg-color:var(--awb-color4);--awb-bg-color-hover:var(--awb-color4);--awb-bg-size:cover;--awb-box-shadow:0px 0px 4px 0px var(--awb-color2);;--awb-border-radius:5px 5px 5px 5px;--awb-width-large:100%;--awb-margin-top-large:20px;--awb-spacing-right-large:1.92%;--awb-margin-bottom-large:20px;--awb-spacing-left-large:1.92%;--awb-width-medium:100%;--awb-order-medium:0;--awb-spacing-right-medium:1.92%;--awb-spacing-left-medium:1.92%;--awb-width-small:100%;--awb-order-small:0;--awb-spacing-right-small:1.92%;--awb-spacing-left-small:1.92%;\"><div class=\"fusion-column-wrapper fusion-column-has-shadow fusion-flex-justify-content-flex-start fusion-content-layout-column\"><div class=\"fusion-title title fusion-title-1 fusion-sep-none fusion-title-text fusion-title-size-three\" style=\"--awb-text-color:var(--awb-color1);--awb-margin-right:10px;--awb-margin-bottom:10px;--awb-margin-left:15px;--awb-font-size:var(--awb-custom_typography_3-font-size);\"><h3 class=\"fusion-title-heading title-heading-left fusion-responsive-typography-calculated\" style=\"font-family:var(--awb-custom_typography_3-font-family);font-weight:var(--awb-custom_typography_3-font-weight);font-style:var(--awb-custom_typography_3-font-style);margin:0;font-size:1em;letter-spacing:var(--awb-custom_typography_3-letter-spacing);text-transform:var(--awb-custom_typography_3-text-transform);--fontSize:26;--minFontSize:26;line-height:var(--awb-custom_typography_3-line-height);\">TODOS CONVIDADOS A APOIAR O DIA DE SENSIBILIZA\u00c7\u00c3O PARA A LGMD!<\/h3><\/div><div class=\"fusion-separator fusion-full-width-sep\" style=\"align-self: center;margin-left: auto;margin-right: auto;width:100%;\"><div class=\"fusion-separator-border sep-shadow\" style=\"--awb-height:20px;--awb-amount:20px;--awb-sep-color:var(--awb-color1);background:radial-gradient(ellipse at 50% -50% , var(--awb-color1) 0px, rgba(255, 255, 255, 0) 80%) repeat scroll 0 0 rgba(0, 0, 0, 0);background:-webkit-radial-gradient(ellipse at 50% -50% , var(--awb-color1) 0px, rgba(255, 255, 255, 0) 80%) repeat scroll 0 0 rgba(0, 0, 0, 0);background:-moz-radial-gradient(ellipse at 50% -50% , var(--awb-color1) 0px, rgba(255, 255, 255, 0) 80%) repeat scroll 0 0 rgba(0, 0, 0, 0);background:-o-radial-gradient(ellipse at 50% -50% , var(--awb-color1) 0px, rgba(255, 255, 255, 0) 80%) repeat scroll 0 0 rgba(0, 0, 0, 0);\"><\/div><\/div><div class=\"fusion-builder-row fusion-builder-row-inner fusion-row fusion-flex-align-items-flex-start fusion-flex-content-wrap\" style=\"width:104% !important;max-width:104% !important;margin-left: calc(-4% \/ 2 );margin-right: calc(-4% \/ 2 );\"><div class=\"fusion-layout-column fusion_builder_column_inner fusion-builder-nested-column-0 fusion_builder_column_inner_1_1 1_1 fusion-flex-column\" style=\"--awb-padding-top:15px;--awb-padding-right:15px;--awb-padding-bottom:15px;--awb-padding-left:15px;--awb-bg-color:#f2f2f2;--awb-bg-color-hover:#f2f2f2;--awb-bg-size:cover;--awb-width-large:100%;--awb-margin-top-large:0px;--awb-spacing-right-large:1.92%;--awb-margin-bottom-large:0px;--awb-spacing-left-large:1.92%;--awb-width-medium:100%;--awb-order-medium:0;--awb-spacing-right-medium:1.92%;--awb-spacing-left-medium:1.92%;--awb-width-small:100%;--awb-order-small:0;--awb-spacing-right-small:1.92%;--awb-spacing-left-small:1.92%;\"><div class=\"fusion-column-wrapper fusion-column-has-shadow fusion-flex-justify-content-flex-start fusion-content-layout-column\"><div class=\"fusion-title title fusion-title-2 fusion-sep-none fusion-title-text fusion-title-size-paragraph\" style=\"--awb-font-size:var(--awb-custom_typography_6-font-size);\"><p class=\"fusion-title-heading title-heading-left title-heading-tag fusion-responsive-typography-calculated\" style=\"font-family:var(--awb-custom_typography_6-font-family);font-weight:var(--awb-custom_typography_6-font-weight);font-style:var(--awb-custom_typography_6-font-style);margin:0;font-size:1em;letter-spacing:var(--awb-custom_typography_6-letter-spacing);text-transform:var(--awb-custom_typography_6-text-transform);--fontSize:16;--minFontSize:16;line-height:var(--awb-custom_typography_6-line-height);\"><p>Encorajamos a participa\u00e7\u00e3o de indiv\u00edduos, doentes, familiares, organiza\u00e7\u00f5es de doentes, profissionais de sa\u00fade, investigadores, criadores de medicamentos, organiza\u00e7\u00f5es de sa\u00fade p\u00fablica e o p\u00fablico em geral. Quanto mais pessoas participarem, melhor! Como indiv\u00edduos com distrofia muscular das cinturas (LGMD), vivemos em diferentes \u00e1reas geogr\u00e1ficas, falamos diferentes l\u00ednguas e observamos diferentes costumes.<\/p>\n<p>A 30 de setembro, haver\u00e1 uma s\u00e9rie de formas de participar. Globalmente, podemos trabalhar em conjunto para aumentar a consciencializa\u00e7\u00e3o sobre a LGMD atrav\u00e9s da partilha de experi\u00eancias pessoais, materiais educativos e redes sociais. Encorajamo-lo a ser criativo e a encontrar formas de celebrar este evento global na sua regi\u00e3o.<\/p><\/p><\/div><ul style=\"--awb-margin-top:10px;--awb-margin-bottom:10px;--awb-iconcolor:var(--awb-color4);--awb-line-height:27.2px;--awb-icon-width:27.2px;--awb-icon-height:27.2px;--awb-icon-margin:11.2px;--awb-content-margin:38.4px;--awb-circlecolor:rgba(255,255,255,0);--awb-circle-yes-font-size:14.08px;\" class=\"fusion-checklist fusion-checklist-1 fusion-checklist-default type-icons\"><li class=\"fusion-li-item\" style=\"\"><span class=\"icon-wrapper circle-yes\"><i class=\"fusion-li-icon fa-check fas\" aria-hidden=\"true\"><\/i><\/span><div class=\"fusion-li-item-content\">\n<p>Visite o nosso \"<a href=\"https:\/\/www.lgmd-info.org\/pt\/awareness-day\/Initiatives\/\">Iniciativas do Dia da Consciencializa\u00e7\u00e3o<\/a>\" para mais informa\u00e7\u00f5es sobre como promover a sensibiliza\u00e7\u00e3o local na sua comunidade.<\/p>\n<\/div><\/li><li class=\"fusion-li-item\" style=\"\"><span class=\"icon-wrapper circle-yes\"><i class=\"fusion-li-icon fa-check fas\" aria-hidden=\"true\"><\/i><\/span><div class=\"fusion-li-item-content\">\n<p>Visite o nosso \"<a href=\"https:\/\/www.lgmd-info.org\/pt\/awareness-day\/resources\/\">Recursos para o Dia da Consciencializa\u00e7\u00e3o<\/a>\" para descarregar ferramentas promocionais que o ajudar\u00e3o a aumentar a sensibiliza\u00e7\u00e3o para a LGMD.<\/p>\n<\/div><\/li><li class=\"fusion-li-item\" style=\"\"><span class=\"icon-wrapper circle-yes\"><i class=\"fusion-li-icon fa-check fas\" aria-hidden=\"true\"><\/i><\/span><div class=\"fusion-li-item-content\">\n<p>Volunt\u00e1rio para ser apresentado num pr\u00f3ximo \"<a href=\"https:\/\/www.lgmd-info.org\/pt\/spotlights\/\">Entrevista com o LGMD Spotlight<\/a>\"<\/p>\n<\/div><\/li><\/ul><div class=\"fusion-title title fusion-title-3 fusion-sep-none fusion-title-text fusion-title-size-paragraph\" style=\"--awb-font-size:var(--awb-custom_typography_6-font-size);\"><p class=\"fusion-title-heading title-heading-left title-heading-tag fusion-responsive-typography-calculated\" style=\"font-family:var(--awb-custom_typography_6-font-family);font-weight:var(--awb-custom_typography_6-font-weight);font-style:var(--awb-custom_typography_6-font-style);margin:0;font-size:1em;letter-spacing:var(--awb-custom_typography_6-letter-spacing);text-transform:var(--awb-custom_typography_6-text-transform);--fontSize:16;--minFontSize:16;line-height:var(--awb-custom_typography_6-line-height);\">Lembre-se, ao contar a sua hist\u00f3ria e ao partilhar as suas experi\u00eancias, est\u00e1 a ajudar os outros a compreender o que \u00e9 viver com LGMD. Desempenha um papel importante nesta campanha de sensibiliza\u00e7\u00e3o global. Entre em contacto com os rep\u00f3rteres dos meios de comunica\u00e7\u00e3o locais, incluindo TV, r\u00e1dio, jornais, rep\u00f3rteres online e bloggers, e d\u00ea-lhes informa\u00e7\u00f5es sobre o Dia de Sensibiliza\u00e7\u00e3o para a LGMD e a sua hist\u00f3ria em particular.<\/p><\/div><\/div><\/div><\/div><\/div><\/div><\/div><\/div><\/p>","protected":false},"excerpt":{"rendered":"","protected":false},"author":1,"featured_media":5432,"parent":40,"menu_order":0,"comment_status":"closed","ping_status":"closed","template":"","meta":{"_acf_changed":false,"footnotes":""},"class_list":["post-91","page","type-page","status-publish","has-post-thumbnail","hentry"],"acf":[],"yoast_head":"<!-- This site is optimized with the Yoast SEO plugin v23.9 - https:\/\/yoast.com\/wordpress\/plugins\/seo\/ -->\n<title>About LGMD Awareness Day - LGMD Awareness Foundation<\/title>\n<meta name=\"robots\" content=\"index, follow, max-snippet:-1, max-image-preview:large, max-video-preview:-1\" \/>\n<link rel=\"canonical\" href=\"https:\/\/www.lgmd-info.org\/pt\/awareness-day\/about-lgmd-awareness-day\/\" \/>\n<meta property=\"og:locale\" content=\"pt_PT\" \/>\n<meta property=\"og:type\" content=\"article\" \/>\n<meta property=\"og:title\" content=\"About LGMD Awareness Day - LGMD Awareness Foundation\" \/>\n<meta property=\"og:url\" content=\"https:\/\/www.lgmd-info.org\/pt\/awareness-day\/about-lgmd-awareness-day\/\" \/>\n<meta property=\"og:site_name\" content=\"LGMD Awareness Foundation\" \/>\n<meta property=\"article:publisher\" content=\"https:\/\/www.facebook.com\/LGMDawareness\/\" \/>\n<meta property=\"article:modified_time\" content=\"2025-12-11T17:53:44+00:00\" \/>\n<meta property=\"og:image\" content=\"https:\/\/www.lgmd-info.org\/wp-content\/uploads\/2021\/08\/Girdie-transparent-background.png\" \/>\n\t<meta property=\"og:image:width\" content=\"401\" \/>\n\t<meta property=\"og:image:height\" content=\"393\" \/>\n\t<meta property=\"og:image:type\" content=\"image\/png\" \/>\n<meta name=\"twitter:card\" content=\"summary_large_image\" \/>\n<meta name=\"twitter:site\" content=\"@LgmdAwareness\" \/>\n<meta name=\"twitter:label1\" content=\"Est. reading time\" \/>\n\t<meta name=\"twitter:data1\" content=\"5 minutes\" \/>\n<script type=\"application\/ld+json\" class=\"yoast-schema-graph\">{\"@context\":\"https:\/\/schema.org\",\"@graph\":[{\"@type\":\"WebPage\",\"@id\":\"https:\/\/www.lgmd-info.org\/ja\/awareness-day\/about-lgmd-awareness-day\/\",\"url\":\"https:\/\/www.lgmd-info.org\/ja\/awareness-day\/about-lgmd-awareness-day\/\",\"name\":\"About LGMD Awareness Day - LGMD Awareness Foundation\",\"isPartOf\":{\"@id\":\"https:\/\/www.lgmd-info.org\/de\/#website\"},\"primaryImageOfPage\":{\"@id\":\"https:\/\/www.lgmd-info.org\/ja\/awareness-day\/about-lgmd-awareness-day\/#primaryimage\"},\"image\":{\"@id\":\"https:\/\/www.lgmd-info.org\/ja\/awareness-day\/about-lgmd-awareness-day\/#primaryimage\"},\"thumbnailUrl\":\"https:\/\/www.lgmd-info.org\/wp-content\/uploads\/2021\/08\/Girdie-transparent-background.png\",\"datePublished\":\"2021-02-10T17:49:18+00:00\",\"dateModified\":\"2025-12-11T17:53:44+00:00\",\"breadcrumb\":{\"@id\":\"https:\/\/www.lgmd-info.org\/ja\/awareness-day\/about-lgmd-awareness-day\/#breadcrumb\"},\"inLanguage\":\"pt-PT\",\"potentialAction\":[{\"@type\":\"ReadAction\",\"target\":[\"https:\/\/www.lgmd-info.org\/ja\/awareness-day\/about-lgmd-awareness-day\/\"]}]},{\"@type\":\"ImageObject\",\"inLanguage\":\"pt-PT\",\"@id\":\"https:\/\/www.lgmd-info.org\/ja\/awareness-day\/about-lgmd-awareness-day\/#primaryimage\",\"url\":\"https:\/\/www.lgmd-info.org\/wp-content\/uploads\/2021\/08\/Girdie-transparent-background.png\",\"contentUrl\":\"https:\/\/www.lgmd-info.org\/wp-content\/uploads\/2021\/08\/Girdie-transparent-background.png\",\"width\":401,\"height\":393,\"caption\":\"\"},{\"@type\":\"BreadcrumbList\",\"@id\":\"https:\/\/www.lgmd-info.org\/ja\/awareness-day\/about-lgmd-awareness-day\/#breadcrumb\",\"itemListElement\":[{\"@type\":\"ListItem\",\"position\":1,\"name\":\"Home\",\"item\":\"https:\/\/www.lgmd-info.org\/de\/\"},{\"@type\":\"ListItem\",\"position\":2,\"name\":\"Awareness Day\",\"item\":\"https:\/\/www.lgmd-info.org\/ja\/awareness-day\/\"},{\"@type\":\"ListItem\",\"position\":3,\"name\":\"About LGMD Awareness Day\"}]},{\"@type\":\"WebSite\",\"@id\":\"https:\/\/www.lgmd-info.org\/de\/#website\",\"url\":\"https:\/\/www.lgmd-info.org\/de\/\",\"name\":\"LGMD Awareness Foundation\",\"description\":\"Information Hub for the LGMD community\",\"publisher\":{\"@id\":\"https:\/\/www.lgmd-info.org\/de\/#organization\"},\"potentialAction\":[{\"@type\":\"SearchAction\",\"target\":{\"@type\":\"EntryPoint\",\"urlTemplate\":\"https:\/\/www.lgmd-info.org\/de\/?s={search_term_string}\"},\"query-input\":{\"@type\":\"PropertyValueSpecification\",\"valueRequired\":true,\"valueName\":\"search_term_string\"}}],\"inLanguage\":\"pt-PT\"},{\"@type\":\"Organization\",\"@id\":\"https:\/\/www.lgmd-info.org\/de\/#organization\",\"name\":\"LGMD Awareness Foundation, Inc.\",\"url\":\"https:\/\/www.lgmd-info.org\/de\/\",\"logo\":{\"@type\":\"ImageObject\",\"inLanguage\":\"pt-PT\",\"@id\":\"https:\/\/www.lgmd-info.org\/de\/#\/schema\/logo\/image\/\",\"url\":\"https:\/\/lgmd-info.org\/wp-content\/uploads\/2021\/02\/LGMD_Logo.png\",\"contentUrl\":\"https:\/\/lgmd-info.org\/wp-content\/uploads\/2021\/02\/LGMD_Logo.png\",\"width\":208,\"height\":61,\"caption\":\"LGMD Awareness Foundation, Inc.\"},\"image\":{\"@id\":\"https:\/\/www.lgmd-info.org\/de\/#\/schema\/logo\/image\/\"},\"sameAs\":[\"https:\/\/www.facebook.com\/LGMDawareness\/\",\"https:\/\/x.com\/LgmdAwareness\",\"https:\/\/www.instagram.com\/lgmdawareness\/\"]}]}<\/script>\n<!-- \/ Yoast SEO plugin. -->","yoast_head_json":{"title":"About LGMD Awareness Day - LGMD Awareness Foundation","robots":{"index":"index","follow":"follow","max-snippet":"max-snippet:-1","max-image-preview":"max-image-preview:large","max-video-preview":"max-video-preview:-1"},"canonical":"https:\/\/www.lgmd-info.org\/pt\/awareness-day\/about-lgmd-awareness-day\/","og_locale":"pt_PT","og_type":"article","og_title":"About LGMD Awareness Day - LGMD Awareness Foundation","og_url":"https:\/\/www.lgmd-info.org\/pt\/awareness-day\/about-lgmd-awareness-day\/","og_site_name":"LGMD Awareness Foundation","article_publisher":"https:\/\/www.facebook.com\/LGMDawareness\/","article_modified_time":"2025-12-11T17:53:44+00:00","og_image":[{"width":401,"height":393,"url":"https:\/\/www.lgmd-info.org\/wp-content\/uploads\/2021\/08\/Girdie-transparent-background.png","type":"image\/png"}],"twitter_card":"summary_large_image","twitter_site":"@LgmdAwareness","twitter_misc":{"Est. reading time":"5 minutes"},"schema":{"@context":"https:\/\/schema.org","@graph":[{"@type":"WebPage","@id":"https:\/\/www.lgmd-info.org\/ja\/awareness-day\/about-lgmd-awareness-day\/","url":"https:\/\/www.lgmd-info.org\/ja\/awareness-day\/about-lgmd-awareness-day\/","name":"About LGMD Awareness Day - LGMD Awareness Foundation","isPartOf":{"@id":"https:\/\/www.lgmd-info.org\/de\/#website"},"primaryImageOfPage":{"@id":"https:\/\/www.lgmd-info.org\/ja\/awareness-day\/about-lgmd-awareness-day\/#primaryimage"},"image":{"@id":"https:\/\/www.lgmd-info.org\/ja\/awareness-day\/about-lgmd-awareness-day\/#primaryimage"},"thumbnailUrl":"https:\/\/www.lgmd-info.org\/wp-content\/uploads\/2021\/08\/Girdie-transparent-background.png","datePublished":"2021-02-10T17:49:18+00:00","dateModified":"2025-12-11T17:53:44+00:00","breadcrumb":{"@id":"https:\/\/www.lgmd-info.org\/ja\/awareness-day\/about-lgmd-awareness-day\/#breadcrumb"},"inLanguage":"pt-PT","potentialAction":[{"@type":"ReadAction","target":["https:\/\/www.lgmd-info.org\/ja\/awareness-day\/about-lgmd-awareness-day\/"]}]},{"@type":"ImageObject","inLanguage":"pt-PT","@id":"https:\/\/www.lgmd-info.org\/ja\/awareness-day\/about-lgmd-awareness-day\/#primaryimage","url":"https:\/\/www.lgmd-info.org\/wp-content\/uploads\/2021\/08\/Girdie-transparent-background.png","contentUrl":"https:\/\/www.lgmd-info.org\/wp-content\/uploads\/2021\/08\/Girdie-transparent-background.png","width":401,"height":393,"caption":""},{"@type":"BreadcrumbList","@id":"https:\/\/www.lgmd-info.org\/ja\/awareness-day\/about-lgmd-awareness-day\/#breadcrumb","itemListElement":[{"@type":"ListItem","position":1,"name":"Home","item":"https:\/\/www.lgmd-info.org\/de\/"},{"@type":"ListItem","position":2,"name":"Awareness Day","item":"https:\/\/www.lgmd-info.org\/ja\/awareness-day\/"},{"@type":"ListItem","position":3,"name":"About LGMD Awareness Day"}]},{"@type":"WebSite","@id":"https:\/\/www.lgmd-info.org\/de\/#website","url":"https:\/\/www.lgmd-info.org\/de\/","name":"LGMD Awareness Foundation","description":"Information Hub for the LGMD community","publisher":{"@id":"https:\/\/www.lgmd-info.org\/de\/#organization"},"potentialAction":[{"@type":"SearchAction","target":{"@type":"EntryPoint","urlTemplate":"https:\/\/www.lgmd-info.org\/de\/?s={search_term_string}"},"query-input":{"@type":"PropertyValueSpecification","valueRequired":true,"valueName":"search_term_string"}}],"inLanguage":"pt-PT"},{"@type":"Organization","@id":"https:\/\/www.lgmd-info.org\/de\/#organization","name":"LGMD Awareness Foundation, Inc.","url":"https:\/\/www.lgmd-info.org\/de\/","logo":{"@type":"ImageObject","inLanguage":"pt-PT","@id":"https:\/\/www.lgmd-info.org\/de\/#\/schema\/logo\/image\/","url":"https:\/\/lgmd-info.org\/wp-content\/uploads\/2021\/02\/LGMD_Logo.png","contentUrl":"https:\/\/lgmd-info.org\/wp-content\/uploads\/2021\/02\/LGMD_Logo.png","width":208,"height":61,"caption":"LGMD Awareness Foundation, Inc."},"image":{"@id":"https:\/\/www.lgmd-info.org\/de\/#\/schema\/logo\/image\/"},"sameAs":["https:\/\/www.facebook.com\/LGMDawareness\/","https:\/\/x.com\/LgmdAwareness","https:\/\/www.instagram.com\/lgmdawareness\/"]}]}},"_links":{"self":[{"href":"https:\/\/www.lgmd-info.org\/pt\/wp-json\/wp\/v2\/pages\/91","targetHints":{"allow":["GET"]}}],"collection":[{"href":"https:\/\/www.lgmd-info.org\/pt\/wp-json\/wp\/v2\/pages"}],"about":[{"href":"https:\/\/www.lgmd-info.org\/pt\/wp-json\/wp\/v2\/types\/page"}],"author":[{"embeddable":true,"href":"https:\/\/www.lgmd-info.org\/pt\/wp-json\/wp\/v2\/users\/1"}],"replies":[{"embeddable":true,"href":"https:\/\/www.lgmd-info.org\/pt\/wp-json\/wp\/v2\/comments?post=91"}],"version-history":[{"count":2,"href":"https:\/\/www.lgmd-info.org\/pt\/wp-json\/wp\/v2\/pages\/91\/revisions"}],"predecessor-version":[{"id":9332,"href":"https:\/\/www.lgmd-info.org\/pt\/wp-json\/wp\/v2\/pages\/91\/revisions\/9332"}],"up":[{"embeddable":true,"href":"https:\/\/www.lgmd-info.org\/pt\/wp-json\/wp\/v2\/pages\/40"}],"wp:featuredmedia":[{"embeddable":true,"href":"https:\/\/www.lgmd-info.org\/pt\/wp-json\/wp\/v2\/media\/5432"}],"wp:attachment":[{"href":"https:\/\/www.lgmd-info.org\/pt\/wp-json\/wp\/v2\/media?parent=91"}],"curies":[{"name":"wp","href":"https:\/\/api.w.org\/{rel}","templated":true}]}}