{"id":44,"date":"2021-02-10T16:14:48","date_gmt":"2021-02-10T16:14:48","guid":{"rendered":"https:\/\/www.lgmd-info.org\/?page_id=44"},"modified":"2024-06-21T15:10:53","modified_gmt":"2024-06-21T15:10:53","slug":"donate","status":"publish","type":"page","link":"https:\/\/www.lgmd-info.org\/tr\/donate\/","title":{"rendered":"Ba\u011f\u0131\u015f Yap\u0131n"},"content":{"rendered":"<p><div class=\"fusion-fullwidth fullwidth-box fusion-builder-row-1 fusion-flex-container has-pattern-background has-mask-background nonhundred-percent-fullwidth non-hundred-percent-height-scrolling\" style=\"--awb-border-radius-top-left:0px;--awb-border-radius-top-right:0px;--awb-border-radius-bottom-right:0px;--awb-border-radius-bottom-left:0px;--awb-flex-wrap:wrap;\" ><div class=\"fusion-builder-row fusion-row fusion-flex-align-items-center fusion-flex-content-wrap\" style=\"max-width:1456px;margin-left: calc(-4% \/ 2 );margin-right: calc(-4% \/ 2 );\"><div class=\"fusion-layout-column fusion_builder_column fusion-builder-column-0 fusion_builder_column_4_5 4_5 fusion-flex-column\" style=\"--awb-bg-size:cover;--awb-width-large:80%;--awb-margin-top-large:0px;--awb-spacing-right-large:2.4%;--awb-margin-bottom-large:20px;--awb-spacing-left-large:2.4%;--awb-width-medium:80%;--awb-order-medium:0;--awb-spacing-right-medium:2.4%;--awb-spacing-left-medium:2.4%;--awb-width-small:100%;--awb-order-small:0;--awb-spacing-right-small:1.92%;--awb-spacing-left-small:1.92%;\"><div class=\"fusion-column-wrapper fusion-column-has-shadow fusion-flex-justify-content-flex-start fusion-content-layout-column\"><div class=\"fusion-text fusion-text-1\" style=\"--awb-font-size:var(--awb-typography1-font-size);--awb-line-height:var(--awb-typography1-line-height);--awb-letter-spacing:var(--awb-typography1-letter-spacing);--awb-text-transform:var(--awb-typography1-text-transform);--awb-text-font-family:var(--awb-typography1-font-family);--awb-text-font-weight:var(--awb-typography1-font-weight);--awb-text-font-style:var(--awb-typography1-font-style);\"><p>\u00c7abalar\u0131m\u0131z\u0131 Desteklemeye Yard\u0131mc\u0131 Olun<\/p>\n<\/div><div class=\"fusion-text fusion-text-2\"><p>Ekstremite ku\u015fa\u011f\u0131 kas distrofisi (LGMD) ve bu nadir hastal\u0131kla ya\u015fayan bireyler hakk\u0131nda k\u00fcresel d\u00fczeyde fark\u0131ndal\u0131k yaratma \u00e7abalar\u0131m\u0131za destek olun.<\/p>\n<p>Vergiden d\u00fc\u015f\u00fclebilir bir katk\u0131da bulunmay\u0131 d\u00fc\u015f\u00fcnd\u00fc\u011f\u00fcn\u00fcz i\u00e7in \u00e7ok te\u015fekk\u00fcr ederiz.<\/p>\n<\/div><\/div><\/div><div class=\"fusion-layout-column fusion_builder_column fusion-builder-column-1 fusion_builder_column_1_5 1_5 fusion-flex-column\" style=\"--awb-bg-size:cover;--awb-width-large:20%;--awb-margin-top-large:0px;--awb-spacing-right-large:9.6%;--awb-margin-bottom-large:20px;--awb-spacing-left-large:9.6%;--awb-width-medium:20%;--awb-order-medium:0;--awb-spacing-right-medium:9.6%;--awb-spacing-left-medium:9.6%;--awb-width-small:100%;--awb-order-small:0;--awb-spacing-right-small:1.92%;--awb-spacing-left-small:1.92%;\"><div class=\"fusion-column-wrapper fusion-column-has-shadow fusion-flex-justify-content-flex-start fusion-content-layout-column\"><div class=\"fusion-image-element\" style=\"text-align:right;--awb-caption-title-font-family:var(--h2_typography-font-family);--awb-caption-title-font-weight:var(--h2_typography-font-weight);--awb-caption-title-font-style:var(--h2_typography-font-style);--awb-caption-title-size:var(--h2_typography-font-size);--awb-caption-title-transform:var(--h2_typography-text-transform);--awb-caption-title-line-height:var(--h2_typography-line-height);--awb-caption-title-letter-spacing:var(--h2_typography-letter-spacing);\"><span class=\"fusion-imageframe imageframe-none imageframe-1 hover-type-none\"><a class=\"fusion-no-lightbox\" href=\"https:\/\/www.guidestar.org\/profile\/shared\/f4cf0510-5aa3-4e39-b210-21ff7baf7f7f\" target=\"_blank\" aria-label=\"Guidestar alt\u0131n m\u00fchr\u00fc\" rel=\"noopener noreferrer\"><img decoding=\"async\" width=\"200\" height=\"200\" alt=\"Guidestar gold seal\" src=\"data:image\/svg+xml,%3Csvg%20xmlns%3D%27http%3A%2F%2Fwww.w3.org%2F2000%2Fsvg%27%20width%3D%27200%27%20height%3D%27200%27%20viewBox%3D%270%200%20200%20200%27%3E%3Crect%20width%3D%27200%27%20height%3D%27200%27%20fill-opacity%3D%220%22%2F%3E%3C%2Fsvg%3E\" data-orig-src=\"https:\/\/www.lgmd-info.org\/wp-content\/uploads\/2021\/02\/GuidestarGoldSeal-9912371.png\" class=\"lazyload img-responsive wp-image-8344\"\/><\/a><\/span><\/div><\/div><\/div><\/div><\/div><div class=\"fusion-fullwidth fullwidth-box fusion-builder-row-2 fusion-flex-container has-pattern-background has-mask-background nonhundred-percent-fullwidth non-hundred-percent-height-scrolling\" style=\"--awb-border-radius-top-left:0px;--awb-border-radius-top-right:0px;--awb-border-radius-bottom-right:0px;--awb-border-radius-bottom-left:0px;--awb-flex-wrap:wrap;\" ><div class=\"fusion-builder-row fusion-row fusion-flex-align-items-flex-start fusion-flex-content-wrap\" style=\"max-width:1456px;margin-left: calc(-4% \/ 2 );margin-right: calc(-4% \/ 2 );\"><div class=\"fusion-layout-column fusion_builder_column fusion-builder-column-2 fusion_builder_column_1_1 1_1 fusion-flex-column\" style=\"--awb-overflow:hidden;--awb-bg-color:var(--awb-color4);--awb-bg-color-hover:var(--awb-color4);--awb-bg-size:cover;--awb-box-shadow:0px 0px 4px 0px var(--awb-color2);;--awb-border-radius:5px 5px 5px 5px;--awb-width-large:100%;--awb-margin-top-large:20px;--awb-spacing-right-large:1.92%;--awb-margin-bottom-large:20px;--awb-spacing-left-large:1.92%;--awb-width-medium:100%;--awb-order-medium:0;--awb-spacing-right-medium:1.92%;--awb-spacing-left-medium:1.92%;--awb-width-small:100%;--awb-order-small:0;--awb-spacing-right-small:1.92%;--awb-spacing-left-small:1.92%;\"><div class=\"fusion-column-wrapper fusion-column-has-shadow fusion-flex-justify-content-flex-start fusion-content-layout-column\"><div class=\"fusion-title title fusion-title-1 fusion-sep-none fusion-title-text fusion-title-size-three\" style=\"--awb-text-color:var(--awb-color1);--awb-margin-right:10px;--awb-margin-bottom:10px;--awb-margin-left:15px;--awb-font-size:24px;\"><h3 class=\"fusion-title-heading title-heading-left fusion-responsive-typography-calculated\" style=\"font-family:&quot;Arvo&quot;;font-style:normal;font-weight:400;margin:0;font-size:1em;letter-spacing:;text-transform:uppercase;--fontSize:24;--minFontSize:24;line-height:1.5;\">Bug\u00fcn Ba\u011f\u0131\u015f Yap\u0131n<\/h3><\/div><div class=\"fusion-separator fusion-full-width-sep\" style=\"align-self: center;margin-left: auto;margin-right: auto;width:100%;\"><div class=\"fusion-separator-border sep-shadow\" style=\"--awb-height:20px;--awb-amount:20px;--awb-sep-color:var(--awb-color1);background:radial-gradient(ellipse at 50% -50% , var(--awb-color1) 0px, rgba(255, 255, 255, 0) 80%) repeat scroll 0 0 rgba(0, 0, 0, 0);background:-webkit-radial-gradient(ellipse at 50% -50% , var(--awb-color1) 0px, rgba(255, 255, 255, 0) 80%) repeat scroll 0 0 rgba(0, 0, 0, 0);background:-moz-radial-gradient(ellipse at 50% -50% , var(--awb-color1) 0px, rgba(255, 255, 255, 0) 80%) repeat scroll 0 0 rgba(0, 0, 0, 0);background:-o-radial-gradient(ellipse at 50% -50% , var(--awb-color1) 0px, rgba(255, 255, 255, 0) 80%) repeat scroll 0 0 rgba(0, 0, 0, 0);\"><\/div><\/div><div class=\"fusion-builder-row fusion-builder-row-inner fusion-row fusion-flex-align-items-flex-start fusion-flex-content-wrap\" style=\"width:104% !important;max-width:104% !important;margin-left: calc(-4% \/ 2 );margin-right: calc(-4% \/ 2 );\"><div class=\"fusion-layout-column fusion_builder_column_inner fusion-builder-nested-column-0 fusion_builder_column_inner_1_1 1_1 fusion-flex-column\" style=\"--awb-padding-top:15px;--awb-padding-right:15px;--awb-padding-bottom:15px;--awb-padding-left:15px;--awb-bg-color:#f2f2f2;--awb-bg-color-hover:#f2f2f2;--awb-bg-size:cover;--awb-width-large:100%;--awb-margin-top-large:0px;--awb-spacing-right-large:1.92%;--awb-margin-bottom-large:0px;--awb-spacing-left-large:1.92%;--awb-width-medium:100%;--awb-order-medium:0;--awb-spacing-right-medium:1.92%;--awb-spacing-left-medium:1.92%;--awb-width-small:100%;--awb-order-small:0;--awb-spacing-right-small:1.92%;--awb-spacing-left-small:1.92%;\"><div class=\"fusion-column-wrapper fusion-column-has-shadow fusion-flex-justify-content-flex-start fusion-content-layout-column\"><div class=\"fusion-text fusion-text-3 fusion-text-no-margin\" style=\"--awb-font-size:var(--awb-custom_typography_6-font-size);--awb-line-height:var(--awb-custom_typography_6-line-height);--awb-letter-spacing:var(--awb-custom_typography_6-letter-spacing);--awb-text-transform:var(--awb-custom_typography_6-text-transform);--awb-margin-top:10px;--awb-margin-bottom:10px;--awb-text-font-family:var(--awb-custom_typography_6-font-family);--awb-text-font-weight:var(--awb-custom_typography_6-font-weight);--awb-text-font-style:var(--awb-custom_typography_6-font-style);\"><p style=\"text-align: left;\">Bu sitede toplanan ba\u011f\u0131\u015flar do\u011frudan savunuculuk \u00e7abalar\u0131m\u0131z\u0131 ilerletmek i\u00e7in kullan\u0131lacakt\u0131r. Ekstremite ku\u015fa\u011f\u0131 kas distrofisi ile ya\u015fayan bireyler hakk\u0131nda fark\u0131ndal\u0131\u011f\u0131 art\u0131rarak ve onlar\u0131 savunarak, bu ilerleyici zay\u0131flat\u0131c\u0131 hastal\u0131kla ya\u015fayan bireylerin d\u00fcnya \u00e7ap\u0131nda tan\u0131, bak\u0131m ve tedaviye daha kolay eri\u015fmelerini umuyoruz.<\/p>\n<p style=\"text-align: left;\"><strong>\u00c7ekler \u015fu adrese \u00f6denebilir:<\/strong><br \/>\nLGMD Fark\u0131ndal\u0131k Vakf\u0131, Inc.<br \/>\n638 Kennedy Drive<br \/>\nTwin Lakes, Wisconsin 53181 ABD<\/p>\n<p style=\"text-align: left;\"><em>LGMD Awareness Foundation, Inc. (EIN: 85-1504937) vergiden muaf 501 (c)(3) kamu yard\u0131m kurulu\u015fudur. Bu nedenle, t\u00fcm ba\u011f\u0131\u015flar tamamen vergiden d\u00fc\u015f\u00fclebilir.<\/em><\/p>\n<\/div><div ><a class=\"fusion-button button-flat fusion-button-default-size button-default fusion-button-default button-1 fusion-button-default-span fusion-button-default-type\" style=\"--button_margin-top:10px;--button_margin-right:10px;\" target=\"_blank\" rel=\"noopener noreferrer\" href=\"https:\/\/www.paypal.com\/cgi-bin\/webscr?cmd=_s-xclick&amp;hosted_button_id=UXWA6PY2G9E4Y&amp;source=url\"><span class=\"fusion-button-text\">ONLINE BA\u011eI\u015e YAPMAK I\u00c7IN BURAYA TIKLAYIN<\/span><\/a><\/div><div ><a class=\"fusion-button button-flat fusion-button-default-size button-default fusion-button-default button-2 fusion-button-default-span fusion-button-default-type\" style=\"--button_margin-top:10px;--button_margin-right:10px;\" target=\"_blank\" rel=\"noopener noreferrer\" href=\"https:\/\/lgmd-info.org\/wp-content\/uploads\/2020\/09\/IRS-Determination-Letter.pdf\"><span class=\"fusion-button-text\">IRS TESPIT MEKTUBUNU INDIR<\/span><\/a><\/div><\/div><\/div><\/div><\/div><\/div><\/div><\/div><\/p>","protected":false},"excerpt":{"rendered":"","protected":false},"author":1,"featured_media":0,"parent":0,"menu_order":0,"comment_status":"closed","ping_status":"closed","template":"","meta":{"_acf_changed":false,"footnotes":""},"class_list":["post-44","page","type-page","status-publish","hentry"],"acf":[],"yoast_head":"<!-- This site is optimized with the Yoast SEO plugin v23.9 - https:\/\/yoast.com\/wordpress\/plugins\/seo\/ -->\n<title>Donate - LGMD Awareness Foundation<\/title>\n<meta name=\"robots\" content=\"index, follow, max-snippet:-1, max-image-preview:large, max-video-preview:-1\" \/>\n<link rel=\"canonical\" href=\"https:\/\/www.lgmd-info.org\/tr\/donate\/\" \/>\n<meta property=\"og:locale\" content=\"tr_TR\" \/>\n<meta property=\"og:type\" content=\"article\" \/>\n<meta property=\"og:title\" content=\"Donate - LGMD Awareness Foundation\" \/>\n<meta property=\"og:url\" content=\"https:\/\/www.lgmd-info.org\/tr\/donate\/\" \/>\n<meta property=\"og:site_name\" content=\"LGMD Awareness Foundation\" \/>\n<meta property=\"article:publisher\" content=\"https:\/\/www.facebook.com\/LGMDawareness\/\" \/>\n<meta property=\"article:modified_time\" content=\"2024-06-21T15:10:53+00:00\" \/>\n<meta property=\"og:image\" content=\"https:\/\/www.lgmd-info.org\/wp-content\/uploads\/2021\/06\/LGMD-Logo_1200X630.png\" \/>\n\t<meta property=\"og:image:width\" content=\"1200\" \/>\n\t<meta property=\"og:image:height\" content=\"630\" \/>\n\t<meta property=\"og:image:type\" content=\"image\/png\" \/>\n<meta name=\"twitter:card\" content=\"summary_large_image\" \/>\n<meta name=\"twitter:site\" content=\"@LgmdAwareness\" \/>\n<meta name=\"twitter:label1\" content=\"Est. reading time\" \/>\n\t<meta name=\"twitter:data1\" content=\"5 minutes\" \/>\n<script type=\"application\/ld+json\" class=\"yoast-schema-graph\">{\"@context\":\"https:\/\/schema.org\",\"@graph\":[{\"@type\":\"WebPage\",\"@id\":\"https:\/\/www.lgmd-info.org\/de\/donate\/\",\"url\":\"https:\/\/www.lgmd-info.org\/de\/donate\/\",\"name\":\"Donate - LGMD Awareness Foundation\",\"isPartOf\":{\"@id\":\"https:\/\/www.lgmd-info.org\/de\/#website\"},\"datePublished\":\"2021-02-10T16:14:48+00:00\",\"dateModified\":\"2024-06-21T15:10:53+00:00\",\"breadcrumb\":{\"@id\":\"https:\/\/www.lgmd-info.org\/de\/donate\/#breadcrumb\"},\"inLanguage\":\"tr-TR\",\"potentialAction\":[{\"@type\":\"ReadAction\",\"target\":[\"https:\/\/www.lgmd-info.org\/de\/donate\/\"]}]},{\"@type\":\"BreadcrumbList\",\"@id\":\"https:\/\/www.lgmd-info.org\/de\/donate\/#breadcrumb\",\"itemListElement\":[{\"@type\":\"ListItem\",\"position\":1,\"name\":\"Home\",\"item\":\"https:\/\/www.lgmd-info.org\/de\/\"},{\"@type\":\"ListItem\",\"position\":2,\"name\":\"Donate\"}]},{\"@type\":\"WebSite\",\"@id\":\"https:\/\/www.lgmd-info.org\/de\/#website\",\"url\":\"https:\/\/www.lgmd-info.org\/de\/\",\"name\":\"LGMD Awareness Foundation\",\"description\":\"Information Hub for the LGMD community\",\"publisher\":{\"@id\":\"https:\/\/www.lgmd-info.org\/de\/#organization\"},\"potentialAction\":[{\"@type\":\"SearchAction\",\"target\":{\"@type\":\"EntryPoint\",\"urlTemplate\":\"https:\/\/www.lgmd-info.org\/de\/?s={search_term_string}\"},\"query-input\":{\"@type\":\"PropertyValueSpecification\",\"valueRequired\":true,\"valueName\":\"search_term_string\"}}],\"inLanguage\":\"tr-TR\"},{\"@type\":\"Organization\",\"@id\":\"https:\/\/www.lgmd-info.org\/de\/#organization\",\"name\":\"LGMD Awareness Foundation, Inc.\",\"url\":\"https:\/\/www.lgmd-info.org\/de\/\",\"logo\":{\"@type\":\"ImageObject\",\"inLanguage\":\"tr-TR\",\"@id\":\"https:\/\/www.lgmd-info.org\/de\/#\/schema\/logo\/image\/\",\"url\":\"https:\/\/lgmd-info.org\/wp-content\/uploads\/2021\/02\/LGMD_Logo.png\",\"contentUrl\":\"https:\/\/lgmd-info.org\/wp-content\/uploads\/2021\/02\/LGMD_Logo.png\",\"width\":208,\"height\":61,\"caption\":\"LGMD Awareness Foundation, Inc.\"},\"image\":{\"@id\":\"https:\/\/www.lgmd-info.org\/de\/#\/schema\/logo\/image\/\"},\"sameAs\":[\"https:\/\/www.facebook.com\/LGMDawareness\/\",\"https:\/\/x.com\/LgmdAwareness\",\"https:\/\/www.instagram.com\/lgmdawareness\/\"]}]}<\/script>\n<!-- \/ Yoast SEO plugin. -->","yoast_head_json":{"title":"Donate - LGMD Awareness Foundation","robots":{"index":"index","follow":"follow","max-snippet":"max-snippet:-1","max-image-preview":"max-image-preview:large","max-video-preview":"max-video-preview:-1"},"canonical":"https:\/\/www.lgmd-info.org\/tr\/donate\/","og_locale":"tr_TR","og_type":"article","og_title":"Donate - LGMD Awareness Foundation","og_url":"https:\/\/www.lgmd-info.org\/tr\/donate\/","og_site_name":"LGMD Awareness Foundation","article_publisher":"https:\/\/www.facebook.com\/LGMDawareness\/","article_modified_time":"2024-06-21T15:10:53+00:00","og_image":[{"width":1200,"height":630,"url":"https:\/\/www.lgmd-info.org\/wp-content\/uploads\/2021\/06\/LGMD-Logo_1200X630.png","type":"image\/png"}],"twitter_card":"summary_large_image","twitter_site":"@LgmdAwareness","twitter_misc":{"Est. reading time":"5 minutes"},"schema":{"@context":"https:\/\/schema.org","@graph":[{"@type":"WebPage","@id":"https:\/\/www.lgmd-info.org\/de\/donate\/","url":"https:\/\/www.lgmd-info.org\/de\/donate\/","name":"Donate - LGMD Awareness Foundation","isPartOf":{"@id":"https:\/\/www.lgmd-info.org\/de\/#website"},"datePublished":"2021-02-10T16:14:48+00:00","dateModified":"2024-06-21T15:10:53+00:00","breadcrumb":{"@id":"https:\/\/www.lgmd-info.org\/de\/donate\/#breadcrumb"},"inLanguage":"tr-TR","potentialAction":[{"@type":"ReadAction","target":["https:\/\/www.lgmd-info.org\/de\/donate\/"]}]},{"@type":"BreadcrumbList","@id":"https:\/\/www.lgmd-info.org\/de\/donate\/#breadcrumb","itemListElement":[{"@type":"ListItem","position":1,"name":"Home","item":"https:\/\/www.lgmd-info.org\/de\/"},{"@type":"ListItem","position":2,"name":"Donate"}]},{"@type":"WebSite","@id":"https:\/\/www.lgmd-info.org\/de\/#website","url":"https:\/\/www.lgmd-info.org\/de\/","name":"LGMD Awareness Foundation","description":"Information Hub for the LGMD community","publisher":{"@id":"https:\/\/www.lgmd-info.org\/de\/#organization"},"potentialAction":[{"@type":"SearchAction","target":{"@type":"EntryPoint","urlTemplate":"https:\/\/www.lgmd-info.org\/de\/?s={search_term_string}"},"query-input":{"@type":"PropertyValueSpecification","valueRequired":true,"valueName":"search_term_string"}}],"inLanguage":"tr-TR"},{"@type":"Organization","@id":"https:\/\/www.lgmd-info.org\/de\/#organization","name":"LGMD Awareness Foundation, Inc.","url":"https:\/\/www.lgmd-info.org\/de\/","logo":{"@type":"ImageObject","inLanguage":"tr-TR","@id":"https:\/\/www.lgmd-info.org\/de\/#\/schema\/logo\/image\/","url":"https:\/\/lgmd-info.org\/wp-content\/uploads\/2021\/02\/LGMD_Logo.png","contentUrl":"https:\/\/lgmd-info.org\/wp-content\/uploads\/2021\/02\/LGMD_Logo.png","width":208,"height":61,"caption":"LGMD Awareness Foundation, Inc."},"image":{"@id":"https:\/\/www.lgmd-info.org\/de\/#\/schema\/logo\/image\/"},"sameAs":["https:\/\/www.facebook.com\/LGMDawareness\/","https:\/\/x.com\/LgmdAwareness","https:\/\/www.instagram.com\/lgmdawareness\/"]}]}},"_links":{"self":[{"href":"https:\/\/www.lgmd-info.org\/tr\/wp-json\/wp\/v2\/pages\/44","targetHints":{"allow":["GET"]}}],"collection":[{"href":"https:\/\/www.lgmd-info.org\/tr\/wp-json\/wp\/v2\/pages"}],"about":[{"href":"https:\/\/www.lgmd-info.org\/tr\/wp-json\/wp\/v2\/types\/page"}],"author":[{"embeddable":true,"href":"https:\/\/www.lgmd-info.org\/tr\/wp-json\/wp\/v2\/users\/1"}],"replies":[{"embeddable":true,"href":"https:\/\/www.lgmd-info.org\/tr\/wp-json\/wp\/v2\/comments?post=44"}],"version-history":[{"count":1,"href":"https:\/\/www.lgmd-info.org\/tr\/wp-json\/wp\/v2\/pages\/44\/revisions"}],"predecessor-version":[{"id":8347,"href":"https:\/\/www.lgmd-info.org\/tr\/wp-json\/wp\/v2\/pages\/44\/revisions\/8347"}],"wp:attachment":[{"href":"https:\/\/www.lgmd-info.org\/tr\/wp-json\/wp\/v2\/media?parent=44"}],"curies":[{"name":"wp","href":"https:\/\/api.w.org\/{rel}","templated":true}]}}